{"id":2713,"date":"2022-03-04T09:26:28","date_gmt":"2022-03-04T09:26:28","guid":{"rendered":"https:\/\/synergy.com.es\/?page_id=2713"},"modified":"2022-10-14T07:46:30","modified_gmt":"2022-10-14T07:46:30","slug":"avis-legal","status":"publish","type":"page","link":"https:\/\/synergy.com.es\/ca\/aviso-legal\/","title":{"rendered":"Av\u00eds Legal"},"content":{"rendered":"<div class=\"wp-block-columns container is-layout-flex wp-container-core-columns-is-layout-28f84493 wp-block-columns-is-layout-flex\">\n<div class=\"wp-block-column is-layout-flow wp-block-column-is-layout-flow\">\n<div style=\"height:100px\" aria-hidden=\"true\" class=\"wp-block-spacer\"><\/div>\n\n\n\n<p>D&#039;acord amb la llei 34\/2002 de &#034;Serveis de la societat de la comunicaci\u00f3 i del comer\u00e7,&#034; en vigor des de juliol 11, 2002, informem que aquesta p\u00e0gina web pertany a:<\/p>\n\n\n\n<p><strong><em>Hutchison Log\u00edstica synergy, SA, d&#039;ara endavant, la synergy<\/em><\/strong><br><em>NIF:&nbsp;<\/em><strong><em>A-66482894 Avda Estany del Port cap. 91<\/em><\/strong><br><strong><em>08820 El Prat de Llobregat (BARCELONA)<\/em><br><em>ESPANYA<\/em><\/strong><br><em>Tel\u00e8fon:&nbsp;<\/em><strong><em>0034 935 084 443<\/em><\/strong><br><em>Fax:&nbsp;<\/em><strong><em>0034 935 084 441<\/em><\/strong><br><em>E-mail:&nbsp; &nbsp;<\/em><strong><em>hello@synergy.com.es<\/em><\/strong><br><br><strong>Detalls legals:<\/strong>&nbsp;Aquesta entitat es troba inscrita en el registre Mercantil de Barcelona, Volum 4467804, Foli 126, Full 1.<\/p>\n\n\n\n<p><strong>Condicions d&#039;\u00fas del lloc web<\/strong><\/p>\n\n\n\n<p>L&#039;\u00fas d&#039;aquest lloc web est\u00e0 subjecte a les normes que s&#039;enumeren a continuaci\u00f3. Si us plau, llegiu-les amb deteniment.<\/p>\n\n\n\n<p><strong>Titular de la p\u00e0gina web<\/strong><\/p>\n\n\n\n<p>El titular d&#039;aquesta web \u00e9s la synergy. Podeu contactar amb nosaltres a trav\u00e9s de correu postal, tel\u00e8fon, fax i e-mail. Trobareu les dades necess\u00e0ries per a fer-ho en la secci\u00f3 &#034;Contacte&#034;.<\/p>\n\n\n\n<p><strong>Marca<\/strong><\/p>\n\n\n\n<p>Totes les marques, signes distintius i logotips que apareixen en aquest lloc s\u00f3n propietat de la synergy \u00e9s prohibit d&#039;utilitzar, descarregar, copiar, distribuir-los per qualsevol mitj\u00e0 sense el perm\u00eds escrit de la synergy.<\/p>\n\n\n\n<p>Els textos, dibuixos, fotografies, i altres d&#039;\u00e0udio i visual dels elements continguts en aquest lloc web, llevat que s&#039;indiqui el contrari, de titularitat exclusiva de la synergy.<\/p>\n\n\n\n<p><strong>Propietat intel\u00b7lectual<\/strong><\/p>\n\n\n\n<p>synergy no d\u00f3na cap dret de reproducci\u00f3, distribuci\u00f3, comunicaci\u00f3 p\u00fablica o transformaci\u00f3, en el lloc web, el seu disseny, o dels seus continguts. Queda prohibit qualsevol \u00fas de la web que no acord amb la seva finalitat.<\/p>\n\n\n\n<p>L&#039;\u00fas d&#039;aquest lloc web no suposa la cessi\u00f3 de cap dret de reproducci\u00f3, distribuci\u00f3, comunicaci\u00f3 p\u00fablica o transformaci\u00f3 dels elements de la programaci\u00f3.<\/p>\n\n\n\n<p>Qualsevol vulneraci\u00f3 dels drets de la ind\u00fastria o de la propietat intel\u00b7lectual titularitat de la synergy ser\u00e0 perseguida davant els tribunals competents en cada cas.<\/p>\n\n\n\n<p><strong>Limitaci\u00f3 de la responsabilitat<\/strong><\/p>\n\n\n\n<p>Aquest lloc web cont\u00e9 materials preparats per la synergy per a fins informatius nom\u00e9s.<\/p>\n\n\n\n<p>synergy no \u00e9s responsable de les actuacions realitzades sobre la base de la informaci\u00f3 continguda en aquest lloc web.<\/p>\n\n\n\n<p>synergy no \u00e9s responsable, dins els l\u00edmits permesos per la Llei 34\/2002, de la legalitat dels continguts de les p\u00e0gines web de titularitat de tercers enlla\u00e7ats des d&#039;aquesta p\u00e0gina web.<\/p>\n\n\n\n<p><strong>T\u00e8cnic av\u00eds<\/strong><\/p>\n\n\n\n<p><strong>La navegaci\u00f3, acc\u00e9s i seguretat<\/strong><\/p>\n\n\n\n<p>L&#039;acc\u00e9s i navegaci\u00f3 en aquesta p\u00e0gina implica acceptar i con\u00e8ixer els advertiments legals, condicions i termes d&#039;\u00fas contingudes en ella. synergy realitza els m\u00e0xims esfor\u00e7os perqu\u00e8 la navegaci\u00f3 es realitzi en les millors condicions i evitar danys de qualsevol mena que puguin produir-se durant la mateixa.<\/p>\n\n\n\n<p>synergy no \u00e9s responsable pels danys i perjudicis de qualsevol naturalesa que puguin ocasionar-se als usuaris per la utilitzaci\u00f3 d&#039;altres navegadors o versions diferents dels navegadors pels que ha estat dissenyat el lloc web.<\/p>\n\n\n\n<p>L&#039;acc\u00e9s a aquest lloc web es realitza en un entorn segur, de manera que la informaci\u00f3 transmesa no est\u00e0 encriptada.<\/p>\n\n\n\n<p>synergy no es responsabilitza ni garanteix que l&#039;acc\u00e9s a aquest lloc web sigui ininterromput o que estigui lliure d&#039;error. No \u00e9s ni responsable ni garanteix que el contingut o software al que pugui accedir a trav\u00e9s d&#039;aquesta web, estigui lliure d&#039;error o causi un dany. En qualsevol cas, la synergy ser\u00e0 responsable per les p\u00e8rdues, danys o perjudicis de qualsevol tipus que sorgeixin per l&#039;acc\u00e9s i l&#039;\u00fas del lloc web, incloent, per\u00f2 no limitat a, els ocasionats als sistemes inform\u00e0tics o els provocats per la introducci\u00f3 de virus.<\/p>\n\n\n\n<p>synergy no \u00e9s responsable dels danys que puguin ser causats a l&#039;usuari a causa d&#039;un \u00fas inadequat d&#039;aquest lloc web.<\/p>\n\n\n\n<p>Aquesta p\u00e0gina web ha estat dissenyada per a l&#039;\u00fas en tots els tipus de navegadors. Tot i aix\u00ed, recomanem l&#039;\u00fas de les darreres versions de navegadors Internet Explorer i Mozilla Firefox.<\/p>\n\n\n\n<p>La p\u00e0gina web es mostra a totes les resolucions de pantalla, per\u00f2 recomanem una resoluci\u00f3 m\u00ednima de 1024 x 768 p\u00edxels per a una c\u00f2moda lectura dels continguts.<\/p>\n\n\n\n<p>Si us plau, si detecta algun error, ens ho comuniqui per correu electr\u00f2nic a resoldre el problema amb tan r\u00e0pidament com sigui possible: hello@synergy.com.es<\/p>\n\n\n\n<p><strong>Enlla\u00e7os al lloc web<\/strong><\/p>\n\n\n\n<p>synergy no \u00e9s responsable en cap cas d&#039;aquells continguts, activitats comercials, productes i serveis que puguin visualitzar-se mitjan\u00e7ant enlla\u00e7os electr\u00f2nics (links), directament o indirectament, o a trav\u00e9s d&#039;aquest lloc web, especialment a aquells que puguin correspondre als continguts de valor afegit per a l&#039;usuari, com ara l&#039;oci, l&#039;entreteniment, curiositats, consells, etc., i els llocs web de les marques patrocinat per la synergy.<\/p>\n\n\n\n<p>La pres\u00e8ncia de links en el lloc web synergy tret que expressin el contrari, t\u00e9 una finalitat merament informativa i en cap cas impliquen cap suggeriment, invitaci\u00f3 o recomanaci\u00f3 sobre els mateixos. Aquests enlla\u00e7os no representen cap tipus de relaci\u00f3 entre la synergy i els particulars o empreses titulars del lloc web que es pot accedir mitjan\u00e7ant aquests enlla\u00e7os, ni entre synergy i els centres o institucions patrocinat per la synergy o amb la qual l&#039;empresa coopera.<\/p>\n\n\n\n<p>La synergy es reserva el dret de retirar de manera unilateral i en qualsevol moment els enlla\u00e7os que apareixen en el seu lloc web.<\/p>\n\n\n\n<p><strong>\u00das de cookies:<\/strong><\/p>\n\n\n\n<p>synergy podr\u00e0 utilitzar cookies per personalitzar i facilitar el m\u00e0xim la navegaci\u00f3 de l&#039;USUARI a trav\u00e9s de la seva p\u00e0gina web. Les cookies s&#039;associen \u00fanicament amb un USUARI an\u00f2nim i el seu ordinador i no proporcionen refer\u00e8ncies que permetin dades personals de l&#039;USUARI. L&#039;USUARI pot configurar el seu navegador perqu\u00e8 notifiqui i refusi la instal\u00b7laci\u00f3 de les cookies enviades per la synergy sense perjudici de la possibilitat de l&#039;USUARI d&#039;accedir als Continguts.<\/p>\n<\/div>\n<\/div>","protected":false},"excerpt":{"rendered":"<p>De acuerdo con la ley 34\/2002 de \u201cServicios de la sociedad de comunicaci\u00f3n y comercio\u201d en vigor desde el 11 de julio del 2002, comunicamos que esta p\u00e1gina web pertenece a: Hutchison Logistics Synergy, S.A., en adelante SYNERGYNIF:&nbsp;A-66482894 Avda Estany del Port n\u00ba 9108820 El Prat de Llobregat (BARCELONA)ESPA\u00d1ATel\u00e9fono:&nbsp;0034 935 084 443Fax:&nbsp;0034 935 084 441E-mail:&nbsp; [&hellip;]<\/p>\n","protected":false},"author":1,"featured_media":0,"parent":0,"menu_order":0,"comment_status":"closed","ping_status":"closed","template":"page-fullwidth-services.php","meta":{"site-sidebar-layout":"default","site-content-layout":"","ast-site-content-layout":"default","site-content-style":"default","site-sidebar-style":"default","ast-global-header-display":"","ast-banner-title-visibility":"","ast-main-header-display":"","ast-hfb-above-header-display":"","ast-hfb-below-header-display":"","ast-hfb-mobile-header-display":"","site-post-title":"","ast-breadcrumbs-content":"","ast-featured-img":"","footer-sml-layout":"","ast-disable-related-posts":"","theme-transparent-header-meta":"","adv-header-id-meta":"","stick-header-meta":"","header-above-stick-meta":"","header-main-stick-meta":"","header-below-stick-meta":"","astra-migrate-meta-layouts":"default","ast-page-background-enabled":"default","ast-page-background-meta":{"desktop":{"background-color":"var(--ast-global-color-4)","background-image":"","background-repeat":"repeat","background-position":"center center","background-size":"auto","background-attachment":"scroll","background-type":"","background-media":"","overlay-type":"","overlay-color":"","overlay-opacity":"","overlay-gradient":""},"tablet":{"background-color":"","background-image":"","background-repeat":"repeat","background-position":"center center","background-size":"auto","background-attachment":"scroll","background-type":"","background-media":"","overlay-type":"","overlay-color":"","overlay-opacity":"","overlay-gradient":""},"mobile":{"background-color":"","background-image":"","background-repeat":"repeat","background-position":"center center","background-size":"auto","background-attachment":"scroll","background-type":"","background-media":"","overlay-type":"","overlay-color":"","overlay-opacity":"","overlay-gradient":""}},"ast-content-background-meta":{"desktop":{"background-color":"var(--ast-global-color-5)","background-image":"","background-repeat":"repeat","background-position":"center center","background-size":"auto","background-attachment":"scroll","background-type":"","background-media":"","overlay-type":"","overlay-color":"","overlay-opacity":"","overlay-gradient":""},"tablet":{"background-color":"var(--ast-global-color-5)","background-image":"","background-repeat":"repeat","background-position":"center center","background-size":"auto","background-attachment":"scroll","background-type":"","background-media":"","overlay-type":"","overlay-color":"","overlay-opacity":"","overlay-gradient":""},"mobile":{"background-color":"var(--ast-global-color-5)","background-image":"","background-repeat":"repeat","background-position":"center center","background-size":"auto","background-attachment":"scroll","background-type":"","background-media":"","overlay-type":"","overlay-color":"","overlay-opacity":"","overlay-gradient":""}},"_themeisle_gutenberg_block_has_review":false,"footnotes":""},"class_list":["post-2713","page","type-page","status-publish","hentry"],"yoast_head":"<!-- This site is optimized with the Yoast SEO plugin v27.5 - https:\/\/yoast.com\/product\/yoast-seo-wordpress\/ -->\n<title>Aviso Legal - Synergy.<\/title>\n<meta name=\"robots\" content=\"index, follow, max-snippet:-1, max-image-preview:large, max-video-preview:-1\" \/>\n<link rel=\"canonical\" href=\"https:\/\/synergy.com.es\/ca\/avis-legal\/\" \/>\n<meta property=\"og:locale\" content=\"ca_ES\" \/>\n<meta property=\"og:type\" content=\"article\" \/>\n<meta property=\"og:title\" content=\"Aviso Legal - Synergy.\" \/>\n<meta property=\"og:description\" content=\"De acuerdo con la ley 34\/2002 de \u201cServicios de la sociedad de comunicaci\u00f3n y comercio\u201d en vigor desde el 11 de julio del 2002, comunicamos que esta p\u00e1gina web pertenece a: Hutchison Logistics Synergy, S.A., en adelante SYNERGYNIF:&nbsp;A-66482894 Avda Estany del Port n\u00ba 9108820 El Prat de Llobregat (BARCELONA)ESPA\u00d1ATel\u00e9fono:&nbsp;0034 935 084 443Fax:&nbsp;0034 935 084 441E-mail:&nbsp; [&hellip;]\" \/>\n<meta property=\"og:url\" content=\"https:\/\/synergy.com.es\/ca\/avis-legal\/\" \/>\n<meta property=\"og:site_name\" content=\"Synergy.\" \/>\n<meta property=\"article:modified_time\" content=\"2022-10-14T07:46:30+00:00\" \/>\n<meta name=\"twitter:card\" content=\"summary_large_image\" \/>\n<meta name=\"twitter:label1\" content=\"Temps estimat de lectura\" \/>\n\t<meta name=\"twitter:data1\" content=\"5 minuts\" \/>\n<script type=\"application\/ld+json\" class=\"yoast-schema-graph\">{\"@context\":\"https:\\\/\\\/schema.org\",\"@graph\":[{\"@type\":\"WebPage\",\"@id\":\"https:\\\/\\\/synergy.com.es\\\/aviso-legal\\\/\",\"url\":\"https:\\\/\\\/synergy.com.es\\\/aviso-legal\\\/\",\"name\":\"Aviso Legal - Synergy.\",\"isPartOf\":{\"@id\":\"https:\\\/\\\/synergy.com.es\\\/#website\"},\"datePublished\":\"2022-03-04T09:26:28+00:00\",\"dateModified\":\"2022-10-14T07:46:30+00:00\",\"breadcrumb\":{\"@id\":\"https:\\\/\\\/synergy.com.es\\\/aviso-legal\\\/#breadcrumb\"},\"inLanguage\":\"ca\",\"potentialAction\":[{\"@type\":\"ReadAction\",\"target\":[\"https:\\\/\\\/synergy.com.es\\\/aviso-legal\\\/\"]}]},{\"@type\":\"BreadcrumbList\",\"@id\":\"https:\\\/\\\/synergy.com.es\\\/aviso-legal\\\/#breadcrumb\",\"itemListElement\":[{\"@type\":\"ListItem\",\"position\":1,\"name\":\"Portada\",\"item\":\"https:\\\/\\\/synergy.com.es\\\/\"},{\"@type\":\"ListItem\",\"position\":2,\"name\":\"Aviso Legal\"}]},{\"@type\":\"WebSite\",\"@id\":\"https:\\\/\\\/synergy.com.es\\\/#website\",\"url\":\"https:\\\/\\\/synergy.com.es\\\/\",\"name\":\"Synergy.\",\"description\":\"\",\"publisher\":{\"@id\":\"https:\\\/\\\/synergy.com.es\\\/#organization\"},\"potentialAction\":[{\"@type\":\"SearchAction\",\"target\":{\"@type\":\"EntryPoint\",\"urlTemplate\":\"https:\\\/\\\/synergy.com.es\\\/?s={search_term_string}\"},\"query-input\":{\"@type\":\"PropertyValueSpecification\",\"valueRequired\":true,\"valueName\":\"search_term_string\"}}],\"inLanguage\":\"ca\"},{\"@type\":\"Organization\",\"@id\":\"https:\\\/\\\/synergy.com.es\\\/#organization\",\"name\":\"Synergy.\",\"url\":\"https:\\\/\\\/synergy.com.es\\\/\",\"logo\":{\"@type\":\"ImageObject\",\"inLanguage\":\"ca\",\"@id\":\"https:\\\/\\\/synergy.com.es\\\/#\\\/schema\\\/logo\\\/image\\\/\",\"url\":\"https:\\\/\\\/synergy.com.es\\\/wp-content\\\/uploads\\\/2023\\\/10\\\/logo.svg\",\"contentUrl\":\"https:\\\/\\\/synergy.com.es\\\/wp-content\\\/uploads\\\/2023\\\/10\\\/logo.svg\",\"width\":468,\"height\":207,\"caption\":\"Synergy.\"},\"image\":{\"@id\":\"https:\\\/\\\/synergy.com.es\\\/#\\\/schema\\\/logo\\\/image\\\/\"}}]}<\/script>\n<!-- \/ Yoast SEO plugin. -->","yoast_head_json":{"title":"Av\u00eds Legal - Synergy.","robots":{"index":"index","follow":"follow","max-snippet":"max-snippet:-1","max-image-preview":"max-image-preview:large","max-video-preview":"max-video-preview:-1"},"canonical":"https:\/\/synergy.com.es\/ca\/avis-legal\/","og_locale":"ca_ES","og_type":"article","og_title":"Aviso Legal - Synergy.","og_description":"De acuerdo con la ley 34\/2002 de \u201cServicios de la sociedad de comunicaci\u00f3n y comercio\u201d en vigor desde el 11 de julio del 2002, comunicamos que esta p\u00e1gina web pertenece a: Hutchison Logistics Synergy, S.A., en adelante SYNERGYNIF:&nbsp;A-66482894 Avda Estany del Port n\u00ba 9108820 El Prat de Llobregat (BARCELONA)ESPA\u00d1ATel\u00e9fono:&nbsp;0034 935 084 443Fax:&nbsp;0034 935 084 441E-mail:&nbsp; [&hellip;]","og_url":"https:\/\/synergy.com.es\/ca\/avis-legal\/","og_site_name":"Synergy.","article_modified_time":"2022-10-14T07:46:30+00:00","twitter_card":"summary_large_image","twitter_misc":{"Temps estimat de lectura":"5 minuts"},"schema":{"@context":"https:\/\/schema.org","@graph":[{"@type":"WebPage","@id":"https:\/\/synergy.com.es\/aviso-legal\/","url":"https:\/\/synergy.com.es\/aviso-legal\/","name":"Av\u00eds Legal - Synergy.","isPartOf":{"@id":"https:\/\/synergy.com.es\/#website"},"datePublished":"2022-03-04T09:26:28+00:00","dateModified":"2022-10-14T07:46:30+00:00","breadcrumb":{"@id":"https:\/\/synergy.com.es\/aviso-legal\/#breadcrumb"},"inLanguage":"ca","potentialAction":[{"@type":"ReadAction","target":["https:\/\/synergy.com.es\/aviso-legal\/"]}]},{"@type":"BreadcrumbList","@id":"https:\/\/synergy.com.es\/aviso-legal\/#breadcrumb","itemListElement":[{"@type":"ListItem","position":1,"name":"Portada","item":"https:\/\/synergy.com.es\/"},{"@type":"ListItem","position":2,"name":"Aviso Legal"}]},{"@type":"WebSite","@id":"https:\/\/synergy.com.es\/#website","url":"https:\/\/synergy.com.es\/","name":"Synergy.","description":"","publisher":{"@id":"https:\/\/synergy.com.es\/#organization"},"potentialAction":[{"@type":"SearchAction","target":{"@type":"EntryPoint","urlTemplate":"https:\/\/synergy.com.es\/?s={search_term_string}"},"query-input":{"@type":"PropertyValueSpecification","valueRequired":true,"valueName":"search_term_string"}}],"inLanguage":"ca"},{"@type":"Organization","@id":"https:\/\/synergy.com.es\/#organization","name":"Synergy.","url":"https:\/\/synergy.com.es\/","logo":{"@type":"ImageObject","inLanguage":"ca","@id":"https:\/\/synergy.com.es\/#\/schema\/logo\/image\/","url":"https:\/\/synergy.com.es\/wp-content\/uploads\/2023\/10\/logo.svg","contentUrl":"https:\/\/synergy.com.es\/wp-content\/uploads\/2023\/10\/logo.svg","width":468,"height":207,"caption":"Synergy."},"image":{"@id":"https:\/\/synergy.com.es\/#\/schema\/logo\/image\/"}}]}},"_links":{"self":[{"href":"https:\/\/synergy.com.es\/ca\/wp-json\/wp\/v2\/pages\/2713","targetHints":{"allow":["GET"]}}],"collection":[{"href":"https:\/\/synergy.com.es\/ca\/wp-json\/wp\/v2\/pages"}],"about":[{"href":"https:\/\/synergy.com.es\/ca\/wp-json\/wp\/v2\/types\/page"}],"author":[{"embeddable":true,"href":"https:\/\/synergy.com.es\/ca\/wp-json\/wp\/v2\/users\/1"}],"replies":[{"embeddable":true,"href":"https:\/\/synergy.com.es\/ca\/wp-json\/wp\/v2\/comments?post=2713"}],"version-history":[{"count":6,"href":"https:\/\/synergy.com.es\/ca\/wp-json\/wp\/v2\/pages\/2713\/revisions"}],"predecessor-version":[{"id":2995,"href":"https:\/\/synergy.com.es\/ca\/wp-json\/wp\/v2\/pages\/2713\/revisions\/2995"}],"wp:attachment":[{"href":"https:\/\/synergy.com.es\/ca\/wp-json\/wp\/v2\/media?parent=2713"}],"curies":[{"name":"wp","href":"https:\/\/api.w.org\/{rel}","templated":true}]}}