{"id":2720,"date":"2022-03-04T09:29:22","date_gmt":"2022-03-04T09:29:22","guid":{"rendered":"https:\/\/synergy.com.es\/?page_id=2720"},"modified":"2025-07-09T05:40:36","modified_gmt":"2025-07-09T05:40:36","slug":"politica-privacitat","status":"publish","type":"page","link":"https:\/\/synergy.com.es\/ca\/politica-privacidad\/","title":{"rendered":"Pol\u00edtica de privacitat"},"content":{"rendered":"<div class=\"wp-block-columns container is-layout-flex wp-container-core-columns-is-layout-28f84493 wp-block-columns-is-layout-flex\">\n<div class=\"wp-block-column container is-layout-flow wp-block-column-is-layout-flow\">\n<div style=\"height:100px\" aria-hidden=\"true\" class=\"wp-block-spacer\"><\/div>\n\n\n\n<p>Hutchinson Logistics Synergy SA, d&#039;ara endavant SYNERGY informa els usuaris de la p\u00e0gina web de la seva propietat, SYNERGY.com.es, sobre la seva pol\u00edtica de protecci\u00f3 de dades de car\u00e0cter personal, perqu\u00e8 els usuaris determinin lliurement i volunt\u00e0riament, si volen facilitar a SYNERGY les dades personals que se&#039;ls puguin requerir o que es puguin obtenir en ocasi\u00f3 de la seva.&nbsp;<\/p>\n\n\n\n<p>SYNERGY es reserva el dret a modificar aquesta pol\u00edtica, per adaptar-la a novetats legislatives o jurisprudencials, aix\u00ed com a pr\u00e0ctiques de la ind\u00fastria. En aquests sup\u00f2sits, SYNERGY anunciar\u00e0 en aquesta p\u00e0gina web els canvis introdu\u00efts amb una antelaci\u00f3 raonable a la seva posada en pr\u00e0ctica.<\/p>\n\n\n\n<p>Qualsevol modificaci\u00f3 que tindran un impacte en els drets o deures de les persones de la possibilitat de dades de car\u00e0cter personal, ser\u00e0 convenientment informat.<\/p>\n\n\n\n<p>En aquest portal, es pot arribar a recollir dades de car\u00e0cter personal dels diferents canals de comunicaci\u00f3 establerts per fer-ho, en qualsevol cas, a continuaci\u00f3 es passa a proporcionar informaci\u00f3 detallada sobre els diferents tractaments que vost\u00e8 pot arribar a ser duts a terme.<\/p>\n\n\n\n<p><strong>Amb quin prop\u00f2sit es podem processar les vostres dades personals?<\/strong><\/p>\n\n\n\n<ul class=\"wp-block-list\">\n<li>Resposta a les propostes plantejades a trav\u00e9s del formulari previst a aquest efecte en el lloc web<\/li>\n\n\n\n<li>Contacte a resposta a les sol\u00b7licituds rebudes, la de correu electr\u00f2nic de contacte, aquest efecte \u00e9s prestats en el portal.<\/li>\n\n\n\n<li>Permeten enviar als clients a trav\u00e9s de comunicacions electr\u00f2niques que entenem el seu inter\u00e8s sobre la synergy i les seves activitats, i en particular al nostre butllet\u00ed de not\u00edcies.<\/li>\n\n\n\n<li>En el seu cas, les seves dades seran tractades per gestionar la relaci\u00f3 comercial entre l&#039;usuari i\/o la seva empresa amb la synergy.<\/li>\n<\/ul>\n\n\n\n<p><strong>Quina \u00e9s la legitimaci\u00f3 per al tractament de les seves dades?<\/strong><\/p>\n\n\n\n<ul class=\"wp-block-list\">\n<li>Per a la realitzaci\u00f3 de comunicacions comercials, si vost\u00e8 \u00e9s un client. Inter\u00e8s leg\u00edtim de la synergy (Art 21.2 de la Llei 34\/2002).<\/li>\n\n\n\n<li>Per a la remissi\u00f3 dels nostres millors butllet\u00ed de not\u00edcies, el consentiment atorgat (Art. 21.1 de la Llei 34\/2002)<\/li>\n\n\n\n<li>Per respondre de manera adequada a una demanda plantejada per la seva banda, o l&#039;enviament d&#039;una demanda d&#039;ocupaci\u00f3. Consentiment.<\/li>\n\n\n\n<li>Per a la gesti\u00f3 de la relaci\u00f3 comercial entre vost\u00e8 i la seva empresa. L&#039;execuci\u00f3 del contracte.<\/li>\n<\/ul>\n\n\n\n<p><strong>Quant de temps hem de mantenir les vostres dades?<\/strong><\/p>\n\n\n\n<p>Les dades proporcionades es tractaran mentre la finalitat associada al tractament de les dades esmentades segueixi vigent. Posteriorment es conservaran bloquejats (reservats amb mesures de seguretat i un acc\u00e9s molt limitat a aquests) mentre hi hagi obligacions de conservaci\u00f3 d&#039;aquesta informaci\u00f3 o b\u00e9 aquesta informaci\u00f3 pogu\u00e9s arribar a ser rellevant per valorar accions legals vinculades a la responsabilitat de SYNERGY o de tercers.<\/p>\n\n\n\n<p><strong>Quins destinataris s&#039;comunicar les vostres dades a?<\/strong><\/p>\n\n\n\n<p>Les seves dades nom\u00e9s seran cedides a tercers en el cas que l&#039;esmentada comunicaci\u00f3 \u00e9s necessari per respondre a les comandes realitzades a trav\u00e9s dels espais destinats a aquest efecte en aquest lloc web, o per a l&#039;enviament, per part de la SIN\u00c8RGIA dels serveis contractats per vost\u00e8 o la seva empresa.<\/p>\n\n\n\n<p>Pel que fa a aquest \u00faltim comunicaci\u00f3 pot incloure comunicacions a altres empreses del grup Hutchinson implicats en la prestaci\u00f3 dels serveis contractats o gestionades per vost\u00e8 o la seva empresa.<\/p>\n\n\n\n<p><strong>Quins s\u00f3n els seus drets quan ens faciliteu les vostres dades?<\/strong><\/p>\n\n\n\n<p>En la mesura que la synergy tractar les vostres dades de car\u00e0cter personal, teniu el dret de petici\u00f3:<\/p>\n\n\n\n<p>Acc\u00e9s.- Les dades tindr\u00e0 dret a obtenir de la controlador a la confirmaci\u00f3 de si estan intentant o no dades relatives a ell o ella, aix\u00ed com informaci\u00f3 detallada sobre alguns aspectes del tractament que s&#039;est\u00e0 duent a terme.<\/p>\n\n\n\n<p>Rectificaci\u00f3.- Les dades tindr\u00e0 dret a obtenir la rectificaci\u00f3 de la inexactitud de les dades personals sobre ell o ella o per completar les que van ser incompleta.<\/p>\n\n\n\n<p>La supressi\u00f3.- L&#039;interessat tindr\u00e0 dret a sol\u00b7licitar la cancel\u00b7laci\u00f3 de les seves dades de car\u00e0cter personal, en qualsevol cas, la baixa ser\u00e0 sotmesa a les limitacions que estableix la legislaci\u00f3 vigent.<\/p>\n\n\n\n<p>Limitaci\u00f3 del tractament.- L&#039;interessat tindr\u00e0 dret a sol\u00b7licitar la limitaci\u00f3 respecte al tractament de les dades de car\u00e0cter personal.<\/p>\n\n\n\n<p>Oposici\u00f3 al tractament.- En determinades circumst\u00e0ncies, i per motius relacionats amb la seva situaci\u00f3 particular, els interessats podran oposar-se al tractament de les seves dades. synergy deixar\u00e0 de proc\u00e9s de dades, excepte per causes justificades, convincent, ni l&#039;exercici o la defensa de possibles reclamacions.<\/p>\n\n\n\n<p>Dret a la portabilitat de les dades.- \u00c9s a dir, vost\u00e8 tindr\u00e0 dret a rebre dades de car\u00e0cter personal que s\u00f3n rellevants, que han proporcionat a un controlador, en un format estructurat, d&#039;\u00fas com\u00fa i mec\u00e0nica de la lectura i transmetre-les a un altre responsable del tractament.<\/p>\n\n\n\n<p>Els esmentats drets es podran exercir mitjan\u00e7ant sol licitud escrita i signada dirigida a: Hutchinson de la Log\u00edstica a Espanya, SA Port de Barcelona, Av. de l&#039;Estany del Port cap. 91, 08820 El Prat de Llobregat (Barcelona) o mitjan\u00e7ant l&#039;adre\u00e7a de correu electr\u00f2nic&nbsp;<a href=\"mailto:hello@synergy.com.es\">hello@synergy.com.es<\/a><\/p>\n\n\n\n<p><strong>Qu\u00e8 passa si vost\u00e8 no facilitar les dades sol\u00b7licitades?<\/strong><\/p>\n\n\n\n<p>La identificaci\u00f3 de les dades pertanyents al client\/usuari, amb respecte a la seva activitat professional\/, i altres dades de contacte, i qualsevol altres que puguin ser requerides per la normativa aplicable, \u00e9s obligatori declarar i la negativa a subministrar podria comportar la impossibilitat d&#039;acc\u00e9s al servei. La resta de dades que se sol\u00b7liciten s\u00f3n voluntaris, de manera que el fet de no proporcionar-los no impedir\u00e0 la constituci\u00f3 de la relaci\u00f3 contractual.<\/p>\n\n\n\n<p><strong>La supervisi\u00f3 de les autoritats de control.<\/strong><\/p>\n\n\n\n<p>En el cas que ho considerin oport\u00fa poden requerir la protecci\u00f3 de l&#039;Ag\u00e8ncia espanyola de Protecci\u00f3 de Dades per a presentar la corresponent reclamaci\u00f3.&nbsp;<a href=\"https:\/\/www.aepd.es\/\">https:\/\/www.aepd.es\/<\/a> . C\/ Jorge Juan, n\u00fam. 6 28001 Madrid.<\/p>\n\n\n\n<p><strong>Mesures de seguretat.<\/strong><\/p>\n\n\n\n<p>synergy ha adoptat els nivells de seguretat de protecci\u00f3 de dades de car\u00e0cter personal legalment requerits, i ha instal\u00b7lat tots els mitjans i mesures t\u00e8cniques al seu abast per evitar la p\u00e8rdua, mal \u00fas, alteraci\u00f3, acc\u00e9s no autoritzat i robatori de les dades personals facilitades per synergy. No obstant aix\u00f2, l&#039;usuari ha de ser conscient que les mesures de seguretat a Internet no s\u00f3n inexpugnables.<\/p>\n<\/div>\n<\/div>","protected":false},"excerpt":{"rendered":"<p>Hutchinson Logistics Synergy S.A., en adelante SYNERGY informa a los usuarios de la p\u00e1gina web de su propiedad, SYNERGY.com.es, acerca de su pol\u00edtica de protecci\u00f3n de datos de car\u00e1cter personal, para que los usuarios determinen libre y voluntariamente, si desean facilitar a SYNERGY los datos personales que se les puedan requerir o que se puedan [&hellip;]<\/p>\n","protected":false},"author":1,"featured_media":0,"parent":0,"menu_order":0,"comment_status":"closed","ping_status":"closed","template":"page-fullwidth-services.php","meta":{"site-sidebar-layout":"default","site-content-layout":"","ast-site-content-layout":"default","site-content-style":"default","site-sidebar-style":"default","ast-global-header-display":"","ast-banner-title-visibility":"","ast-main-header-display":"","ast-hfb-above-header-display":"","ast-hfb-below-header-display":"","ast-hfb-mobile-header-display":"","site-post-title":"","ast-breadcrumbs-content":"","ast-featured-img":"","footer-sml-layout":"","ast-disable-related-posts":"","theme-transparent-header-meta":"","adv-header-id-meta":"","stick-header-meta":"","header-above-stick-meta":"","header-main-stick-meta":"","header-below-stick-meta":"","astra-migrate-meta-layouts":"default","ast-page-background-enabled":"default","ast-page-background-meta":{"desktop":{"background-color":"var(--ast-global-color-4)","background-image":"","background-repeat":"repeat","background-position":"center center","background-size":"auto","background-attachment":"scroll","background-type":"","background-media":"","overlay-type":"","overlay-color":"","overlay-opacity":"","overlay-gradient":""},"tablet":{"background-color":"","background-image":"","background-repeat":"repeat","background-position":"center center","background-size":"auto","background-attachment":"scroll","background-type":"","background-media":"","overlay-type":"","overlay-color":"","overlay-opacity":"","overlay-gradient":""},"mobile":{"background-color":"","background-image":"","background-repeat":"repeat","background-position":"center center","background-size":"auto","background-attachment":"scroll","background-type":"","background-media":"","overlay-type":"","overlay-color":"","overlay-opacity":"","overlay-gradient":""}},"ast-content-background-meta":{"desktop":{"background-color":"var(--ast-global-color-5)","background-image":"","background-repeat":"repeat","background-position":"center center","background-size":"auto","background-attachment":"scroll","background-type":"","background-media":"","overlay-type":"","overlay-color":"","overlay-opacity":"","overlay-gradient":""},"tablet":{"background-color":"var(--ast-global-color-5)","background-image":"","background-repeat":"repeat","background-position":"center center","background-size":"auto","background-attachment":"scroll","background-type":"","background-media":"","overlay-type":"","overlay-color":"","overlay-opacity":"","overlay-gradient":""},"mobile":{"background-color":"var(--ast-global-color-5)","background-image":"","background-repeat":"repeat","background-position":"center center","background-size":"auto","background-attachment":"scroll","background-type":"","background-media":"","overlay-type":"","overlay-color":"","overlay-opacity":"","overlay-gradient":""}},"_themeisle_gutenberg_block_has_review":false,"footnotes":""},"class_list":["post-2720","page","type-page","status-publish","hentry"],"yoast_head":"<!-- This site is optimized with the Yoast SEO plugin v27.5 - https:\/\/yoast.com\/product\/yoast-seo-wordpress\/ -->\n<title>Pol\u00edtica de Privacidad - Synergy.<\/title>\n<meta name=\"robots\" content=\"index, follow, max-snippet:-1, max-image-preview:large, max-video-preview:-1\" \/>\n<link rel=\"canonical\" href=\"https:\/\/synergy.com.es\/ca\/politica-privacitat\/\" \/>\n<meta property=\"og:locale\" content=\"ca_ES\" \/>\n<meta property=\"og:type\" content=\"article\" \/>\n<meta property=\"og:title\" content=\"Pol\u00edtica de Privacidad - Synergy.\" \/>\n<meta property=\"og:description\" content=\"Hutchinson Logistics Synergy S.A., en adelante SYNERGY informa a los usuarios de la p\u00e1gina web de su propiedad, SYNERGY.com.es, acerca de su pol\u00edtica de protecci\u00f3n de datos de car\u00e1cter personal, para que los usuarios determinen libre y voluntariamente, si desean facilitar a SYNERGY los datos personales que se les puedan requerir o que se puedan [&hellip;]\" \/>\n<meta property=\"og:url\" content=\"https:\/\/synergy.com.es\/ca\/politica-privacitat\/\" \/>\n<meta property=\"og:site_name\" content=\"Synergy.\" \/>\n<meta property=\"article:modified_time\" content=\"2025-07-09T05:40:36+00:00\" \/>\n<meta name=\"twitter:card\" content=\"summary_large_image\" \/>\n<meta name=\"twitter:label1\" content=\"Temps estimat de lectura\" \/>\n\t<meta name=\"twitter:data1\" content=\"5 minuts\" \/>\n<script type=\"application\/ld+json\" class=\"yoast-schema-graph\">{\"@context\":\"https:\\\/\\\/schema.org\",\"@graph\":[{\"@type\":\"WebPage\",\"@id\":\"https:\\\/\\\/synergy.com.es\\\/politica-privacidad\\\/\",\"url\":\"https:\\\/\\\/synergy.com.es\\\/politica-privacidad\\\/\",\"name\":\"Pol\u00edtica de Privacidad - Synergy.\",\"isPartOf\":{\"@id\":\"https:\\\/\\\/synergy.com.es\\\/#website\"},\"datePublished\":\"2022-03-04T09:29:22+00:00\",\"dateModified\":\"2025-07-09T05:40:36+00:00\",\"breadcrumb\":{\"@id\":\"https:\\\/\\\/synergy.com.es\\\/politica-privacidad\\\/#breadcrumb\"},\"inLanguage\":\"ca\",\"potentialAction\":[{\"@type\":\"ReadAction\",\"target\":[\"https:\\\/\\\/synergy.com.es\\\/politica-privacidad\\\/\"]}]},{\"@type\":\"BreadcrumbList\",\"@id\":\"https:\\\/\\\/synergy.com.es\\\/politica-privacidad\\\/#breadcrumb\",\"itemListElement\":[{\"@type\":\"ListItem\",\"position\":1,\"name\":\"Portada\",\"item\":\"https:\\\/\\\/synergy.com.es\\\/\"},{\"@type\":\"ListItem\",\"position\":2,\"name\":\"Pol\u00edtica de Privacidad\"}]},{\"@type\":\"WebSite\",\"@id\":\"https:\\\/\\\/synergy.com.es\\\/#website\",\"url\":\"https:\\\/\\\/synergy.com.es\\\/\",\"name\":\"Synergy.\",\"description\":\"\",\"publisher\":{\"@id\":\"https:\\\/\\\/synergy.com.es\\\/#organization\"},\"potentialAction\":[{\"@type\":\"SearchAction\",\"target\":{\"@type\":\"EntryPoint\",\"urlTemplate\":\"https:\\\/\\\/synergy.com.es\\\/?s={search_term_string}\"},\"query-input\":{\"@type\":\"PropertyValueSpecification\",\"valueRequired\":true,\"valueName\":\"search_term_string\"}}],\"inLanguage\":\"ca\"},{\"@type\":\"Organization\",\"@id\":\"https:\\\/\\\/synergy.com.es\\\/#organization\",\"name\":\"Synergy.\",\"url\":\"https:\\\/\\\/synergy.com.es\\\/\",\"logo\":{\"@type\":\"ImageObject\",\"inLanguage\":\"ca\",\"@id\":\"https:\\\/\\\/synergy.com.es\\\/#\\\/schema\\\/logo\\\/image\\\/\",\"url\":\"https:\\\/\\\/synergy.com.es\\\/wp-content\\\/uploads\\\/2023\\\/10\\\/logo.svg\",\"contentUrl\":\"https:\\\/\\\/synergy.com.es\\\/wp-content\\\/uploads\\\/2023\\\/10\\\/logo.svg\",\"width\":468,\"height\":207,\"caption\":\"Synergy.\"},\"image\":{\"@id\":\"https:\\\/\\\/synergy.com.es\\\/#\\\/schema\\\/logo\\\/image\\\/\"}}]}<\/script>\n<!-- \/ Yoast SEO plugin. -->","yoast_head_json":{"title":"Pol\u00edtica de Privadesa - Synergy.","robots":{"index":"index","follow":"follow","max-snippet":"max-snippet:-1","max-image-preview":"max-image-preview:large","max-video-preview":"max-video-preview:-1"},"canonical":"https:\/\/synergy.com.es\/ca\/politica-privacitat\/","og_locale":"ca_ES","og_type":"article","og_title":"Pol\u00edtica de Privacidad - Synergy.","og_description":"Hutchinson Logistics Synergy S.A., en adelante SYNERGY informa a los usuarios de la p\u00e1gina web de su propiedad, SYNERGY.com.es, acerca de su pol\u00edtica de protecci\u00f3n de datos de car\u00e1cter personal, para que los usuarios determinen libre y voluntariamente, si desean facilitar a SYNERGY los datos personales que se les puedan requerir o que se puedan [&hellip;]","og_url":"https:\/\/synergy.com.es\/ca\/politica-privacitat\/","og_site_name":"Synergy.","article_modified_time":"2025-07-09T05:40:36+00:00","twitter_card":"summary_large_image","twitter_misc":{"Temps estimat de lectura":"5 minuts"},"schema":{"@context":"https:\/\/schema.org","@graph":[{"@type":"WebPage","@id":"https:\/\/synergy.com.es\/politica-privacidad\/","url":"https:\/\/synergy.com.es\/politica-privacidad\/","name":"Pol\u00edtica de Privadesa - Synergy.","isPartOf":{"@id":"https:\/\/synergy.com.es\/#website"},"datePublished":"2022-03-04T09:29:22+00:00","dateModified":"2025-07-09T05:40:36+00:00","breadcrumb":{"@id":"https:\/\/synergy.com.es\/politica-privacidad\/#breadcrumb"},"inLanguage":"ca","potentialAction":[{"@type":"ReadAction","target":["https:\/\/synergy.com.es\/politica-privacidad\/"]}]},{"@type":"BreadcrumbList","@id":"https:\/\/synergy.com.es\/politica-privacidad\/#breadcrumb","itemListElement":[{"@type":"ListItem","position":1,"name":"Portada","item":"https:\/\/synergy.com.es\/"},{"@type":"ListItem","position":2,"name":"Pol\u00edtica de Privacidad"}]},{"@type":"WebSite","@id":"https:\/\/synergy.com.es\/#website","url":"https:\/\/synergy.com.es\/","name":"Synergy.","description":"","publisher":{"@id":"https:\/\/synergy.com.es\/#organization"},"potentialAction":[{"@type":"SearchAction","target":{"@type":"EntryPoint","urlTemplate":"https:\/\/synergy.com.es\/?s={search_term_string}"},"query-input":{"@type":"PropertyValueSpecification","valueRequired":true,"valueName":"search_term_string"}}],"inLanguage":"ca"},{"@type":"Organization","@id":"https:\/\/synergy.com.es\/#organization","name":"Synergy.","url":"https:\/\/synergy.com.es\/","logo":{"@type":"ImageObject","inLanguage":"ca","@id":"https:\/\/synergy.com.es\/#\/schema\/logo\/image\/","url":"https:\/\/synergy.com.es\/wp-content\/uploads\/2023\/10\/logo.svg","contentUrl":"https:\/\/synergy.com.es\/wp-content\/uploads\/2023\/10\/logo.svg","width":468,"height":207,"caption":"Synergy."},"image":{"@id":"https:\/\/synergy.com.es\/#\/schema\/logo\/image\/"}}]}},"_links":{"self":[{"href":"https:\/\/synergy.com.es\/ca\/wp-json\/wp\/v2\/pages\/2720","targetHints":{"allow":["GET"]}}],"collection":[{"href":"https:\/\/synergy.com.es\/ca\/wp-json\/wp\/v2\/pages"}],"about":[{"href":"https:\/\/synergy.com.es\/ca\/wp-json\/wp\/v2\/types\/page"}],"author":[{"embeddable":true,"href":"https:\/\/synergy.com.es\/ca\/wp-json\/wp\/v2\/users\/1"}],"replies":[{"embeddable":true,"href":"https:\/\/synergy.com.es\/ca\/wp-json\/wp\/v2\/comments?post=2720"}],"version-history":[{"count":4,"href":"https:\/\/synergy.com.es\/ca\/wp-json\/wp\/v2\/pages\/2720\/revisions"}],"predecessor-version":[{"id":4693,"href":"https:\/\/synergy.com.es\/ca\/wp-json\/wp\/v2\/pages\/2720\/revisions\/4693"}],"wp:attachment":[{"href":"https:\/\/synergy.com.es\/ca\/wp-json\/wp\/v2\/media?parent=2720"}],"curies":[{"name":"wp","href":"https:\/\/api.w.org\/{rel}","templated":true}]}}