{"id":2725,"date":"2022-03-04T09:31:52","date_gmt":"2022-03-04T09:31:52","guid":{"rendered":"https:\/\/synergy.com.es\/?page_id=2725"},"modified":"2026-02-24T14:42:27","modified_gmt":"2026-02-24T14:42:27","slug":"cookies-politica","status":"publish","type":"page","link":"https:\/\/synergy.com.es\/ca\/politica-de-cookies\/","title":{"rendered":"Cookies pol\u00edtica"},"content":{"rendered":"<div class=\"wp-block-columns container is-layout-flex wp-container-core-columns-is-layout-28f84493 wp-block-columns-is-layout-flex\">\n<div class=\"wp-block-column container is-layout-flow wp-block-column-is-layout-flow\">\n<div style=\"height:100px\" aria-hidden=\"true\" class=\"wp-block-spacer\"><\/div>\n\n\n\n<p><strong>POL\u00cdTICA DE COOKIES<\/strong><\/p>\n\n\n\n<p><strong><\/strong><strong>\u00daS DE COOKIES<\/strong><\/p>\n\n\n\n<p>Hutchison Logistics Synergy, SA al seu lloc&nbsp;<a href=\"https:\/\/synergy.com.es\/ca\/\">https:\/\/synergy.com.es<\/a>, per compte propi, o la de tercers contractats per a la prestaci\u00f3 de serveis de mesura i an\u00e0lisi, utilitzen cookies quan un usuari navega pel lloc web.<\/p>\n\n\n\n<p>Les Cookies s\u00f3n fitxers enviats a un navegador mitjan\u00e7ant un servidor web per enregistrar les activitats de l&#039;usuari durant el seu temps de navegaci\u00f3.<\/p>\n\n\n\n<p>Mitjan\u00e7ant l&#039;\u00fas de les cookies resulta possible que el servidor on es troba la web, reconegui el navegador web utilitzat per l&#039;usuari amb la finalitat que la navegaci\u00f3 sigui m\u00e9s senzilla, permetent, per exemple, l&#039;acc\u00e9s als usuaris que s&#039;hagin registrat pr\u00e8viament, accedir a les \u00e0rees o serveis reservats exclusivament a ells, sense haver de registrar-se a cada visita, canviar la configuraci\u00f3 d&#039;idioma, etc. Al marge d&#039;aquesta finalitat funcional, s&#039;utilitzen tamb\u00e9 per mesurar l&#039;audi\u00e8ncia i els par\u00e0metres del tr\u00e0nsit, controlar el progr\u00e9s i el nombre d&#039;entrades al lloc web.<\/p>\n\n\n\n<p>Conformement amb la Llei 34\/2002, d&#039;11 de juliol, de serveis de la societat de la informaci\u00f3 i de comer\u00e7 electr\u00f2nic (LSSI), en relaci\u00f3 amb el Reglament (UE) 2016\/679 del Parlament Europeu i del Consell, de 27 d&#039;abril de 2016, General de Protecci\u00f3 de Dades (GDPR), 2 Dades i Garantia dels Drets Digitals (LOPDGDD), \u00e9s obligat obtenir el consentiment expr\u00e9s de l&#039;usuari de totes les p\u00e0gines web que usen cookies prescindibles, abans que aquest hi navegui.<\/p>\n\n\n\n<p><strong><em>COOKIES&nbsp;<\/em><\/strong><strong>AFECTADES PER LA NORMATIVA I COOKIES EXCEPTUADES<\/strong><\/p>\n\n\n\n<p>Segons la directiva de la UE, les&nbsp;<em>cookies&nbsp;<\/em>que requereixen el consentiment informat per part de l&#039;usuari s\u00f3n les&nbsp;<em>cookies&nbsp;<\/em>d&#039;anal\u00edtica i les de publicitat i afiliaci\u00f3, i queden exceptuades les de car\u00e0cter t\u00e8cnic i les necess\u00e0ries per al funcionament del lloc web o la prestaci\u00f3 de serveis expressament sol\u00b7licitats per l&#039;usuari (per la qual cosa no \u00e9s obligatori informar-ne a nivell de detall).<\/p>\n\n\n\n<p><strong>TIPUS DE COOKIES<\/strong><strong>&nbsp;QUE S&#039;UTILITZEN EN AQUESTA P\u00c0GINA WEB<\/strong><\/p>\n\n\n\n<p>Segons la finalitat:<\/p>\n\n\n\n<p><strong>\u2022&nbsp;<\/strong><strong><em>Cookies&nbsp;<\/em><\/strong><strong>t\u00e8cniques<\/strong>: s\u00f3n aquelles que permeten a l&#039;usuari la navegaci\u00f3 a trav\u00e9s d&#039;una p\u00e0gina web, plataforma o aplicaci\u00f3 i la utilitzaci\u00f3 de les diferents opcions o serveis que hi hagi<em>.<\/em><\/p>\n\n\n\n<p><strong>\u2022&nbsp;<\/strong><strong><em>Cookies&nbsp;<\/em><\/strong><strong>anal\u00edtiques<\/strong>: s\u00f3n aquelles que, b\u00e9 tractades pel titular del lloc, o per tercers, permeten quantificar el nombre d&#039;usuaris i aix\u00ed realitzar el mesurament i l&#039;an\u00e0lisi estad\u00edstica de la utilitzaci\u00f3, que fan els usuaris del servei ofert. Per aix\u00f2, se n&#039;analitza la navegaci\u00f3 a la p\u00e0gina web, per tal de millorar l&#039;oferta de productes o serveis que us oferim.<\/p>\n\n\n\n<p><strong>\u2022&nbsp;<\/strong><strong><em>Cookies&nbsp;<\/em><\/strong><strong>publicit\u00e0ries<\/strong><strong>&nbsp;o de publicitat comportamental<\/strong><strong>:&nbsp;<\/strong>s\u00f3n aquelles que emmagatzemen informaci\u00f3 del comportament dels usuaris obtinguda a trav\u00e9s de l&#039;observaci\u00f3 continuada dels seus h\u00e0bits de navegaci\u00f3, cosa que permet desenvolupar un perfil espec\u00edfic per mostrar publicitat en funci\u00f3 del mateix.<\/p>\n\n\n\n<p><strong>\u2022&nbsp;<\/strong><strong><em>Cookies<\/em><\/strong><strong>&nbsp;de prefer\u00e8ncia o personalitzaci\u00f3:<\/strong>&nbsp;s\u00f3n aquelles que permeten recordar informaci\u00f3 perqu\u00e8 l&#039;usuari accedeixi al servei amb caracter\u00edstiques determinades que poden diferenciar la seva experi\u00e8ncia de la d&#039;altres usuaris.<\/p>\n\n\n\n<p>Segons l&#039;entitat que les gestioni:<\/p>\n\n\n\n<p><strong>\u2022&nbsp;<\/strong><strong><em>Cookies de tercers:&nbsp;<\/em><\/strong>s\u00f3n aquelles que s&#039;envien a l&#039;equip terminal de l&#039;usuari des d&#039;un equip o domini que no \u00e9s gestionat per l&#039;editor, sin\u00f3 per una altra entitat que tracta les dades obtingudes a trav\u00e9s de les galetes.<\/p>\n\n\n\n<p><strong>\u2022&nbsp;<\/strong><strong><em>Cookies pr\u00f2pies<\/em><\/strong><strong><em>:&nbsp;<\/em><\/strong><em>la resta de&nbsp;<\/em><em>cookies<\/em><\/p>\n\n\n\n<p>Segons el termini de conservaci\u00f3:&nbsp;<\/p>\n\n\n\n<p><strong>\u2022&nbsp;<\/strong><strong><em>Cookies<\/em><\/strong><strong>&nbsp;de sessi\u00f3<\/strong>: s\u00f3n aquelles dissenyades per demanar i emmagatzemar dades mentre l&#039;usuari accedeix a una p\u00e0gina web. Se solen emprar per emmagatzemar informaci\u00f3 que nom\u00e9s interessa conservar per a la prestaci\u00f3 del servei sol\u00b7licitat per l&#039;usuari en una sola ocasi\u00f3 (per exemple, una llista de productes adquirits) i desapareixen en acabar la sessi\u00f3.&nbsp;<\/p>\n\n\n\n<p><strong><em>Cookies<\/em>&nbsp;persistents<\/strong>: s\u00f3n aquelles en qu\u00e8 les dades segueixen emmagatzemades al terminal i poden ser accedides i tractades durant un per\u00edode definit pel responsable de la galeta, i que pot anar d&#039;uns minuts a diversos anys<\/p>\n\n\n\n<p><strong>TRACTAMENT DE LES DADES PERSONALS<\/strong><\/p>\n\n\n\n<p>Hutchison Logistics Synergy, SA \u00e9s el&nbsp;<strong>Responsable de tractament<\/strong>&nbsp;de les dades personals de l&#039;interessat i us informa que aquestes dades seran tractades de conformitat amb el que disposa el Reglament (UE) 2016\/679, de 27 d&#039;abril de 2016 (GDPR), per la qual cosa se us facilita la informaci\u00f3 seg\u00fcent del tractament:<\/p>\n\n\n\n<p><strong>Fins del tractament<\/strong>: segons s&#039;especifica a l&#039;apartat de galetes que s&#039;utilitzen en aquest lloc web.<\/p>\n\n\n\n<p><strong>Legitimaci\u00f3 del tractament:<\/strong>&nbsp;llevat dels casos en qu\u00e8 sigui necessari per a la navegaci\u00f3 per la web, per consentiment de l&#039;interessat (art. 6.1.a GDPR).<\/p>\n\n\n\n<p><strong>Criteris de conservaci\u00f3 de les dades:&nbsp;<\/strong>segons s&#039;especifica a l&#039;apartat de cookies utilitzades a la web.<\/p>\n\n\n\n<p><strong>Comunicaci\u00f3 de les dades<\/strong>: no es comunicaran les dades a tercers, excepte a cookiespropietat de tercers o per obligaci\u00f3 legal.<\/p>\n\n\n\n<p><strong>Drets que assisteixen a l&#039;interessat:<\/strong><\/p>\n\n\n\n<p>\u2013 Dret a retirar el consentiment en qualsevol moment.<\/p>\n\n\n\n<p>- Dret d&#039;acc\u00e9s, rectificaci\u00f3, portabilitat i supressi\u00f3 de les dades, i de limitaci\u00f3 o oposici\u00f3 al tractament.<\/p>\n\n\n\n<p>\u2013 Dret a presentar una reclamaci\u00f3 davant de l&#039;Autoritat de control (www.aepd.es) si considera que el tractament no s&#039;ajusta a la normativa vigent.<\/p>\n\n\n\n<p>Per a m\u00e9s informaci\u00f3 respecte al tractament de les vostres dades personals que no es refereixi de forma espec\u00edfica a les cookies, podeu consultar la nostra&nbsp;<a href=\"https:\/\/synergy.com.es\/ca\/politica-privacitat\/\">Pol\u00edtica de privacitat<\/a>.<\/p>\n\n\n\n<p><strong>Dades de contacte per exercir els seus drets:<\/strong><\/p>\n\n\n\n<p><strong><br><\/strong>Hutchison Logistics Synergy, SA Port of Barcelona, Av. Estany del Port no. 91, 08820 El Prat de Llobregat (Barcelona). E-mail: hello@synergy.com.es. Tel\u00e8fon: (34) 93 508 4443<\/p>\n\n\n\n<p><strong>COOKIES UTILITZADES PER AQUEST LLOC WEB<\/strong><\/p>\n\n\n\n<figure class=\"wp-block-table\"><table class=\"has-fixed-layout\"><tbody><tr><td><strong>Finalitat<\/strong><\/td><td><strong>\u00c9s de tercer<\/strong><\/td><td><strong>Termini de conservaci\u00f3<\/strong><\/td><\/tr><tr><td>Anal\u00edtiques<\/td><td>S\u00ed (Google)<\/td><td>1 any 1 mes i 4 dies<\/td><\/tr><tr><td>Prefer\u00e8ncia o personalitzaci\u00f3<\/td><td>No<\/td><td>De sessi\u00f3<\/td><\/tr><tr><td>Publicitat comportamental<\/td><td>S\u00ed (Google)<\/td><td>1 any 1 mes i 4 dies<\/td><\/tr><tr><td>T\u00e8cnica<\/td><td>No<\/td><td>De sessi\u00f3<\/td><\/tr><\/tbody><\/table><\/figure>\n\n\n\n<p><strong>INFORMACI\u00d3 ADDICIONAL SOBRE LES COOKIES DE TERCERS<\/strong><\/p>\n\n\n\n<figure class=\"wp-block-table\"><table class=\"has-fixed-layout\"><tbody><tr><td><strong>Editor<\/strong><\/td><td><strong>Pol\u00edtica de privadesa<\/strong><\/td><\/tr><tr><td>Google Analytics<\/td><td>https:\/\/policies.google.com\/privacy?hl=es<\/td><\/tr><\/tbody><\/table><\/figure>\n\n\n\n<p><strong>COM GESTIONAR LES COOKIES DES DEL NAVEGADOR<\/strong><\/p>\n\n\n\n<p>A continuaci\u00f3 us oferim enlla\u00e7os on trobareu informaci\u00f3 sobre com podeu configurar les vostres prefer\u00e8ncies, respecte a les cookies, als principals navegadors:<\/p>\n\n\n\n<figure class=\"wp-block-table\"><table class=\"has-fixed-layout\"><tbody><tr><td>Google Chrome<\/td><td><a href=\"https:\/\/support.google.com\/chrome\/answer\/95647?hl=es\">https:\/\/support.google.com\/chrome\/answer\/95647?hl=es<\/a><\/td><\/tr><tr><td>Mozilla Firefox<\/td><td><a href=\"http:\/\/support.mozilla.org\/es\/kb\/cookies-informacion-que-los-sitios-web-guardan-en-?redirectlocale=en-US&amp;redirectslug=Cookies\">http:\/\/support.mozilla.org\/es\/kb\/cookies-informacion-que-los-sitios-web-guardan-en-?redirectlocale=en-US&amp;redirectslug=Cookies<\/a><\/td><\/tr><tr><td>Internet Explorer<\/td><td><a href=\"http:\/\/support.microsoft.com\/kb\/196955\/es\">http:\/\/support.microsoft.com\/kb\/196955\/es<\/a><\/td><\/tr><tr><td>Safari<\/td><td><a href=\"http:\/\/support.apple.com\/kb\/ph5042\">http:\/\/support.apple.com\/kb\/ph5042<\/a><\/td><\/tr><tr><td>Safari IOS (iPhone, iPad)<\/td><td><a href=\"http:\/\/support.apple.com\/kb\/HT1677?viewlocale=es_ES&amp;locale=es_ES\">http:\/\/support.apple.com\/kb\/HT1677?viewlocale=es_ES&amp;locale=es_ES<\/a><\/td><\/tr><tr><td>Les Cookies De Flash<\/td><td><a href=\"http:\/\/www.macromedia.com\/support\/documentation\/es\/flashplayer\/help\/settings_manager07.html\">http:\/\/www.macromedia.com\/support\/documentation\/es\/flashplayer\/help\/settings_manager07.html<\/a><\/td><\/tr><\/tbody><\/table><\/figure>\n\n\n\n<p>O podeu consultar els v\u00eddeos tutorials publicats per l&#039;Ag\u00e8ncia Espanyola de Protecci\u00f3 de&nbsp;<\/p>\n\n\n\n<p>Dades:&nbsp;<a href=\"http:\/\/www.youtube.com\/user\/desdelaAEPD\">http:\/\/www.youtube.com\/user\/desdelaAEPD<\/a><\/p>\n\n\n\n<p>Finalment, si voleu modificar les vostres galetes, podeu fer-ho a continuaci\u00f3:<\/p>\n\n\n\n<div id=\"cmplz-manage-consent-container-nojavascript\">Heu carregat la pol\u00edtica de galetes sense suport de JavaScript. A l'AMP, podeu utilitzar el bot\u00f3 de gesti\u00f3 del consentiment a la part inferior de la p\u00e0gina.<\/div><div id=\"cmplz-manage-consent-container\" name=\"cmplz-manage-consent-container\" class=\"cmplz-manage-consent-container\"><\/div>\n<\/div>\n<\/div>","protected":false},"excerpt":{"rendered":"<p>POL\u00cdTICA DE COOKIES USO DE COOKIES Hutchison&nbsp;Logistics&nbsp;Synergy,&nbsp;S.A&nbsp;en&nbsp;su sitio&nbsp;https:\/\/synergy.com.es,&nbsp;por su propia cuenta, o la de terceros contratados para la prestaci\u00f3n de servicios de medici\u00f3n y an\u00e1lisis, utilizan cookies cuando un usuario navega por el sitio web. Las cookies son ficheros enviados al navegador por medio de un servidor web con la finalidad de registrar las actividades [&hellip;]<\/p>\n","protected":false},"author":1,"featured_media":0,"parent":0,"menu_order":0,"comment_status":"closed","ping_status":"closed","template":"page-fullwidth-services.php","meta":{"site-sidebar-layout":"default","site-content-layout":"","ast-site-content-layout":"default","site-content-style":"default","site-sidebar-style":"default","ast-global-header-display":"","ast-banner-title-visibility":"","ast-main-header-display":"","ast-hfb-above-header-display":"","ast-hfb-below-header-display":"","ast-hfb-mobile-header-display":"","site-post-title":"","ast-breadcrumbs-content":"","ast-featured-img":"","footer-sml-layout":"","ast-disable-related-posts":"","theme-transparent-header-meta":"","adv-header-id-meta":"","stick-header-meta":"","header-above-stick-meta":"","header-main-stick-meta":"","header-below-stick-meta":"","astra-migrate-meta-layouts":"default","ast-page-background-enabled":"default","ast-page-background-meta":{"desktop":{"background-color":"var(--ast-global-color-4)","background-image":"","background-repeat":"repeat","background-position":"center center","background-size":"auto","background-attachment":"scroll","background-type":"","background-media":"","overlay-type":"","overlay-color":"","overlay-opacity":"","overlay-gradient":""},"tablet":{"background-color":"","background-image":"","background-repeat":"repeat","background-position":"center center","background-size":"auto","background-attachment":"scroll","background-type":"","background-media":"","overlay-type":"","overlay-color":"","overlay-opacity":"","overlay-gradient":""},"mobile":{"background-color":"","background-image":"","background-repeat":"repeat","background-position":"center center","background-size":"auto","background-attachment":"scroll","background-type":"","background-media":"","overlay-type":"","overlay-color":"","overlay-opacity":"","overlay-gradient":""}},"ast-content-background-meta":{"desktop":{"background-color":"var(--ast-global-color-5)","background-image":"","background-repeat":"repeat","background-position":"center center","background-size":"auto","background-attachment":"scroll","background-type":"","background-media":"","overlay-type":"","overlay-color":"","overlay-opacity":"","overlay-gradient":""},"tablet":{"background-color":"var(--ast-global-color-5)","background-image":"","background-repeat":"repeat","background-position":"center center","background-size":"auto","background-attachment":"scroll","background-type":"","background-media":"","overlay-type":"","overlay-color":"","overlay-opacity":"","overlay-gradient":""},"mobile":{"background-color":"var(--ast-global-color-5)","background-image":"","background-repeat":"repeat","background-position":"center center","background-size":"auto","background-attachment":"scroll","background-type":"","background-media":"","overlay-type":"","overlay-color":"","overlay-opacity":"","overlay-gradient":""}},"_themeisle_gutenberg_block_has_review":false,"footnotes":""},"class_list":["post-2725","page","type-page","status-publish","hentry"],"yoast_head":"<!-- This site is optimized with the Yoast SEO plugin v27.4 - https:\/\/yoast.com\/product\/yoast-seo-wordpress\/ -->\n<title>Pol\u00edtica de Cookies - Synergy.<\/title>\n<meta name=\"robots\" content=\"index, follow, max-snippet:-1, max-image-preview:large, max-video-preview:-1\" \/>\n<link rel=\"canonical\" href=\"https:\/\/synergy.com.es\/ca\/cookies-politica\/\" \/>\n<meta property=\"og:locale\" content=\"ca_ES\" \/>\n<meta property=\"og:type\" content=\"article\" \/>\n<meta property=\"og:title\" content=\"Pol\u00edtica de Cookies - Synergy.\" \/>\n<meta property=\"og:description\" content=\"POL\u00cdTICA DE COOKIES USO DE COOKIES Hutchison&nbsp;Logistics&nbsp;Synergy,&nbsp;S.A&nbsp;en&nbsp;su sitio&nbsp;https:\/\/synergy.com.es,&nbsp;por su propia cuenta, o la de terceros contratados para la prestaci\u00f3n de servicios de medici\u00f3n y an\u00e1lisis, utilizan cookies cuando un usuario navega por el sitio web. Las cookies son ficheros enviados al navegador por medio de un servidor web con la finalidad de registrar las actividades [&hellip;]\" \/>\n<meta property=\"og:url\" content=\"https:\/\/synergy.com.es\/ca\/cookies-politica\/\" \/>\n<meta property=\"og:site_name\" content=\"Synergy.\" \/>\n<meta property=\"article:modified_time\" content=\"2026-02-24T14:42:27+00:00\" \/>\n<meta name=\"twitter:card\" content=\"summary_large_image\" \/>\n<meta name=\"twitter:label1\" content=\"Temps estimat de lectura\" \/>\n\t<meta name=\"twitter:data1\" content=\"5 minuts\" \/>\n<script type=\"application\/ld+json\" class=\"yoast-schema-graph\">{\"@context\":\"https:\\\/\\\/schema.org\",\"@graph\":[{\"@type\":\"WebPage\",\"@id\":\"https:\\\/\\\/synergy.com.es\\\/politica-de-cookies\\\/\",\"url\":\"https:\\\/\\\/synergy.com.es\\\/politica-de-cookies\\\/\",\"name\":\"Pol\u00edtica de Cookies - Synergy.\",\"isPartOf\":{\"@id\":\"https:\\\/\\\/synergy.com.es\\\/#website\"},\"datePublished\":\"2022-03-04T09:31:52+00:00\",\"dateModified\":\"2026-02-24T14:42:27+00:00\",\"breadcrumb\":{\"@id\":\"https:\\\/\\\/synergy.com.es\\\/politica-de-cookies\\\/#breadcrumb\"},\"inLanguage\":\"ca\",\"potentialAction\":[{\"@type\":\"ReadAction\",\"target\":[\"https:\\\/\\\/synergy.com.es\\\/politica-de-cookies\\\/\"]}]},{\"@type\":\"BreadcrumbList\",\"@id\":\"https:\\\/\\\/synergy.com.es\\\/politica-de-cookies\\\/#breadcrumb\",\"itemListElement\":[{\"@type\":\"ListItem\",\"position\":1,\"name\":\"Portada\",\"item\":\"https:\\\/\\\/synergy.com.es\\\/\"},{\"@type\":\"ListItem\",\"position\":2,\"name\":\"Pol\u00edtica de Cookies\"}]},{\"@type\":\"WebSite\",\"@id\":\"https:\\\/\\\/synergy.com.es\\\/#website\",\"url\":\"https:\\\/\\\/synergy.com.es\\\/\",\"name\":\"Synergy.\",\"description\":\"\",\"publisher\":{\"@id\":\"https:\\\/\\\/synergy.com.es\\\/#organization\"},\"potentialAction\":[{\"@type\":\"SearchAction\",\"target\":{\"@type\":\"EntryPoint\",\"urlTemplate\":\"https:\\\/\\\/synergy.com.es\\\/?s={search_term_string}\"},\"query-input\":{\"@type\":\"PropertyValueSpecification\",\"valueRequired\":true,\"valueName\":\"search_term_string\"}}],\"inLanguage\":\"ca\"},{\"@type\":\"Organization\",\"@id\":\"https:\\\/\\\/synergy.com.es\\\/#organization\",\"name\":\"Synergy.\",\"url\":\"https:\\\/\\\/synergy.com.es\\\/\",\"logo\":{\"@type\":\"ImageObject\",\"inLanguage\":\"ca\",\"@id\":\"https:\\\/\\\/synergy.com.es\\\/#\\\/schema\\\/logo\\\/image\\\/\",\"url\":\"https:\\\/\\\/synergy.com.es\\\/wp-content\\\/uploads\\\/2023\\\/10\\\/logo.svg\",\"contentUrl\":\"https:\\\/\\\/synergy.com.es\\\/wp-content\\\/uploads\\\/2023\\\/10\\\/logo.svg\",\"width\":468,\"height\":207,\"caption\":\"Synergy.\"},\"image\":{\"@id\":\"https:\\\/\\\/synergy.com.es\\\/#\\\/schema\\\/logo\\\/image\\\/\"}}]}<\/script>\n<!-- \/ Yoast SEO plugin. -->","yoast_head_json":{"title":"Pol\u00edtica de galetes - Synergy.","robots":{"index":"index","follow":"follow","max-snippet":"max-snippet:-1","max-image-preview":"max-image-preview:large","max-video-preview":"max-video-preview:-1"},"canonical":"https:\/\/synergy.com.es\/ca\/cookies-politica\/","og_locale":"ca_ES","og_type":"article","og_title":"Pol\u00edtica de Cookies - Synergy.","og_description":"POL\u00cdTICA DE COOKIES USO DE COOKIES Hutchison&nbsp;Logistics&nbsp;Synergy,&nbsp;S.A&nbsp;en&nbsp;su sitio&nbsp;https:\/\/synergy.com.es,&nbsp;por su propia cuenta, o la de terceros contratados para la prestaci\u00f3n de servicios de medici\u00f3n y an\u00e1lisis, utilizan cookies cuando un usuario navega por el sitio web. Las cookies son ficheros enviados al navegador por medio de un servidor web con la finalidad de registrar las actividades [&hellip;]","og_url":"https:\/\/synergy.com.es\/ca\/cookies-politica\/","og_site_name":"Synergy.","article_modified_time":"2026-02-24T14:42:27+00:00","twitter_card":"summary_large_image","twitter_misc":{"Temps estimat de lectura":"5 minuts"},"schema":{"@context":"https:\/\/schema.org","@graph":[{"@type":"WebPage","@id":"https:\/\/synergy.com.es\/politica-de-cookies\/","url":"https:\/\/synergy.com.es\/politica-de-cookies\/","name":"Pol\u00edtica de galetes - Synergy.","isPartOf":{"@id":"https:\/\/synergy.com.es\/#website"},"datePublished":"2022-03-04T09:31:52+00:00","dateModified":"2026-02-24T14:42:27+00:00","breadcrumb":{"@id":"https:\/\/synergy.com.es\/politica-de-cookies\/#breadcrumb"},"inLanguage":"ca","potentialAction":[{"@type":"ReadAction","target":["https:\/\/synergy.com.es\/politica-de-cookies\/"]}]},{"@type":"BreadcrumbList","@id":"https:\/\/synergy.com.es\/politica-de-cookies\/#breadcrumb","itemListElement":[{"@type":"ListItem","position":1,"name":"Portada","item":"https:\/\/synergy.com.es\/"},{"@type":"ListItem","position":2,"name":"Pol\u00edtica de Cookies"}]},{"@type":"WebSite","@id":"https:\/\/synergy.com.es\/#website","url":"https:\/\/synergy.com.es\/","name":"Synergy.","description":"","publisher":{"@id":"https:\/\/synergy.com.es\/#organization"},"potentialAction":[{"@type":"SearchAction","target":{"@type":"EntryPoint","urlTemplate":"https:\/\/synergy.com.es\/?s={search_term_string}"},"query-input":{"@type":"PropertyValueSpecification","valueRequired":true,"valueName":"search_term_string"}}],"inLanguage":"ca"},{"@type":"Organization","@id":"https:\/\/synergy.com.es\/#organization","name":"Synergy.","url":"https:\/\/synergy.com.es\/","logo":{"@type":"ImageObject","inLanguage":"ca","@id":"https:\/\/synergy.com.es\/#\/schema\/logo\/image\/","url":"https:\/\/synergy.com.es\/wp-content\/uploads\/2023\/10\/logo.svg","contentUrl":"https:\/\/synergy.com.es\/wp-content\/uploads\/2023\/10\/logo.svg","width":468,"height":207,"caption":"Synergy."},"image":{"@id":"https:\/\/synergy.com.es\/#\/schema\/logo\/image\/"}}]}},"_links":{"self":[{"href":"https:\/\/synergy.com.es\/ca\/wp-json\/wp\/v2\/pages\/2725","targetHints":{"allow":["GET"]}}],"collection":[{"href":"https:\/\/synergy.com.es\/ca\/wp-json\/wp\/v2\/pages"}],"about":[{"href":"https:\/\/synergy.com.es\/ca\/wp-json\/wp\/v2\/types\/page"}],"author":[{"embeddable":true,"href":"https:\/\/synergy.com.es\/ca\/wp-json\/wp\/v2\/users\/1"}],"replies":[{"embeddable":true,"href":"https:\/\/synergy.com.es\/ca\/wp-json\/wp\/v2\/comments?post=2725"}],"version-history":[{"count":26,"href":"https:\/\/synergy.com.es\/ca\/wp-json\/wp\/v2\/pages\/2725\/revisions"}],"predecessor-version":[{"id":4736,"href":"https:\/\/synergy.com.es\/ca\/wp-json\/wp\/v2\/pages\/2725\/revisions\/4736"}],"wp:attachment":[{"href":"https:\/\/synergy.com.es\/ca\/wp-json\/wp\/v2\/media?parent=2725"}],"curies":[{"name":"wp","href":"https:\/\/api.w.org\/{rel}","templated":true}]}}