{"id":940,"date":"2021-09-20T11:07:28","date_gmt":"2021-09-20T11:07:28","guid":{"rendered":"https:\/\/synergy.com.es\/?page_id=940"},"modified":"2023-01-30T16:38:02","modified_gmt":"2023-01-30T16:38:02","slug":"contacte","status":"publish","type":"page","link":"https:\/\/synergy.com.es\/ca\/contacto\/","title":{"rendered":"Contacte"},"content":{"rendered":"<div class=\"wp-block-columns container is-layout-flex wp-container-core-columns-is-layout-28f84493 wp-block-columns-is-layout-flex\">\n<div class=\"wp-block-column is-layout-flow wp-block-column-is-layout-flow\" style=\"flex-basis:66.66%\">\n<div style=\"height:100px\" aria-hidden=\"true\" class=\"wp-block-spacer\"><\/div>\n\n\n<div class=\"cf7sg-container\"><div id=\"cf7sg-form-2255\" class=\"cf7-smart-grid has-grid key_2255\">\n<div class=\"wpcf7 no-js\" id=\"wpcf7-f2255-o1\" lang=\"es-ES\" dir=\"ltr\" data-wpcf7-id=\"2255\">\n<div class=\"screen-reader-response\"><p role=\"status\" aria-live=\"polite\" aria-atomic=\"true\"><\/p> <ul><\/ul><\/div>\n<form action=\"\/ca\/wp-json\/wp\/v2\/pages\/940#wpcf7-f2255-o1\" method=\"post\" class=\"wpcf7-form init\" aria-label=\"Formulari de contacte\" novalidate=\"novalidate\" data-status=\"init\" data-trp-original-action=\"\/ca\/wp-json\/wp\/v2\/pages\/940#wpcf7-f2255-o1\">\n<fieldset class=\"hidden-fields-container\"><input type=\"hidden\" name=\"_wpcf7\" value=\"2255\" \/><input type=\"hidden\" name=\"_wpcf7_version\" value=\"6.1.5\" \/><input type=\"hidden\" name=\"_wpcf7_locale\" value=\"es_ES\" \/><input type=\"hidden\" name=\"_wpcf7_unit_tag\" value=\"wpcf7-f2255-o1\" \/><input type=\"hidden\" name=\"_wpcf7_container_post\" value=\"0\" \/><input type=\"hidden\" name=\"_wpcf7_posted_data_hash\" value=\"\" \/><input type=\"hidden\" name=\"_wpcf7_key\" value=\"2255\" \/><input type=\"hidden\" name=\"_cf7sg_toggles\" value=\"\" \/><input type=\"hidden\" name=\"_cf7sg_version\" value=\"4.15.8\" \/><input type=\"hidden\" name=\"_wpnonce\" value=\"e41f348346\" \/><input type=\"hidden\" name=\"_wpcf7_recaptcha_response\" value=\"\" \/>\n<\/fieldset>\n<div class=\"container\">\n  <div class=\"row\">\n    <div class=\"columns one-half\">\n      <div class=\"container\">\n        <div class=\"row\">\n          <div class=\"columns full\">\n            <div class=\"field text required\"><label>Nom i cognoms<em>*<\/em><\/label><span class=\"wpcf7-form-control-wrap\" data-name=\"your-name\"><input size=\"40\" maxlength=\"400\" class=\"wpcf7-form-control wpcf7-text wpcf7-validates-as-required\" aria-required=\"true\" aria-invalid=\"false\" value=\"\" type=\"text\" name=\"your-name\" \/><\/span>\n              <p class=\"info-tip\"><\/p>\n            <\/div>\n          <\/div>\n        <\/div>\n      <\/div>\n      <div class=\"container\">\n        <div class=\"row\">\n          <div class=\"columns full\">\n            <div class=\"field email required\"><label>El Teu Correu Electr\u00f2nic<em>*<\/em><\/label><span class=\"wpcf7-form-control-wrap\" data-name=\"your-email\"><input size=\"40\" maxlength=\"400\" class=\"wpcf7-form-control wpcf7-email wpcf7-validates-as-required wpcf7-text wpcf7-validates-as-email\" aria-required=\"true\" aria-invalid=\"false\" value=\"\" type=\"email\" name=\"your-email\" \/><\/span>\n              <p class=\"info-tip\"><\/p>\n            <\/div>\n          <\/div>\n        <\/div>\n      <\/div>\n    <\/div>\n    <div class=\"columns one-half\">\n      <div class=\"container\">\n        <div class=\"row\">\n          <div class=\"columns full\">\n            <div class=\"field text\"><label>Empresa<\/label><span class=\"wpcf7-form-control-wrap\" data-name=\"text-368\"><input size=\"40\" maxlength=\"400\" class=\"wpcf7-form-control wpcf7-text\" aria-invalid=\"false\" value=\"\" type=\"text\" name=\"text-368\" \/><\/span>\n              <p class=\"info-tip\"><\/p>\n            <\/div>\n          <\/div>\n        <\/div>\n      <\/div>\n      <div class=\"container\">\n        <div class=\"row\">\n          <div class=\"columns full\">\n            <div class=\"field tel\"><label>Tel\u00e8fon<\/label><span class=\"wpcf7-form-control-wrap\" data-name=\"tel-432\"><input size=\"40\" maxlength=\"400\" class=\"wpcf7-form-control wpcf7-tel wpcf7-text wpcf7-validates-as-tel\" aria-invalid=\"false\" value=\"\" type=\"tel\" name=\"tel-432\" \/><\/span>\n              <p class=\"info-tip\"><\/p>\n            <\/div>\n          <\/div>\n        <\/div>\n      <\/div>\n    <\/div>\n  <\/div>\n<\/div>\n<div class=\"container\">\n  <div class=\"row\">\n    <div class=\"columns full\">\n      <div class=\"field textarea\"><label>Missatge<\/label><span class=\"wpcf7-form-control-wrap\" data-name=\"x5\"><textarea cols=\"40\" rows=\"10\" maxlength=\"2000\" class=\"wpcf7-form-control wpcf7-textarea\" aria-invalid=\"false\" name=\"x5\"><\/textarea><\/span>\n        <p class=\"info-tip\"><\/p>\n      <\/div>\n    <\/div>\n  <\/div>\n<\/div>\n<div class=\"container\">\n  <div class=\"row\">\n    <div class=\"columns full\">\n      <div class=\"field\"><label for=\"\"><\/label><span class=\"wpcf7-form-control-wrap\" data-name=\"acceptance-805\"><span class=\"wpcf7-form-control wpcf7-acceptance\"><span class=\"wpcf7-list-item\"><label><input type=\"checkbox\" name=\"acceptance-805\" value=\"1\" aria-invalid=\"false\" \/><span class=\"wpcf7-list-item-label\">Us informem que en enviar aquest formulari, vost\u00e8 consenteix el tractament de les seves dades personals per Hutchinson Logistics Synergy, SA d&#039;acord amb el que descriu la nostra Pol\u00edtica de Privadesa que pot consultar aqu\u00ed. Les dades personals que ens proporcioneu a trav\u00e9s d&#039;aquest formulari seran tractades \u00fanicament per gestionar la vostra sol\u00b7licitud i proporcionar-vos la informaci\u00f3 o serveis que heu sol\u00b7licitat. Les vostres dades personals no facilitaran a tercers excepte obligaci\u00f3 legal o que aix\u00f2 resulti imprescindible per atendre la vostra sol\u00b7licitud. Podeu ampliar la informaci\u00f3 sobre aquest tractament i el vostre dret a accedir, rectificar i suprimir les dades, aix\u00ed com altres drets, a la Pol\u00edtica de Privadesa que podeu consultar <a href=\"https:\/\/synergy.com.es\/ca\/politica-privacitat\/\">aqu\u00ed<\/a>.<\/span><\/label><\/span><\/span><\/span>\n        <p class=\"info-tip\"><\/p>\n      <\/div>\n    <\/div>\n  <\/div>\n<\/div>\n<div class=\"container\">\n  <div class=\"row\">\n    <div class=\"columns full\">\n      <div class=\"field\"><label><\/label><input class=\"wpcf7-form-control wpcf7-submit has-spinner\" type=\"submit\" value=\"Enviar\" \/>\n        <p class=\"info-tip\"><\/p>\n      <\/div>\n    <\/div>\n  <\/div>\n<\/div><div class=\"wpcf7-response-output\" aria-hidden=\"true\"><\/div>\n<input type=\"hidden\" name=\"trp-form-language\" value=\"ca\"\/><\/form>\n<\/div>\n<\/div><\/div>\n<\/div>\n\n\n\n<div class=\"wp-block-column is-layout-flow wp-block-column-is-layout-flow\" style=\"flex-basis:33.33%\">\n<div style=\"height:100px\" aria-hidden=\"true\" class=\"wp-block-spacer\"><\/div>\n\n\n\n<div class=\"col-lg-12 location backgroundBlue p-5\">\n     \n\t  <div class=\"row\">\n\t  <div class=\"col-md-12\">\n \n\t  \t\t<ul class=\"m-0 pl-0\">\n\t\t\t<li><img decoding=\"async\" src=\"https:\/\/synergy.com.es\/wp-content\/themes\/forcenaceroTheme\/img\/flags\/espana.svg\" alt=\"Espanya\" width=\"16\" height=\"11\" style=\"width: 16px; height: 16px; margin-right:10px;\">Espanya<\/li>\n          <li><a href=\"https:\/\/goo.gl\/maps\/1K3f2m3yTVp2bq6c6\"><i class=\"ri-map-pin-5-line pr-3\"><\/i>Avda. Estany del Port, 91 <br> Port de Barcelona, 08820 <br>El Prat de Llobregat <\/a><\/li>\n          <li><a href=\"#\"><i class=\"ri-phone-fill pr-3\"><\/i>(34) 93 508 4443<\/a><\/li>\n          <li><a href=\"#\"><i class=\"ri-mail-line pr-3\"><\/i> hello@synergy.com.es<\/a><\/li>\n        <\/ul>\n<iframe src=\"https:\/\/www.google.com\/maps\/embed?pb=!1m14!1m8!1m3!1d11988.210145442721!2d2.138449!3d41.3077207!3m2!1i1024!2i768!4f13.1!3m3!1m2!1s0x0%3A0x47b99340253c0490!2sHutchison%20Ports%20BEST!5e0!3m2!1ses!2ses!4v1644320111875!5m2!1ses!2ses\" width=\"100%\" height=\"150\" style=\"border:0;\" allowfullscreen=\"\" loading=\"lazy\"><\/iframe>\n\t  <\/div>\n\n\t  <div class=\"col-md-12\">\n\t  \t\t<ul class=\"m-0 pl-0\">\n\t\t\t<li><img decoding=\"async\" src=\"https:\/\/synergy.com.es\/wp-content\/themes\/forcenaceroTheme\/img\/flags\/france.svg\" alt=\"Fran\u00e7ais\" width=\"16\" height=\"11\" style=\"width: 16px; height: 16px; margin-right:10px;\">Fran\u00e7a<\/li>\n\n          <li><a href=\"\/ca\/+33 7 84 51 70 60\/\"><i class=\"ri-phone-fill pr-3\"><\/i>(33) 7 84 51 70 60<\/a><\/li>\n          <li><a href=\"#\"><i class=\"ri-mail-line pr-3\"><\/i> hello@synergy.com.es<\/a><\/li>\n        <\/ul>\n\n\t  <\/div>\n\t  <\/div>\n    <\/div>\n<\/div>\n<\/div>","protected":false},"excerpt":{"rendered":"<p>Espanya Avda. Estany del Port, 91 Port de Barcelona | 08820 El Prat de Llobregat (34) 93 508 4443 hello@synergy.com.es France (33) 7 84 51 70 60 hello@synergy.com.es<\/p>","protected":false},"author":1,"featured_media":0,"parent":0,"menu_order":0,"comment_status":"closed","ping_status":"closed","template":"page-fullwidth-services.php","meta":{"site-sidebar-layout":"default","site-content-layout":"","ast-site-content-layout":"default","site-content-style":"default","site-sidebar-style":"default","ast-global-header-display":"","ast-banner-title-visibility":"","ast-main-header-display":"","ast-hfb-above-header-display":"","ast-hfb-below-header-display":"","ast-hfb-mobile-header-display":"","site-post-title":"","ast-breadcrumbs-content":"","ast-featured-img":"","footer-sml-layout":"","ast-disable-related-posts":"","theme-transparent-header-meta":"","adv-header-id-meta":"","stick-header-meta":"","header-above-stick-meta":"","header-main-stick-meta":"","header-below-stick-meta":"","astra-migrate-meta-layouts":"default","ast-page-background-enabled":"default","ast-page-background-meta":{"desktop":{"background-color":"var(--ast-global-color-4)","background-image":"","background-repeat":"repeat","background-position":"center center","background-size":"auto","background-attachment":"scroll","background-type":"","background-media":"","overlay-type":"","overlay-color":"","overlay-opacity":"","overlay-gradient":""},"tablet":{"background-color":"","background-image":"","background-repeat":"repeat","background-position":"center center","background-size":"auto","background-attachment":"scroll","background-type":"","background-media":"","overlay-type":"","overlay-color":"","overlay-opacity":"","overlay-gradient":""},"mobile":{"background-color":"","background-image":"","background-repeat":"repeat","background-position":"center center","background-size":"auto","background-attachment":"scroll","background-type":"","background-media":"","overlay-type":"","overlay-color":"","overlay-opacity":"","overlay-gradient":""}},"ast-content-background-meta":{"desktop":{"background-color":"var(--ast-global-color-5)","background-image":"","background-repeat":"repeat","background-position":"center center","background-size":"auto","background-attachment":"scroll","background-type":"","background-media":"","overlay-type":"","overlay-color":"","overlay-opacity":"","overlay-gradient":""},"tablet":{"background-color":"var(--ast-global-color-5)","background-image":"","background-repeat":"repeat","background-position":"center center","background-size":"auto","background-attachment":"scroll","background-type":"","background-media":"","overlay-type":"","overlay-color":"","overlay-opacity":"","overlay-gradient":""},"mobile":{"background-color":"var(--ast-global-color-5)","background-image":"","background-repeat":"repeat","background-position":"center center","background-size":"auto","background-attachment":"scroll","background-type":"","background-media":"","overlay-type":"","overlay-color":"","overlay-opacity":"","overlay-gradient":""}},"_themeisle_gutenberg_block_has_review":false,"footnotes":""},"class_list":["post-940","page","type-page","status-publish","hentry"],"yoast_head":"<!-- This site is optimized with the Yoast SEO plugin v27.4 - https:\/\/yoast.com\/product\/yoast-seo-wordpress\/ -->\n<title>Contacto - Synergy.<\/title>\n<meta name=\"robots\" content=\"index, follow, max-snippet:-1, max-image-preview:large, max-video-preview:-1\" \/>\n<link rel=\"canonical\" href=\"https:\/\/synergy.com.es\/ca\/contacte\/\" \/>\n<meta property=\"og:locale\" content=\"ca_ES\" \/>\n<meta property=\"og:type\" content=\"article\" \/>\n<meta property=\"og:title\" content=\"Contacto - Synergy.\" \/>\n<meta property=\"og:description\" content=\"Espa\u00f1a Avda. Estany del Port, 91 Port de Barcelona | 08820 El Prat de Llobregat (34) 93 508 4443 hello@synergy.com.es France (33) 7 84 51 70 60 hello@synergy.com.es\" \/>\n<meta property=\"og:url\" content=\"https:\/\/synergy.com.es\/ca\/contacte\/\" \/>\n<meta property=\"og:site_name\" content=\"Synergy.\" \/>\n<meta property=\"article:modified_time\" content=\"2023-01-30T16:38:02+00:00\" \/>\n<meta property=\"og:image\" content=\"https:\/\/synergy.com.es\/wp-content\/themes\/forcenaceroTheme\/img\/flags\/espana.svg\" \/>\n<meta name=\"twitter:card\" content=\"summary_large_image\" \/>\n<meta name=\"twitter:label1\" content=\"Temps estimat de lectura\" \/>\n\t<meta name=\"twitter:data1\" content=\"1 minut\" \/>\n<script type=\"application\/ld+json\" class=\"yoast-schema-graph\">{\"@context\":\"https:\\\/\\\/schema.org\",\"@graph\":[{\"@type\":\"WebPage\",\"@id\":\"https:\\\/\\\/synergy.com.es\\\/contacto\\\/\",\"url\":\"https:\\\/\\\/synergy.com.es\\\/contacto\\\/\",\"name\":\"Contacto - Synergy.\",\"isPartOf\":{\"@id\":\"https:\\\/\\\/synergy.com.es\\\/#website\"},\"primaryImageOfPage\":{\"@id\":\"https:\\\/\\\/synergy.com.es\\\/contacto\\\/#primaryimage\"},\"image\":{\"@id\":\"https:\\\/\\\/synergy.com.es\\\/contacto\\\/#primaryimage\"},\"thumbnailUrl\":\"https:\\\/\\\/synergy.com.es\\\/wp-content\\\/themes\\\/forcenaceroTheme\\\/img\\\/flags\\\/espana.svg\",\"datePublished\":\"2021-09-20T11:07:28+00:00\",\"dateModified\":\"2023-01-30T16:38:02+00:00\",\"breadcrumb\":{\"@id\":\"https:\\\/\\\/synergy.com.es\\\/contacto\\\/#breadcrumb\"},\"inLanguage\":\"ca\",\"potentialAction\":[{\"@type\":\"ReadAction\",\"target\":[\"https:\\\/\\\/synergy.com.es\\\/contacto\\\/\"]}]},{\"@type\":\"ImageObject\",\"inLanguage\":\"ca\",\"@id\":\"https:\\\/\\\/synergy.com.es\\\/contacto\\\/#primaryimage\",\"url\":\"https:\\\/\\\/synergy.com.es\\\/wp-content\\\/themes\\\/forcenaceroTheme\\\/img\\\/flags\\\/espana.svg\",\"contentUrl\":\"https:\\\/\\\/synergy.com.es\\\/wp-content\\\/themes\\\/forcenaceroTheme\\\/img\\\/flags\\\/espana.svg\"},{\"@type\":\"BreadcrumbList\",\"@id\":\"https:\\\/\\\/synergy.com.es\\\/contacto\\\/#breadcrumb\",\"itemListElement\":[{\"@type\":\"ListItem\",\"position\":1,\"name\":\"Portada\",\"item\":\"https:\\\/\\\/synergy.com.es\\\/\"},{\"@type\":\"ListItem\",\"position\":2,\"name\":\"Contacto\"}]},{\"@type\":\"WebSite\",\"@id\":\"https:\\\/\\\/synergy.com.es\\\/#website\",\"url\":\"https:\\\/\\\/synergy.com.es\\\/\",\"name\":\"Synergy.\",\"description\":\"\",\"publisher\":{\"@id\":\"https:\\\/\\\/synergy.com.es\\\/#organization\"},\"potentialAction\":[{\"@type\":\"SearchAction\",\"target\":{\"@type\":\"EntryPoint\",\"urlTemplate\":\"https:\\\/\\\/synergy.com.es\\\/?s={search_term_string}\"},\"query-input\":{\"@type\":\"PropertyValueSpecification\",\"valueRequired\":true,\"valueName\":\"search_term_string\"}}],\"inLanguage\":\"ca\"},{\"@type\":\"Organization\",\"@id\":\"https:\\\/\\\/synergy.com.es\\\/#organization\",\"name\":\"Synergy.\",\"url\":\"https:\\\/\\\/synergy.com.es\\\/\",\"logo\":{\"@type\":\"ImageObject\",\"inLanguage\":\"ca\",\"@id\":\"https:\\\/\\\/synergy.com.es\\\/#\\\/schema\\\/logo\\\/image\\\/\",\"url\":\"https:\\\/\\\/synergy.com.es\\\/wp-content\\\/uploads\\\/2023\\\/10\\\/logo.svg\",\"contentUrl\":\"https:\\\/\\\/synergy.com.es\\\/wp-content\\\/uploads\\\/2023\\\/10\\\/logo.svg\",\"width\":468,\"height\":207,\"caption\":\"Synergy.\"},\"image\":{\"@id\":\"https:\\\/\\\/synergy.com.es\\\/#\\\/schema\\\/logo\\\/image\\\/\"}}]}<\/script>\n<!-- \/ Yoast SEO plugin. -->","yoast_head_json":{"title":"Contacte - Synergy.","robots":{"index":"index","follow":"follow","max-snippet":"max-snippet:-1","max-image-preview":"max-image-preview:large","max-video-preview":"max-video-preview:-1"},"canonical":"https:\/\/synergy.com.es\/ca\/contacte\/","og_locale":"ca_ES","og_type":"article","og_title":"Contacto - Synergy.","og_description":"Espa\u00f1a Avda. Estany del Port, 91 Port de Barcelona | 08820 El Prat de Llobregat (34) 93 508 4443 hello@synergy.com.es France (33) 7 84 51 70 60 hello@synergy.com.es","og_url":"https:\/\/synergy.com.es\/ca\/contacte\/","og_site_name":"Synergy.","article_modified_time":"2023-01-30T16:38:02+00:00","og_image":[{"url":"https:\/\/synergy.com.es\/wp-content\/themes\/forcenaceroTheme\/img\/flags\/espana.svg","type":"","width":"","height":""}],"twitter_card":"summary_large_image","twitter_misc":{"Temps estimat de lectura":"1 minut"},"schema":{"@context":"https:\/\/schema.org","@graph":[{"@type":"WebPage","@id":"https:\/\/synergy.com.es\/contacto\/","url":"https:\/\/synergy.com.es\/contacto\/","name":"Contacte - Synergy.","isPartOf":{"@id":"https:\/\/synergy.com.es\/#website"},"primaryImageOfPage":{"@id":"https:\/\/synergy.com.es\/contacto\/#primaryimage"},"image":{"@id":"https:\/\/synergy.com.es\/contacto\/#primaryimage"},"thumbnailUrl":"https:\/\/synergy.com.es\/wp-content\/themes\/forcenaceroTheme\/img\/flags\/espana.svg","datePublished":"2021-09-20T11:07:28+00:00","dateModified":"2023-01-30T16:38:02+00:00","breadcrumb":{"@id":"https:\/\/synergy.com.es\/contacto\/#breadcrumb"},"inLanguage":"ca","potentialAction":[{"@type":"ReadAction","target":["https:\/\/synergy.com.es\/contacto\/"]}]},{"@type":"ImageObject","inLanguage":"ca","@id":"https:\/\/synergy.com.es\/contacto\/#primaryimage","url":"https:\/\/synergy.com.es\/wp-content\/themes\/forcenaceroTheme\/img\/flags\/espana.svg","contentUrl":"https:\/\/synergy.com.es\/wp-content\/themes\/forcenaceroTheme\/img\/flags\/espana.svg"},{"@type":"BreadcrumbList","@id":"https:\/\/synergy.com.es\/contacto\/#breadcrumb","itemListElement":[{"@type":"ListItem","position":1,"name":"Portada","item":"https:\/\/synergy.com.es\/"},{"@type":"ListItem","position":2,"name":"Contacto"}]},{"@type":"WebSite","@id":"https:\/\/synergy.com.es\/#website","url":"https:\/\/synergy.com.es\/","name":"Synergy.","description":"","publisher":{"@id":"https:\/\/synergy.com.es\/#organization"},"potentialAction":[{"@type":"SearchAction","target":{"@type":"EntryPoint","urlTemplate":"https:\/\/synergy.com.es\/?s={search_term_string}"},"query-input":{"@type":"PropertyValueSpecification","valueRequired":true,"valueName":"search_term_string"}}],"inLanguage":"ca"},{"@type":"Organization","@id":"https:\/\/synergy.com.es\/#organization","name":"Synergy.","url":"https:\/\/synergy.com.es\/","logo":{"@type":"ImageObject","inLanguage":"ca","@id":"https:\/\/synergy.com.es\/#\/schema\/logo\/image\/","url":"https:\/\/synergy.com.es\/wp-content\/uploads\/2023\/10\/logo.svg","contentUrl":"https:\/\/synergy.com.es\/wp-content\/uploads\/2023\/10\/logo.svg","width":468,"height":207,"caption":"Synergy."},"image":{"@id":"https:\/\/synergy.com.es\/#\/schema\/logo\/image\/"}}]}},"_links":{"self":[{"href":"https:\/\/synergy.com.es\/ca\/wp-json\/wp\/v2\/pages\/940","targetHints":{"allow":["GET"]}}],"collection":[{"href":"https:\/\/synergy.com.es\/ca\/wp-json\/wp\/v2\/pages"}],"about":[{"href":"https:\/\/synergy.com.es\/ca\/wp-json\/wp\/v2\/types\/page"}],"author":[{"embeddable":true,"href":"https:\/\/synergy.com.es\/ca\/wp-json\/wp\/v2\/users\/1"}],"replies":[{"embeddable":true,"href":"https:\/\/synergy.com.es\/ca\/wp-json\/wp\/v2\/comments?post=940"}],"version-history":[{"count":2,"href":"https:\/\/synergy.com.es\/ca\/wp-json\/wp\/v2\/pages\/940\/revisions"}],"predecessor-version":[{"id":3273,"href":"https:\/\/synergy.com.es\/ca\/wp-json\/wp\/v2\/pages\/940\/revisions\/3273"}],"wp:attachment":[{"href":"https:\/\/synergy.com.es\/ca\/wp-json\/wp\/v2\/media?parent=940"}],"curies":[{"name":"wp","href":"https:\/\/api.w.org\/{rel}","templated":true}]}}