{"id":2725,"date":"2022-03-04T09:31:52","date_gmt":"2022-03-04T09:31:52","guid":{"rendered":"https:\/\/synergy.com.es\/?page_id=2725"},"modified":"2026-02-24T14:42:27","modified_gmt":"2026-02-24T14:42:27","slug":"cookie-policy","status":"publish","type":"page","link":"https:\/\/synergy.com.es\/en\/politica-de-cookies\/","title":{"rendered":"Cookie policy"},"content":{"rendered":"<div class=\"wp-block-columns container is-layout-flex wp-container-core-columns-is-layout-28f84493 wp-block-columns-is-layout-flex\">\n<div class=\"wp-block-column container is-layout-flow wp-block-column-is-layout-flow\">\n<div style=\"height:100px\" aria-hidden=\"true\" class=\"wp-block-spacer\"><\/div>\n\n\n\n<p><strong>COOKIES POLICY<\/strong><\/p>\n\n\n\n<p><strong><\/strong><strong>USE OF COOKIES<\/strong><\/p>\n\n\n\n<p>Hutchison Logistics Synergy, S.A on your site&nbsp;<a href=\"https:\/\/synergy.com.es\/en\/\">https:\/\/synergy.com.es<\/a>The website, on its own account, or that of third parties contracted to provide measurement and analysis services, uses cookies when a user browses the website.<\/p>\n\n\n\n<p>Cookies are files sent to a browser by a web server to record user activities during its navigation.<\/p>\n\n\n\n<p>Through the use of cookies it is possible for the server where the website is located to recognise the web browser used by the user in order to make browsing easier, allowing, for example, access to users who have previously registered, access to areas or services reserved exclusively for them, without having to register each time they visit, change the language settings, etc. Apart from this functional purpose, they are also used to measure the audience and traffic parameters, control the progress and number of entries on the website.<\/p>\n\n\n\n<p>In accordance with Law 34\/2002, of 11 July, on information society services and electronic commerce (LSSI), in relation to Regulation (EU) 2016\/679 of the European Parliament and of the Council, of 27 April 2016, General Data Protection Regulation (GDPR) and Organic Law 3\/2018, of 5 December, on Data Protection and Guarantee of Digital Rights (LOPDGDD), it is obligatory to obtain the express consent of the user of all websites that use dispensable cookies, before the user browses them.<\/p>\n\n\n\n<p><strong><em>COOKIES&nbsp;<\/em><\/strong><strong>AFFECTED BY THE REGULATION AND EXEMPTED COOKIES<\/strong><\/p>\n\n\n\n<p>According to the EU directive, the&nbsp;<em>cookies&nbsp;<\/em>that require the user's informed consent are the following&nbsp;<em>cookies&nbsp;<\/em>analytics, advertising and affiliation, except for those of a technical nature and those necessary for the operation of the website or the provision of services expressly requested by the user (for which reason it is not obligatory to provide detailed information on them).<\/p>\n\n\n\n<p><strong>TYPES OF COOKIES<\/strong><strong>&nbsp;USED ON THIS WEBSITE<\/strong><\/p>\n\n\n\n<p>Depending on the purpose:<\/p>\n\n\n\n<p><strong>\u2022&nbsp;<\/strong><strong><em>Cookies&nbsp;<\/em><\/strong><strong>techniques<\/strong>are those that allow the user to browse through a website, platform or application and to use the different options or services that exist on it.<em>.<\/em><\/p>\n\n\n\n<p><strong>\u2022&nbsp;<\/strong><strong><em>Cookies&nbsp;<\/em><\/strong><strong>analytics<\/strong>These are those that, either processed by the owner of the site or by third parties, allow us to quantify the number of users and thus carry out the measurement and statistical analysis of the use made by users of the service offered. To do this, your browsing on the website is analysed in order to improve the range of products or services that we offer.<\/p>\n\n\n\n<p><strong>\u2022&nbsp;<\/strong><strong><em>Cookies&nbsp;<\/em><\/strong><strong>advertising<\/strong><strong>&nbsp;or behavioural advertising<\/strong><strong>:&nbsp;<\/strong>are those that store information on the behaviour of users obtained through the continuous observation of their browsing habits, which allows a specific profile to be developed in order to display advertising based on the same.<\/p>\n\n\n\n<p><strong>\u2022&nbsp;<\/strong><strong><em>Cookies<\/em><\/strong><strong>&nbsp;preference or personalisation:<\/strong>&nbsp;are those that allow information to be remembered so that the user can access the service with certain characteristics that may differentiate their experience from that of other users.<\/p>\n\n\n\n<p>Depending on the entity managing them:<\/p>\n\n\n\n<p><strong>\u2022&nbsp;<\/strong><strong><em>Third-party cookies:&nbsp;<\/em><\/strong>cookies are those that are sent to the user's terminal equipment from a computer or domain that is not managed by the editor, but by another entity that processes the data obtained through the cookies.<\/p>\n\n\n\n<p><strong>\u2022&nbsp;<\/strong><strong><em>Own cookies<\/em><\/strong><strong><em>:&nbsp;<\/em><\/strong><em>the rest of&nbsp;<\/em><em>cookies<\/em><\/p>\n\n\n\n<p>Depending on the shelf life:&nbsp;<\/p>\n\n\n\n<p><strong>\u2022&nbsp;<\/strong><strong><em>Cookies<\/em><\/strong><strong>&nbsp;of session<\/strong>cookies: cookies are designed to collect and store data while the user accesses a website. They are usually used to store information that only needs to be kept for the provision of the service requested by the user on a single occasion (for example, a list of products purchased) and disappear at the end of the session.&nbsp;<\/p>\n\n\n\n<p><strong><em>Cookies<\/em>&nbsp;persistent<\/strong>cookies: are those in which the data remain stored in the terminal and can be accessed and processed for a period defined by the party responsible for the cookie, which can range from a few minutes to several years.<\/p>\n\n\n\n<p><strong>PROCESSING OF PERSONAL DATA<\/strong><\/p>\n\n\n\n<p>Hutchison Logistics Synergy, S.A. is the&nbsp;<strong>Data controller<\/strong>&nbsp;of the Data Subject's personal data and informs him\/her that this data will be processed in accordance with the provisions of Regulation (EU) 2016\/679 of 27 April 2016 (GDPR), and therefore the following processing information is provided to him\/her:<\/p>\n\n\n\n<p><strong>Purposes of treatment<\/strong>as specified in the section on cookies used on this website.<\/p>\n\n\n\n<p><strong>Legitimation of the processing:<\/strong>&nbsp;except in cases where it is necessary for browsing the website, by consent of the data subject (art. 6.1.a GDPR).<\/p>\n\n\n\n<p><strong>Data retention criteria:&nbsp;<\/strong>as specified in the section on cookies used on the website.<\/p>\n\n\n\n<p><strong>Communication of data<\/strong>We will not disclose your data to third parties, except in the case of cookies owned by third parties or by law.<\/p>\n\n\n\n<p><strong>Rights of the Interested Party:<\/strong><\/p>\n\n\n\n<p>- Right to withdraw consent at any time.<\/p>\n\n\n\n<p>- The right of access, rectification, portability and deletion of your data, and the right to limit or oppose its processing.<\/p>\n\n\n\n<p>- The right to lodge a complaint with the supervisory authority (www.aepd.es) if you consider that the processing does not comply with the regulations in force.<\/p>\n\n\n\n<p>For more information about the processing of your personal data that does not specifically refer to cookies, you can consult our&nbsp;<a href=\"https:\/\/synergy.com.es\/en\/privacy-policy\/\">Privacy policy<\/a>.<\/p>\n\n\n\n<p><strong>Contact details for exercising your rights:<\/strong><\/p>\n\n\n\n<p><strong><br><\/strong>Hutchison Logistics Synergy, S.A Port of Barcelona, Avda Estany del Port no. 91, 08820 El Prat de Llobregat (Barcelona). E-mail: hello@synergy.com.es. Telephone: (34) 93 508 4443<\/p>\n\n\n\n<p><strong>COOKIES USED BY THIS WEBSITE<\/strong><\/p>\n\n\n\n<figure class=\"wp-block-table\"><table class=\"has-fixed-layout\"><tbody><tr><td><strong>Purpose<\/strong><\/td><td><strong>It is a third party<\/strong><\/td><td><strong>Conservation period<\/strong><\/td><\/tr><tr><td>Analyses<\/td><td>Yes (Google)<\/td><td>1 year 1 month and 4 days<\/td><\/tr><tr><td>Preference or personalisation<\/td><td>No<\/td><td>In session<\/td><\/tr><tr><td>Behavioural advertising<\/td><td>Yes (Google)<\/td><td>1 year 1 month and 4 days<\/td><\/tr><tr><td>Technique<\/td><td>No<\/td><td>In session<\/td><\/tr><\/tbody><\/table><\/figure>\n\n\n\n<p><strong>ADDITIONAL INFORMATION ON THIRD-PARTY COOKIES<\/strong><\/p>\n\n\n\n<figure class=\"wp-block-table\"><table class=\"has-fixed-layout\"><tbody><tr><td><strong>Publisher<\/strong><\/td><td><strong>Privacy policy<\/strong><\/td><\/tr><tr><td>Google Analytics<\/td><td>https:\/\/policies.google.com\/privacy?hl=es<\/td><\/tr><\/tbody><\/table><\/figure>\n\n\n\n<p><strong>HOW TO MANAGE COOKIES FROM YOUR BROWSER<\/strong><\/p>\n\n\n\n<p>Below are links to information on how you can set your cookie preferences in the major browsers:<\/p>\n\n\n\n<figure class=\"wp-block-table\"><table class=\"has-fixed-layout\"><tbody><tr><td>Google Chrome<\/td><td><a href=\"https:\/\/support.google.com\/chrome\/answer\/95647?hl=es\">https:\/\/support.google.com\/chrome\/answer\/95647?hl=es<\/a><\/td><\/tr><tr><td>Mozilla Firefox<\/td><td><a href=\"http:\/\/support.mozilla.org\/es\/kb\/cookies-informacion-que-los-sitios-web-guardan-en-?redirectlocale=en-US&amp;redirectslug=Cookies\">http:\/\/support.mozilla.org\/es\/kb\/cookies-informacion-que-los-sitios-web-guardan-en-?redirectlocale=en-US&amp;redirectslug=Cookies<\/a><\/td><\/tr><tr><td>Internet Explorer<\/td><td><a href=\"http:\/\/support.microsoft.com\/kb\/196955\/es\">http:\/\/support.microsoft.com\/kb\/196955\/es<\/a><\/td><\/tr><tr><td>Safari<\/td><td><a href=\"http:\/\/support.apple.com\/kb\/ph5042\">http:\/\/support.apple.com\/kb\/ph5042<\/a><\/td><\/tr><tr><td>Safari IOS (iPhone, iPad)<\/td><td><a href=\"http:\/\/support.apple.com\/kb\/HT1677?viewlocale=es_ES&amp;locale=es_ES\">http:\/\/support.apple.com\/kb\/HT1677?viewlocale=es_ES&amp;locale=es_ES<\/a><\/td><\/tr><tr><td>Flash Cookies<\/td><td><a href=\"http:\/\/www.macromedia.com\/support\/documentation\/es\/flashplayer\/help\/settings_manager07.html\">http:\/\/www.macromedia.com\/support\/documentation\/es\/flashplayer\/help\/settings_manager07.html<\/a><\/td><\/tr><\/tbody><\/table><\/figure>\n\n\n\n<p>Or you can consult the video tutorials published by the Spanish Data Protection Agency.&nbsp;<\/p>\n\n\n\n<p>Data:&nbsp;<a href=\"http:\/\/www.youtube.com\/user\/desdelaAEPD\">http:\/\/www.youtube.com\/user\/desdelaAEPD<\/a><\/p>\n\n\n\n<p>Finally, if you wish to modify your cookies you can do so below:<\/p>\n\n\n\n<div id=\"cmplz-manage-consent-container-nojavascript\">You have loaded the Cookie Policy without javascript support. On AMP, you can use the manage consent button on the bottom of the page.<\/div><div id=\"cmplz-manage-consent-container\" name=\"cmplz-manage-consent-container\" class=\"cmplz-manage-consent-container\"><\/div>\n<\/div>\n<\/div>","protected":false},"excerpt":{"rendered":"<p>POL\u00cdTICA DE COOKIES USO DE COOKIES Hutchison&nbsp;Logistics&nbsp;Synergy,&nbsp;S.A&nbsp;en&nbsp;su sitio&nbsp;https:\/\/synergy.com.es,&nbsp;por su propia cuenta, o la de terceros contratados para la prestaci\u00f3n de servicios de medici\u00f3n y an\u00e1lisis, utilizan cookies cuando un usuario navega por el sitio web. Las cookies son ficheros enviados al navegador por medio de un servidor web con la finalidad de registrar las actividades [&hellip;]<\/p>\n","protected":false},"author":1,"featured_media":0,"parent":0,"menu_order":0,"comment_status":"closed","ping_status":"closed","template":"page-fullwidth-services.php","meta":{"site-sidebar-layout":"default","site-content-layout":"","ast-site-content-layout":"default","site-content-style":"default","site-sidebar-style":"default","ast-global-header-display":"","ast-banner-title-visibility":"","ast-main-header-display":"","ast-hfb-above-header-display":"","ast-hfb-below-header-display":"","ast-hfb-mobile-header-display":"","site-post-title":"","ast-breadcrumbs-content":"","ast-featured-img":"","footer-sml-layout":"","ast-disable-related-posts":"","theme-transparent-header-meta":"","adv-header-id-meta":"","stick-header-meta":"","header-above-stick-meta":"","header-main-stick-meta":"","header-below-stick-meta":"","astra-migrate-meta-layouts":"default","ast-page-background-enabled":"default","ast-page-background-meta":{"desktop":{"background-color":"var(--ast-global-color-4)","background-image":"","background-repeat":"repeat","background-position":"center center","background-size":"auto","background-attachment":"scroll","background-type":"","background-media":"","overlay-type":"","overlay-color":"","overlay-opacity":"","overlay-gradient":""},"tablet":{"background-color":"","background-image":"","background-repeat":"repeat","background-position":"center center","background-size":"auto","background-attachment":"scroll","background-type":"","background-media":"","overlay-type":"","overlay-color":"","overlay-opacity":"","overlay-gradient":""},"mobile":{"background-color":"","background-image":"","background-repeat":"repeat","background-position":"center center","background-size":"auto","background-attachment":"scroll","background-type":"","background-media":"","overlay-type":"","overlay-color":"","overlay-opacity":"","overlay-gradient":""}},"ast-content-background-meta":{"desktop":{"background-color":"var(--ast-global-color-5)","background-image":"","background-repeat":"repeat","background-position":"center center","background-size":"auto","background-attachment":"scroll","background-type":"","background-media":"","overlay-type":"","overlay-color":"","overlay-opacity":"","overlay-gradient":""},"tablet":{"background-color":"var(--ast-global-color-5)","background-image":"","background-repeat":"repeat","background-position":"center center","background-size":"auto","background-attachment":"scroll","background-type":"","background-media":"","overlay-type":"","overlay-color":"","overlay-opacity":"","overlay-gradient":""},"mobile":{"background-color":"var(--ast-global-color-5)","background-image":"","background-repeat":"repeat","background-position":"center center","background-size":"auto","background-attachment":"scroll","background-type":"","background-media":"","overlay-type":"","overlay-color":"","overlay-opacity":"","overlay-gradient":""}},"_themeisle_gutenberg_block_has_review":false,"footnotes":""},"class_list":["post-2725","page","type-page","status-publish","hentry"],"yoast_head":"<!-- This site is optimized with the Yoast SEO plugin v27.5 - https:\/\/yoast.com\/product\/yoast-seo-wordpress\/ -->\n<title>Pol\u00edtica de Cookies - Synergy.<\/title>\n<meta name=\"robots\" content=\"index, follow, max-snippet:-1, max-image-preview:large, max-video-preview:-1\" \/>\n<link rel=\"canonical\" href=\"https:\/\/synergy.com.es\/en\/cookie-policy\/\" \/>\n<meta property=\"og:locale\" content=\"en_GB\" \/>\n<meta property=\"og:type\" content=\"article\" \/>\n<meta property=\"og:title\" content=\"Pol\u00edtica de Cookies - Synergy.\" \/>\n<meta property=\"og:description\" content=\"POL\u00cdTICA DE COOKIES USO DE COOKIES Hutchison&nbsp;Logistics&nbsp;Synergy,&nbsp;S.A&nbsp;en&nbsp;su sitio&nbsp;https:\/\/synergy.com.es,&nbsp;por su propia cuenta, o la de terceros contratados para la prestaci\u00f3n de servicios de medici\u00f3n y an\u00e1lisis, utilizan cookies cuando un usuario navega por el sitio web. Las cookies son ficheros enviados al navegador por medio de un servidor web con la finalidad de registrar las actividades [&hellip;]\" \/>\n<meta property=\"og:url\" content=\"https:\/\/synergy.com.es\/en\/cookie-policy\/\" \/>\n<meta property=\"og:site_name\" content=\"Synergy.\" \/>\n<meta property=\"article:modified_time\" content=\"2026-02-24T14:42:27+00:00\" \/>\n<meta name=\"twitter:card\" content=\"summary_large_image\" \/>\n<meta name=\"twitter:label1\" content=\"Estimated reading time\" \/>\n\t<meta name=\"twitter:data1\" content=\"5 minutes\" \/>\n<script type=\"application\/ld+json\" class=\"yoast-schema-graph\">{\"@context\":\"https:\\\/\\\/schema.org\",\"@graph\":[{\"@type\":\"WebPage\",\"@id\":\"https:\\\/\\\/synergy.com.es\\\/politica-de-cookies\\\/\",\"url\":\"https:\\\/\\\/synergy.com.es\\\/politica-de-cookies\\\/\",\"name\":\"Pol\u00edtica de Cookies - Synergy.\",\"isPartOf\":{\"@id\":\"https:\\\/\\\/synergy.com.es\\\/#website\"},\"datePublished\":\"2022-03-04T09:31:52+00:00\",\"dateModified\":\"2026-02-24T14:42:27+00:00\",\"breadcrumb\":{\"@id\":\"https:\\\/\\\/synergy.com.es\\\/politica-de-cookies\\\/#breadcrumb\"},\"inLanguage\":\"en-GB\",\"potentialAction\":[{\"@type\":\"ReadAction\",\"target\":[\"https:\\\/\\\/synergy.com.es\\\/politica-de-cookies\\\/\"]}]},{\"@type\":\"BreadcrumbList\",\"@id\":\"https:\\\/\\\/synergy.com.es\\\/politica-de-cookies\\\/#breadcrumb\",\"itemListElement\":[{\"@type\":\"ListItem\",\"position\":1,\"name\":\"Portada\",\"item\":\"https:\\\/\\\/synergy.com.es\\\/\"},{\"@type\":\"ListItem\",\"position\":2,\"name\":\"Pol\u00edtica de Cookies\"}]},{\"@type\":\"WebSite\",\"@id\":\"https:\\\/\\\/synergy.com.es\\\/#website\",\"url\":\"https:\\\/\\\/synergy.com.es\\\/\",\"name\":\"Synergy.\",\"description\":\"\",\"publisher\":{\"@id\":\"https:\\\/\\\/synergy.com.es\\\/#organization\"},\"potentialAction\":[{\"@type\":\"SearchAction\",\"target\":{\"@type\":\"EntryPoint\",\"urlTemplate\":\"https:\\\/\\\/synergy.com.es\\\/?s={search_term_string}\"},\"query-input\":{\"@type\":\"PropertyValueSpecification\",\"valueRequired\":true,\"valueName\":\"search_term_string\"}}],\"inLanguage\":\"en-GB\"},{\"@type\":\"Organization\",\"@id\":\"https:\\\/\\\/synergy.com.es\\\/#organization\",\"name\":\"Synergy.\",\"url\":\"https:\\\/\\\/synergy.com.es\\\/\",\"logo\":{\"@type\":\"ImageObject\",\"inLanguage\":\"en-GB\",\"@id\":\"https:\\\/\\\/synergy.com.es\\\/#\\\/schema\\\/logo\\\/image\\\/\",\"url\":\"https:\\\/\\\/synergy.com.es\\\/wp-content\\\/uploads\\\/2023\\\/10\\\/logo.svg\",\"contentUrl\":\"https:\\\/\\\/synergy.com.es\\\/wp-content\\\/uploads\\\/2023\\\/10\\\/logo.svg\",\"width\":468,\"height\":207,\"caption\":\"Synergy.\"},\"image\":{\"@id\":\"https:\\\/\\\/synergy.com.es\\\/#\\\/schema\\\/logo\\\/image\\\/\"}}]}<\/script>\n<!-- \/ Yoast SEO plugin. -->","yoast_head_json":{"title":"Cookie Policy - Synergy.","robots":{"index":"index","follow":"follow","max-snippet":"max-snippet:-1","max-image-preview":"max-image-preview:large","max-video-preview":"max-video-preview:-1"},"canonical":"https:\/\/synergy.com.es\/en\/cookie-policy\/","og_locale":"en_GB","og_type":"article","og_title":"Pol\u00edtica de Cookies - Synergy.","og_description":"POL\u00cdTICA DE COOKIES USO DE COOKIES Hutchison&nbsp;Logistics&nbsp;Synergy,&nbsp;S.A&nbsp;en&nbsp;su sitio&nbsp;https:\/\/synergy.com.es,&nbsp;por su propia cuenta, o la de terceros contratados para la prestaci\u00f3n de servicios de medici\u00f3n y an\u00e1lisis, utilizan cookies cuando un usuario navega por el sitio web. Las cookies son ficheros enviados al navegador por medio de un servidor web con la finalidad de registrar las actividades [&hellip;]","og_url":"https:\/\/synergy.com.es\/en\/cookie-policy\/","og_site_name":"Synergy.","article_modified_time":"2026-02-24T14:42:27+00:00","twitter_card":"summary_large_image","twitter_misc":{"Estimated reading time":"5 minutes"},"schema":{"@context":"https:\/\/schema.org","@graph":[{"@type":"WebPage","@id":"https:\/\/synergy.com.es\/politica-de-cookies\/","url":"https:\/\/synergy.com.es\/politica-de-cookies\/","name":"Cookie Policy - Synergy.","isPartOf":{"@id":"https:\/\/synergy.com.es\/#website"},"datePublished":"2022-03-04T09:31:52+00:00","dateModified":"2026-02-24T14:42:27+00:00","breadcrumb":{"@id":"https:\/\/synergy.com.es\/politica-de-cookies\/#breadcrumb"},"inLanguage":"en-GB","potentialAction":[{"@type":"ReadAction","target":["https:\/\/synergy.com.es\/politica-de-cookies\/"]}]},{"@type":"BreadcrumbList","@id":"https:\/\/synergy.com.es\/politica-de-cookies\/#breadcrumb","itemListElement":[{"@type":"ListItem","position":1,"name":"Portada","item":"https:\/\/synergy.com.es\/"},{"@type":"ListItem","position":2,"name":"Pol\u00edtica de Cookies"}]},{"@type":"WebSite","@id":"https:\/\/synergy.com.es\/#website","url":"https:\/\/synergy.com.es\/","name":"Synergy.","description":"","publisher":{"@id":"https:\/\/synergy.com.es\/#organization"},"potentialAction":[{"@type":"SearchAction","target":{"@type":"EntryPoint","urlTemplate":"https:\/\/synergy.com.es\/?s={search_term_string}"},"query-input":{"@type":"PropertyValueSpecification","valueRequired":true,"valueName":"search_term_string"}}],"inLanguage":"en-GB"},{"@type":"Organization","@id":"https:\/\/synergy.com.es\/#organization","name":"Synergy.","url":"https:\/\/synergy.com.es\/","logo":{"@type":"ImageObject","inLanguage":"en-GB","@id":"https:\/\/synergy.com.es\/#\/schema\/logo\/image\/","url":"https:\/\/synergy.com.es\/wp-content\/uploads\/2023\/10\/logo.svg","contentUrl":"https:\/\/synergy.com.es\/wp-content\/uploads\/2023\/10\/logo.svg","width":468,"height":207,"caption":"Synergy."},"image":{"@id":"https:\/\/synergy.com.es\/#\/schema\/logo\/image\/"}}]}},"_links":{"self":[{"href":"https:\/\/synergy.com.es\/en\/wp-json\/wp\/v2\/pages\/2725","targetHints":{"allow":["GET"]}}],"collection":[{"href":"https:\/\/synergy.com.es\/en\/wp-json\/wp\/v2\/pages"}],"about":[{"href":"https:\/\/synergy.com.es\/en\/wp-json\/wp\/v2\/types\/page"}],"author":[{"embeddable":true,"href":"https:\/\/synergy.com.es\/en\/wp-json\/wp\/v2\/users\/1"}],"replies":[{"embeddable":true,"href":"https:\/\/synergy.com.es\/en\/wp-json\/wp\/v2\/comments?post=2725"}],"version-history":[{"count":26,"href":"https:\/\/synergy.com.es\/en\/wp-json\/wp\/v2\/pages\/2725\/revisions"}],"predecessor-version":[{"id":4736,"href":"https:\/\/synergy.com.es\/en\/wp-json\/wp\/v2\/pages\/2725\/revisions\/4736"}],"wp:attachment":[{"href":"https:\/\/synergy.com.es\/en\/wp-json\/wp\/v2\/media?parent=2725"}],"curies":[{"name":"wp","href":"https:\/\/api.w.org\/{rel}","templated":true}]}}