{"id":2713,"date":"2022-03-04T09:26:28","date_gmt":"2022-03-04T09:26:28","guid":{"rendered":"https:\/\/synergy.com.es\/?page_id=2713"},"modified":"2022-10-14T07:46:30","modified_gmt":"2022-10-14T07:46:30","slug":"avis-juridique","status":"publish","type":"page","link":"https:\/\/synergy.com.es\/fr\/aviso-legal\/","title":{"rendered":"Avis Juridique"},"content":{"rendered":"<div class=\"wp-block-columns container is-layout-flex wp-container-core-columns-is-layout-28f84493 wp-block-columns-is-layout-flex\">\n<div class=\"wp-block-column is-layout-flow wp-block-column-is-layout-flow\">\n<div style=\"height:100px\" aria-hidden=\"true\" class=\"wp-block-spacer\"><\/div>\n\n\n\n<p>Conform\u00e9ment \u00e0 la loi 34\/2002 de Services de la soci\u00e9t\u00e9 de communication et de commerce, en vigueur depuis le 11 juillet 2002, \u00e0 vous informer que ce site appartient \u00e0:<\/p>\n\n\n\n<p><strong><em>Hutchison Logistique de Synergy, de SA, ci-apr\u00e8s SYNERGY<\/em><\/strong><br><em>NIF:&nbsp;<\/em><strong><em>A-66482894 Avda Estany del Port. 91<\/em><\/strong><br><strong><em>08820 El Prat de Llobregat (BARCELONE)<\/em><br><em>ESPAGNE<\/em><\/strong><br><em>T\u00e9l\u00e9phone:&nbsp;<\/em><strong><em>0034 935 084 443<\/em><\/strong><br><em>Fax:&nbsp;<\/em><strong><em>0034 935 084 441<\/em><\/strong><br><em>E-mail:&nbsp; &nbsp;<\/em><strong><em>hello@synergy.com.es<\/em><\/strong><br><br><strong>D\u00e9tails juridiques:<\/strong>&nbsp;Cette soci\u00e9t\u00e9 est enregistr\u00e9e au registre du commerce de Barcelone, tome 4467804, Folio 126, Feuille 1.<\/p>\n\n\n\n<p><strong>Conditions d&#039;utilisation de ce site internet<\/strong><\/p>\n\n\n\n<p>L&#039;utilisation de ce site web est soumis aux r\u00e8gles qui sont \u00e9num\u00e9r\u00e9s ci-dessous. Veuillez les lire attentivement.<\/p>\n\n\n\n<p><strong>Titulaire de la page web<\/strong><\/p>\n\n\n\n<p>Le propri\u00e9taire de ce site web est la synergy. Vous pouvez nous contacter par courrier, t\u00e9l\u00e9phone, fax et e-mail. Vous trouverez les donn\u00e9es n\u00e9cessaires pour le faire dans la section \u201cContact\u201d.<\/p>\n\n\n\n<p><strong>Marque<\/strong><\/p>\n\n\n\n<p>Toutes les marques de commerce, logos et logos affich\u00e9s sur ce site sont la propri\u00e9t\u00e9 de synergy est interdit d&#039;utiliser, de les t\u00e9l\u00e9charger, de les copier, de distribuer, par tout moyen, sans l&#039;autorisation \u00e9crite de la synergy.<\/p>\n\n\n\n<p>Les textes, dessins, photographies, et autres \u00e9l\u00e9ments sonores et visuels contenus dans ce site sont, sauf mention contraire, la propri\u00e9t\u00e9 exclusive de la synergy.<\/p>\n\n\n\n<p><strong>De la propri\u00e9t\u00e9 intellectuelle<\/strong><\/p>\n\n\n\n<p>synergy ne donne aucun droit de reproduction, distribution, communication publique ou de la transformation, sur le site web, de sa conception ou de son contenu. Il est interdit \u00e0 toute utilisation du site qui n&#039;est pas en accord avec son but.<\/p>\n\n\n\n<p>L&#039;utilisation de ce site web n&#039;implique pas la cession des droits de reproduction, distribution, communication publique, transformation ou d&#039;un des \u00e9l\u00e9ments de la programmation.<\/p>\n\n\n\n<p>Toute violation des droits de propri\u00e9t\u00e9 industrielle ou intellectuelle d\u00e9tenus par une synergy sera l&#039;objet de poursuites devant les juridictions comp\u00e9tentes dans chaque cas.<\/p>\n\n\n\n<p><strong>Limitation de responsabilit\u00e9<\/strong><\/p>\n\n\n\n<p>Ce site contient du mat\u00e9riel pr\u00e9par\u00e9 par la synergy des fins d&#039;information seulement.<\/p>\n\n\n\n<p>La synergy n&#039;est pas responsable pour les actions entreprises sur la base d&#039;une information contenue sur ce site.<\/p>\n\n\n\n<p>La synergy n&#039;est pas responsable, dans les limites autoris\u00e9es par la Loi 34\/2002, de la l\u00e9galit\u00e9 du contenu des sites web appartenant \u00e0 des tiers li\u00e9s \u00e0 partir de cette page web.<\/p>\n\n\n\n<p><strong>Avis technique<\/strong><\/p>\n\n\n\n<p><strong>La Navigation, l&#039;acc\u00e8s et la s\u00e9curit\u00e9<\/strong><\/p>\n\n\n\n<p>L&#039;acc\u00e8s et la navigation sur ce site implique l&#039;acceptation et de conna\u00eetre les mentions l\u00e9gales, les conditions et modalit\u00e9s d&#039;utilisation qui y est contenue. synergy fait tous les efforts pour s&#039;assurer que la navigation se d\u00e9roule dans les meilleures conditions et afin de pr\u00e9venir les dommages de toute nature qui pourraient survenir au cours de la m\u00eame.<\/p>\n\n\n\n<p>synergy n&#039;est pas responsable des dommages de toute nature qui pourraient \u00eatre caus\u00e9s \u00e0 l&#039;utilisateur par l&#039;utilisation d&#039;autres navigateurs ou les diff\u00e9rentes versions de navigateurs pour lesquels le site a \u00e9t\u00e9 con\u00e7u site web.<\/p>\n\n\n\n<p>L&#039;acc\u00e8s \u00e0 ce site est r\u00e9alis\u00e9 dans un environnement dangereux, de sorte que les informations transmises ne sont pas chiffr\u00e9es.<\/p>\n\n\n\n<p>La synergy n&#039;est pas responsable et ne garantit pas que l&#039;acc\u00e8s \u00e0 ce site sera ininterrompu ou exempt d&#039;erreur. Il n&#039;est ni responsable ni garantir que le contenu ou les logiciels qui peuvent \u00eatre accessibles par le biais de ce site web est exempt de toute erreur ou de causer des dommages. Dans tous les cas, une synergy sera responsable des pertes ou dommages de toute nature r\u00e9sultant de l&#039;acc\u00e8s et de l&#039;utilisation du site web, y compris, mais non limit\u00e9 \u00e0, les d\u00e9g\u00e2ts caus\u00e9s aux syst\u00e8mes informatiques ou de ceux caus\u00e9s par l&#039;introduction de virus.<\/p>\n\n\n\n<p>La synergy n&#039;est pas responsable des dommages qui pourraient \u00eatre caus\u00e9s \u00e0 l&#039;utilisateur en raison d&#039;une mauvaise utilisation de ce site web.<\/p>\n\n\n\n<p>Cette page web a \u00e9t\u00e9 con\u00e7u pour une utilisation dans tous les types de navigateurs. De m\u00eame, nous vous recommandons d&#039;utiliser les derni\u00e8res versions d&#039;Internet Explorer et Mozilla Firefox.<\/p>\n\n\n\n<p>La page web sera affich\u00e9 sur toutes les r\u00e9solutions d&#039;\u00e9cran, mais nous recommandons une r\u00e9solution minimum de 1024 x 768 pixels pour un confort de lecture des contenus.<\/p>\n\n\n\n<p>S&#039;il vous pla\u00eet, si vous d\u00e9tectez une erreur, nous en aviser par courriel \u00e0 r\u00e9soudre le probl\u00e8me avec aussi rapidement que possible: hello@synergy.com.es<\/p>\n\n\n\n<p><strong>Liens sur le site web<\/strong><\/p>\n\n\n\n<p>synergy n&#039;est pas responsable en aucune fa\u00e7on pour les contenus, activit\u00e9s commerciales, produits et services qui peuvent \u00eatre consult\u00e9s par le biais de liens \u00e9lectroniques (links), directement ou indirectement, par le biais du pr\u00e9sent site web, en particulier ceux qui peuvent correspondre \u00e0 un contenu de valeur ajout\u00e9e pour l&#039;utilisateur, tels que les loisirs, le divertissement, les curiosit\u00e9s, des astuces, etc., et ces sites web des marques parrain\u00e9 par synergy.<\/p>\n\n\n\n<p>La pr\u00e9sence de liens sur le site web de la synergy sauf avis contraire du contraire, a un but purement informatif et en aucun cas impliquer une suggestion, une invitation ou une recommandation sur eux. Ces liens ne repr\u00e9sentent aucun type de relation entre synergy et les personnes physiques ou les soci\u00e9t\u00e9s qui d\u00e9tiennent le site web qui peuvent \u00eatre accessibles par ces liens, ni entre les synergyS et les centres ou institutions parrain\u00e9es par la synergy ou avec lesquelles la soci\u00e9t\u00e9 collabore.<\/p>\n\n\n\n<p>La synergy se r\u00e9serve le droit de retirer unilat\u00e9ralement et \u00e0 tout moment les liens qui apparaissent sur votre site web.<\/p>\n\n\n\n<p><strong>Utilisation de cookies:<\/strong><\/p>\n\n\n\n<p>La synergy peut utiliser des cookies pour personnaliser et faciliter au maximum la navigation de l&#039;UTILISATEUR par le biais de son site web. Les cookies sont associ\u00e9s uniquement \u00e0 un UTILISATEUR anonyme et \u00e0 votre ordinateur et ne fournissent pas de r\u00e9f\u00e9rences qui permettent \u00e0 l&#039;UTILISATEUR de donn\u00e9es personnelles. L&#039;UTILISATEUR peut configurer son navigateur pour informer et de refuser l&#039;installation des cookies envoy\u00e9s par la synergy sans affecter la capacit\u00e9 de l&#039;UTILISATEUR \u00e0 acc\u00e9der au Contenu.<\/p>\n<\/div>\n<\/div>","protected":false},"excerpt":{"rendered":"<p>De acuerdo con la ley 34\/2002 de \u201cServicios de la sociedad de comunicaci\u00f3n y comercio\u201d en vigor desde el 11 de julio del 2002, comunicamos que esta p\u00e1gina web pertenece a: Hutchison Logistics Synergy, S.A., en adelante SYNERGYNIF:&nbsp;A-66482894 Avda Estany del Port n\u00ba 9108820 El Prat de Llobregat (BARCELONA)ESPA\u00d1ATel\u00e9fono:&nbsp;0034 935 084 443Fax:&nbsp;0034 935 084 441E-mail:&nbsp; [&hellip;]<\/p>\n","protected":false},"author":1,"featured_media":0,"parent":0,"menu_order":0,"comment_status":"closed","ping_status":"closed","template":"page-fullwidth-services.php","meta":{"site-sidebar-layout":"default","site-content-layout":"","ast-site-content-layout":"default","site-content-style":"default","site-sidebar-style":"default","ast-global-header-display":"","ast-banner-title-visibility":"","ast-main-header-display":"","ast-hfb-above-header-display":"","ast-hfb-below-header-display":"","ast-hfb-mobile-header-display":"","site-post-title":"","ast-breadcrumbs-content":"","ast-featured-img":"","footer-sml-layout":"","ast-disable-related-posts":"","theme-transparent-header-meta":"","adv-header-id-meta":"","stick-header-meta":"","header-above-stick-meta":"","header-main-stick-meta":"","header-below-stick-meta":"","astra-migrate-meta-layouts":"default","ast-page-background-enabled":"default","ast-page-background-meta":{"desktop":{"background-color":"var(--ast-global-color-4)","background-image":"","background-repeat":"repeat","background-position":"center center","background-size":"auto","background-attachment":"scroll","background-type":"","background-media":"","overlay-type":"","overlay-color":"","overlay-opacity":"","overlay-gradient":""},"tablet":{"background-color":"","background-image":"","background-repeat":"repeat","background-position":"center center","background-size":"auto","background-attachment":"scroll","background-type":"","background-media":"","overlay-type":"","overlay-color":"","overlay-opacity":"","overlay-gradient":""},"mobile":{"background-color":"","background-image":"","background-repeat":"repeat","background-position":"center center","background-size":"auto","background-attachment":"scroll","background-type":"","background-media":"","overlay-type":"","overlay-color":"","overlay-opacity":"","overlay-gradient":""}},"ast-content-background-meta":{"desktop":{"background-color":"var(--ast-global-color-5)","background-image":"","background-repeat":"repeat","background-position":"center center","background-size":"auto","background-attachment":"scroll","background-type":"","background-media":"","overlay-type":"","overlay-color":"","overlay-opacity":"","overlay-gradient":""},"tablet":{"background-color":"var(--ast-global-color-5)","background-image":"","background-repeat":"repeat","background-position":"center center","background-size":"auto","background-attachment":"scroll","background-type":"","background-media":"","overlay-type":"","overlay-color":"","overlay-opacity":"","overlay-gradient":""},"mobile":{"background-color":"var(--ast-global-color-5)","background-image":"","background-repeat":"repeat","background-position":"center center","background-size":"auto","background-attachment":"scroll","background-type":"","background-media":"","overlay-type":"","overlay-color":"","overlay-opacity":"","overlay-gradient":""}},"_themeisle_gutenberg_block_has_review":false,"footnotes":""},"class_list":["post-2713","page","type-page","status-publish","hentry"],"yoast_head":"<!-- This site is optimized with the Yoast SEO plugin v27.4 - https:\/\/yoast.com\/product\/yoast-seo-wordpress\/ -->\n<title>Aviso Legal - Synergy.<\/title>\n<meta name=\"robots\" content=\"index, follow, max-snippet:-1, max-image-preview:large, max-video-preview:-1\" \/>\n<link rel=\"canonical\" href=\"https:\/\/synergy.com.es\/fr\/avis-juridique\/\" \/>\n<meta property=\"og:locale\" content=\"fr_FR\" \/>\n<meta property=\"og:type\" content=\"article\" \/>\n<meta property=\"og:title\" content=\"Aviso Legal - Synergy.\" \/>\n<meta property=\"og:description\" content=\"De acuerdo con la ley 34\/2002 de \u201cServicios de la sociedad de comunicaci\u00f3n y comercio\u201d en vigor desde el 11 de julio del 2002, comunicamos que esta p\u00e1gina web pertenece a: Hutchison Logistics Synergy, S.A., en adelante SYNERGYNIF:&nbsp;A-66482894 Avda Estany del Port n\u00ba 9108820 El Prat de Llobregat (BARCELONA)ESPA\u00d1ATel\u00e9fono:&nbsp;0034 935 084 443Fax:&nbsp;0034 935 084 441E-mail:&nbsp; [&hellip;]\" \/>\n<meta property=\"og:url\" content=\"https:\/\/synergy.com.es\/fr\/avis-juridique\/\" \/>\n<meta property=\"og:site_name\" content=\"Synergy.\" \/>\n<meta property=\"article:modified_time\" content=\"2022-10-14T07:46:30+00:00\" \/>\n<meta name=\"twitter:card\" content=\"summary_large_image\" \/>\n<meta name=\"twitter:label1\" content=\"Dur\u00e9e de lecture estim\u00e9e\" \/>\n\t<meta name=\"twitter:data1\" content=\"5 minutes\" \/>\n<script type=\"application\/ld+json\" class=\"yoast-schema-graph\">{\"@context\":\"https:\\\/\\\/schema.org\",\"@graph\":[{\"@type\":\"WebPage\",\"@id\":\"https:\\\/\\\/synergy.com.es\\\/aviso-legal\\\/\",\"url\":\"https:\\\/\\\/synergy.com.es\\\/aviso-legal\\\/\",\"name\":\"Aviso Legal - Synergy.\",\"isPartOf\":{\"@id\":\"https:\\\/\\\/synergy.com.es\\\/#website\"},\"datePublished\":\"2022-03-04T09:26:28+00:00\",\"dateModified\":\"2022-10-14T07:46:30+00:00\",\"breadcrumb\":{\"@id\":\"https:\\\/\\\/synergy.com.es\\\/aviso-legal\\\/#breadcrumb\"},\"inLanguage\":\"fr-FR\",\"potentialAction\":[{\"@type\":\"ReadAction\",\"target\":[\"https:\\\/\\\/synergy.com.es\\\/aviso-legal\\\/\"]}]},{\"@type\":\"BreadcrumbList\",\"@id\":\"https:\\\/\\\/synergy.com.es\\\/aviso-legal\\\/#breadcrumb\",\"itemListElement\":[{\"@type\":\"ListItem\",\"position\":1,\"name\":\"Portada\",\"item\":\"https:\\\/\\\/synergy.com.es\\\/\"},{\"@type\":\"ListItem\",\"position\":2,\"name\":\"Aviso Legal\"}]},{\"@type\":\"WebSite\",\"@id\":\"https:\\\/\\\/synergy.com.es\\\/#website\",\"url\":\"https:\\\/\\\/synergy.com.es\\\/\",\"name\":\"Synergy.\",\"description\":\"\",\"publisher\":{\"@id\":\"https:\\\/\\\/synergy.com.es\\\/#organization\"},\"potentialAction\":[{\"@type\":\"SearchAction\",\"target\":{\"@type\":\"EntryPoint\",\"urlTemplate\":\"https:\\\/\\\/synergy.com.es\\\/?s={search_term_string}\"},\"query-input\":{\"@type\":\"PropertyValueSpecification\",\"valueRequired\":true,\"valueName\":\"search_term_string\"}}],\"inLanguage\":\"fr-FR\"},{\"@type\":\"Organization\",\"@id\":\"https:\\\/\\\/synergy.com.es\\\/#organization\",\"name\":\"Synergy.\",\"url\":\"https:\\\/\\\/synergy.com.es\\\/\",\"logo\":{\"@type\":\"ImageObject\",\"inLanguage\":\"fr-FR\",\"@id\":\"https:\\\/\\\/synergy.com.es\\\/#\\\/schema\\\/logo\\\/image\\\/\",\"url\":\"https:\\\/\\\/synergy.com.es\\\/wp-content\\\/uploads\\\/2023\\\/10\\\/logo.svg\",\"contentUrl\":\"https:\\\/\\\/synergy.com.es\\\/wp-content\\\/uploads\\\/2023\\\/10\\\/logo.svg\",\"width\":468,\"height\":207,\"caption\":\"Synergy.\"},\"image\":{\"@id\":\"https:\\\/\\\/synergy.com.es\\\/#\\\/schema\\\/logo\\\/image\\\/\"}}]}<\/script>\n<!-- \/ Yoast SEO plugin. -->","yoast_head_json":{"title":"Mentions l\u00e9gales - Synergy.","robots":{"index":"index","follow":"follow","max-snippet":"max-snippet:-1","max-image-preview":"max-image-preview:large","max-video-preview":"max-video-preview:-1"},"canonical":"https:\/\/synergy.com.es\/fr\/avis-juridique\/","og_locale":"fr_FR","og_type":"article","og_title":"Aviso Legal - Synergy.","og_description":"De acuerdo con la ley 34\/2002 de \u201cServicios de la sociedad de comunicaci\u00f3n y comercio\u201d en vigor desde el 11 de julio del 2002, comunicamos que esta p\u00e1gina web pertenece a: Hutchison Logistics Synergy, S.A., en adelante SYNERGYNIF:&nbsp;A-66482894 Avda Estany del Port n\u00ba 9108820 El Prat de Llobregat (BARCELONA)ESPA\u00d1ATel\u00e9fono:&nbsp;0034 935 084 443Fax:&nbsp;0034 935 084 441E-mail:&nbsp; [&hellip;]","og_url":"https:\/\/synergy.com.es\/fr\/avis-juridique\/","og_site_name":"Synergy.","article_modified_time":"2022-10-14T07:46:30+00:00","twitter_card":"summary_large_image","twitter_misc":{"Dur\u00e9e de lecture estim\u00e9e":"5 minutes"},"schema":{"@context":"https:\/\/schema.org","@graph":[{"@type":"WebPage","@id":"https:\/\/synergy.com.es\/aviso-legal\/","url":"https:\/\/synergy.com.es\/aviso-legal\/","name":"Mentions l\u00e9gales - Synergy.","isPartOf":{"@id":"https:\/\/synergy.com.es\/#website"},"datePublished":"2022-03-04T09:26:28+00:00","dateModified":"2022-10-14T07:46:30+00:00","breadcrumb":{"@id":"https:\/\/synergy.com.es\/aviso-legal\/#breadcrumb"},"inLanguage":"fr-FR","potentialAction":[{"@type":"ReadAction","target":["https:\/\/synergy.com.es\/aviso-legal\/"]}]},{"@type":"BreadcrumbList","@id":"https:\/\/synergy.com.es\/aviso-legal\/#breadcrumb","itemListElement":[{"@type":"ListItem","position":1,"name":"Portada","item":"https:\/\/synergy.com.es\/"},{"@type":"ListItem","position":2,"name":"Aviso Legal"}]},{"@type":"WebSite","@id":"https:\/\/synergy.com.es\/#website","url":"https:\/\/synergy.com.es\/","name":"Synergy.","description":"","publisher":{"@id":"https:\/\/synergy.com.es\/#organization"},"potentialAction":[{"@type":"SearchAction","target":{"@type":"EntryPoint","urlTemplate":"https:\/\/synergy.com.es\/?s={search_term_string}"},"query-input":{"@type":"PropertyValueSpecification","valueRequired":true,"valueName":"search_term_string"}}],"inLanguage":"fr-FR"},{"@type":"Organization","@id":"https:\/\/synergy.com.es\/#organization","name":"Synergy.","url":"https:\/\/synergy.com.es\/","logo":{"@type":"ImageObject","inLanguage":"fr-FR","@id":"https:\/\/synergy.com.es\/#\/schema\/logo\/image\/","url":"https:\/\/synergy.com.es\/wp-content\/uploads\/2023\/10\/logo.svg","contentUrl":"https:\/\/synergy.com.es\/wp-content\/uploads\/2023\/10\/logo.svg","width":468,"height":207,"caption":"Synergy."},"image":{"@id":"https:\/\/synergy.com.es\/#\/schema\/logo\/image\/"}}]}},"_links":{"self":[{"href":"https:\/\/synergy.com.es\/fr\/wp-json\/wp\/v2\/pages\/2713","targetHints":{"allow":["GET"]}}],"collection":[{"href":"https:\/\/synergy.com.es\/fr\/wp-json\/wp\/v2\/pages"}],"about":[{"href":"https:\/\/synergy.com.es\/fr\/wp-json\/wp\/v2\/types\/page"}],"author":[{"embeddable":true,"href":"https:\/\/synergy.com.es\/fr\/wp-json\/wp\/v2\/users\/1"}],"replies":[{"embeddable":true,"href":"https:\/\/synergy.com.es\/fr\/wp-json\/wp\/v2\/comments?post=2713"}],"version-history":[{"count":6,"href":"https:\/\/synergy.com.es\/fr\/wp-json\/wp\/v2\/pages\/2713\/revisions"}],"predecessor-version":[{"id":2995,"href":"https:\/\/synergy.com.es\/fr\/wp-json\/wp\/v2\/pages\/2713\/revisions\/2995"}],"wp:attachment":[{"href":"https:\/\/synergy.com.es\/fr\/wp-json\/wp\/v2\/media?parent=2713"}],"curies":[{"name":"wp","href":"https:\/\/api.w.org\/{rel}","templated":true}]}}