{"id":2720,"date":"2022-03-04T09:29:22","date_gmt":"2022-03-04T09:29:22","guid":{"rendered":"https:\/\/synergy.com.es\/?page_id=2720"},"modified":"2025-07-09T05:40:36","modified_gmt":"2025-07-09T05:40:36","slug":"politique-confidencialite","status":"publish","type":"page","link":"https:\/\/synergy.com.es\/fr\/politica-privacidad\/","title":{"rendered":"Politique de confidentialit\u00e9"},"content":{"rendered":"<div class=\"wp-block-columns container is-layout-flex wp-container-core-columns-is-layout-28f84493 wp-block-columns-is-layout-flex\">\n<div class=\"wp-block-column container is-layout-flow wp-block-column-is-layout-flow\">\n<div style=\"height:100px\" aria-hidden=\"true\" class=\"wp-block-spacer\"><\/div>\n\n\n\n<p>Hutchinson Logistics Synergy S.A., ci-apr\u00e8s SYNERGY, informe les utilisateurs du site web appartenant \u00e0 SYNERGY.com.es, de sa politique de protection des donn\u00e9es personnelles, afin que les utilisateurs puissent d\u00e9terminer librement et volontairement, s'ils souhaitent fournir \u00e0 SYNERGY les donn\u00e9es personnelles qui peuvent \u00eatre requises ou qui peuvent \u00eatre obtenues lors de la souscription ou de l'inscription \u00e0 certains des services offerts par SYNERGY.&nbsp;<\/p>\n\n\n\n<p>SYNERGY se r\u00e9serve le droit de modifier cette politique afin de l'adapter aux nouvelles l\u00e9gislations ou jurisprudences, ainsi qu'aux pratiques de l'industrie. Dans de tels cas, SYNERGY annoncera sur ce site les changements introduits raisonnablement avant leur mise en \u0153uvre.<\/p>\n\n\n\n<p>Toute modification aura une incidence sur les droits ou les devoirs du peuple de la possibilit\u00e9 des donn\u00e9es personnelles, seront convenablement inform\u00e9s.<\/p>\n\n\n\n<p>Dans ce portail, vous pouvez obtenir \u00e0 collecter des donn\u00e9es personnelles \u00e0 partir des diff\u00e9rents canaux de communication \u00e9tablis pour ce faire, en tout cas, ci-dessous est pass\u00e9 \u00e0 fournir des informations d\u00e9taill\u00e9es concernant les diff\u00e9rents traitements que vous pouvez obtenir pour \u00eatre r\u00e9alis\u00e9e.<\/p>\n\n\n\n<p><strong>Quel est l&#039;objectif de nous traitons vos donn\u00e9es personnelles?<\/strong><\/p>\n\n\n\n<ul class=\"wp-block-list\">\n<li>R\u00e9pondre aux suggestions formul\u00e9es par le biais du formulaire pr\u00e9vu \u00e0 cet effet sur le site<\/li>\n\n\n\n<li>Contact en r\u00e9ponse aux observations re\u00e7ues, l&#039;e-mail de contact, un tel effet est fournie dans le portail.<\/li>\n\n\n\n<li>Permettre \u00e0 l&#039;envoyer \u00e0 des clients via des communications \u00e9lectroniques que nous comprenons votre int\u00e9r\u00eat au sujet de synergy et de ses activit\u00e9s, en particulier de notre newsletter.<\/li>\n\n\n\n<li>Dans votre cas, vos donn\u00e9es seront trait\u00e9es pour g\u00e9rer la relation d&#039;affaires entre vous et\/ou votre entreprise avec synergy.<\/li>\n<\/ul>\n\n\n\n<p><strong>Qu&#039;est-ce que la l\u00e9gitimation de l&#039;intervention pour le traitement de vos donn\u00e9es?<\/strong><\/p>\n\n\n\n<ul class=\"wp-block-list\">\n<li>Pour la r\u00e9alisation de communications commerciales, si vous \u00eates un client. Int\u00e9r\u00eat l\u00e9gitime de synergy (Art 21.2 de la Loi 34\/2002).<\/li>\n\n\n\n<li>Pour la r\u00e9mission de notre bulletin d&#039;information, le consentement donn\u00e9 (Art. 21.1 de la Loi 34\/2002)<\/li>\n\n\n\n<li>Pour r\u00e9pondre correctement \u00e0 une demande soulev\u00e9e par votre main, ou l&#039;envoi d&#039;une demande de l&#039;emploi. Le consentement.<\/li>\n\n\n\n<li>Pour la gestion de la relation d&#039;affaires entre vous et votre entreprise. L&#039;ex\u00e9cution du contrat.<\/li>\n<\/ul>\n\n\n\n<p><strong>Combien de temps conservons-nous vos donn\u00e9es?<\/strong><\/p>\n\n\n\n<p>Les donn\u00e9es fournies seront trait\u00e9es aussi longtemps que la finalit\u00e9 associ\u00e9e au traitement de ces donn\u00e9es restera en vigueur. Par la suite, elles seront bloqu\u00e9es (r\u00e9serv\u00e9es avec des mesures de s\u00e9curit\u00e9 et un acc\u00e8s tr\u00e8s limit\u00e9) tant qu'il existe des obligations de conserver ces informations ou que ces informations peuvent devenir pertinentes pour \u00e9valuer les actions l\u00e9gales li\u00e9es \u00e0 la responsabilit\u00e9 de SYNERGY ou de tiers.<\/p>\n\n\n\n<p><strong>Ce que les b\u00e9n\u00e9ficiaires de communiquer vos donn\u00e9es?<\/strong><\/p>\n\n\n\n<p>Vos donn\u00e9es ne seront divulgu\u00e9es \u00e0 des tiers dans le cas o\u00f9 la communication susvis\u00e9, il est n\u00e9cessaire de r\u00e9pondre aux demandes formul\u00e9es par les espaces destin\u00e9s \u00e0 cet effet sur ce site web, ou pour la livraison, de la part de synergy, des services engag\u00e9s par vous ou votre entreprise.<\/p>\n\n\n\n<p>Concernant cette derni\u00e8re communication peut inclure des communications \u00e0 d&#039;autres soci\u00e9t\u00e9s du groupe Hutchinson impliqu\u00e9s dans la fourniture des prestations pr\u00e9vues au contrat ou l&#039;ex\u00e9cution par vous ou votre entreprise.<\/p>\n\n\n\n<p><strong>Quels sont vos droits lorsque vous nous fournissez vos donn\u00e9es?<\/strong><\/p>\n\n\n\n<p>Dans la mesure o\u00f9 la synergy traiter vos donn\u00e9es personnelles, vous avez le droit de demander:<\/p>\n\n\n\n<p>D&#039;acc\u00e8s.- La personne concern\u00e9e a le droit d&#039;obtenir du responsable du traitement de confirmation pour savoir si ils essaient ou non des donn\u00e9es le concernant, ainsi que des informations d\u00e9taill\u00e9es au sujet de certains aspects du traitement qui est effectu\u00e9.<\/p>\n\n\n\n<p>Rectification.- La personne concern\u00e9e a le droit d&#039;obtenir la rectification des donn\u00e9es inexactes personnelles le concernant ou pour compl\u00e9ter ceux qui ont \u00e9t\u00e9 incompl\u00e8tes.<\/p>\n\n\n\n<p>De suppression.- La personne concern\u00e9e a le droit de demander la suppression de vos donn\u00e9es personnelles, dans tous les cas, la suppression sera, sous r\u00e9serve des limites \u00e9tablies par la l\u00e9gislation.<\/p>\n\n\n\n<p>Limitation du traitement : la personne concern\u00e9e a le droit de demander la limitation du traitement de ses donn\u00e9es \u00e0 caract\u00e8re personnel.<\/p>\n\n\n\n<p>L&#039;Opposition au traitement.- Dans certaines circonstances et pour des raisons li\u00e9es \u00e0 votre situation particuli\u00e8re, les parties int\u00e9ress\u00e9es peuvent s&#039;opposer au traitement de leurs donn\u00e9es. synergy n&#039;auront plus \u00e0 traiter les donn\u00e9es, sauf pour des motifs l\u00e9gitimes, convaincante, l&#039;exercice ou la d\u00e9fense d&#039;\u00e9ventuelles r\u00e9clamations.<\/p>\n\n\n\n<p>Droit \u00e0 la portabilit\u00e9 de vos donn\u00e9es.- C&#039;est-\u00e0-dire que vous aurez le droit de recevoir des donn\u00e9es \u00e0 caract\u00e8re personnel qui sont pertinentes, que vous avez fournies \u00e0 un contr\u00f4leur, dans un format structur\u00e9, d&#039;un usage courant et de la m\u00e9canique de la lecture et de les transmettre \u00e0 un autre responsable du traitement.<\/p>\n\n\n\n<p>Les droits mentionn\u00e9s ci-dessus peuvent \u00eatre exerc\u00e9s par demande \u00e9crite et sign\u00e9e adress\u00e9e \u00e0: Hutchinson Logistique de l&#039;Espagne, de la SA du Port de Barcelone, Avda Estany del Port. 91, 08820 El Prat de Llobregat (Barcelone) ou par e-mail&nbsp;<a href=\"mailto:hello@synergy.com.es\">hello@synergy.com.es<\/a><\/p>\n\n\n\n<p><strong>Qu&#039;advient-il si vous ne fournissez pas les donn\u00e9es demand\u00e9es?<\/strong><\/p>\n\n\n\n<p>L&#039;identification de donn\u00e9es appartenant au client\/utilisateur, \u00e0 l&#039;\u00e9gard de son entreprise \/ professionnel, et d&#039;autres d\u00e9tails du contact, et d&#039;autres qui peuvent \u00eatre requis par la r\u00e9glementation applicable, il est obligatoire de d\u00e9clarer et le refus de l&#039;approvisionnement peut entra\u00eener l&#039;impossibilit\u00e9 d&#039;acc\u00e9der au service. Les autres donn\u00e9es demand\u00e9es sont b\u00e9n\u00e9voles, de sorte que le fait de ne pas fournir eux n&#039;emp\u00eachera pas la mise en place de la relation contractuelle.<\/p>\n\n\n\n<p><strong>La Supervision des autorit\u00e9s de contr\u00f4le.<\/strong><\/p>\n\n\n\n<p>Dans le cas o\u00f9 elles le jugent appropri\u00e9 peut exiger la protection de l&#039;Agence espagnole de Protection des Donn\u00e9es par la pr\u00e9sentation de la cr\u00e9ance correspondante.&nbsp;<a href=\"https:\/\/www.aepd.es\/\">https:\/\/www.aepd.es\/<\/a> . C\/ Jorge Juan pas. 6 28001 Madrid.<\/p>\n\n\n\n<p><strong>Des mesures de s\u00e9curit\u00e9.<\/strong><\/p>\n\n\n\n<p>La synergy a adopt\u00e9 les niveaux de s\u00e9curit\u00e9 de protection des donn\u00e9es personnelles l\u00e9galement requises et a install\u00e9 tous les moyens et mesures techniques \u00e0 sa disposition pour pr\u00e9venir la perte, la mauvaise utilisation, l&#039;alt\u00e9ration, l&#039;acc\u00e8s non autoris\u00e9 et le vol des donn\u00e9es personnelles fournies \u00e0 la synergy. Toutefois, l&#039;utilisateur doit \u00eatre conscient que les mesures de s\u00e9curit\u00e9 sur Internet ne sont pas inexpugnables.<\/p>\n<\/div>\n<\/div>","protected":false},"excerpt":{"rendered":"<p>Hutchinson Logistics Synergy S.A., en adelante SYNERGY informa a los usuarios de la p\u00e1gina web de su propiedad, SYNERGY.com.es, acerca de su pol\u00edtica de protecci\u00f3n de datos de car\u00e1cter personal, para que los usuarios determinen libre y voluntariamente, si desean facilitar a SYNERGY los datos personales que se les puedan requerir o que se puedan [&hellip;]<\/p>\n","protected":false},"author":1,"featured_media":0,"parent":0,"menu_order":0,"comment_status":"closed","ping_status":"closed","template":"page-fullwidth-services.php","meta":{"site-sidebar-layout":"default","site-content-layout":"","ast-site-content-layout":"default","site-content-style":"default","site-sidebar-style":"default","ast-global-header-display":"","ast-banner-title-visibility":"","ast-main-header-display":"","ast-hfb-above-header-display":"","ast-hfb-below-header-display":"","ast-hfb-mobile-header-display":"","site-post-title":"","ast-breadcrumbs-content":"","ast-featured-img":"","footer-sml-layout":"","ast-disable-related-posts":"","theme-transparent-header-meta":"","adv-header-id-meta":"","stick-header-meta":"","header-above-stick-meta":"","header-main-stick-meta":"","header-below-stick-meta":"","astra-migrate-meta-layouts":"default","ast-page-background-enabled":"default","ast-page-background-meta":{"desktop":{"background-color":"var(--ast-global-color-4)","background-image":"","background-repeat":"repeat","background-position":"center center","background-size":"auto","background-attachment":"scroll","background-type":"","background-media":"","overlay-type":"","overlay-color":"","overlay-opacity":"","overlay-gradient":""},"tablet":{"background-color":"","background-image":"","background-repeat":"repeat","background-position":"center center","background-size":"auto","background-attachment":"scroll","background-type":"","background-media":"","overlay-type":"","overlay-color":"","overlay-opacity":"","overlay-gradient":""},"mobile":{"background-color":"","background-image":"","background-repeat":"repeat","background-position":"center center","background-size":"auto","background-attachment":"scroll","background-type":"","background-media":"","overlay-type":"","overlay-color":"","overlay-opacity":"","overlay-gradient":""}},"ast-content-background-meta":{"desktop":{"background-color":"var(--ast-global-color-5)","background-image":"","background-repeat":"repeat","background-position":"center center","background-size":"auto","background-attachment":"scroll","background-type":"","background-media":"","overlay-type":"","overlay-color":"","overlay-opacity":"","overlay-gradient":""},"tablet":{"background-color":"var(--ast-global-color-5)","background-image":"","background-repeat":"repeat","background-position":"center center","background-size":"auto","background-attachment":"scroll","background-type":"","background-media":"","overlay-type":"","overlay-color":"","overlay-opacity":"","overlay-gradient":""},"mobile":{"background-color":"var(--ast-global-color-5)","background-image":"","background-repeat":"repeat","background-position":"center center","background-size":"auto","background-attachment":"scroll","background-type":"","background-media":"","overlay-type":"","overlay-color":"","overlay-opacity":"","overlay-gradient":""}},"_themeisle_gutenberg_block_has_review":false,"footnotes":""},"class_list":["post-2720","page","type-page","status-publish","hentry"],"yoast_head":"<!-- This site is optimized with the Yoast SEO plugin v27.4 - https:\/\/yoast.com\/product\/yoast-seo-wordpress\/ -->\n<title>Pol\u00edtica de Privacidad - Synergy.<\/title>\n<meta name=\"robots\" content=\"index, follow, max-snippet:-1, max-image-preview:large, max-video-preview:-1\" \/>\n<link rel=\"canonical\" href=\"https:\/\/synergy.com.es\/fr\/politique-confidencialite\/\" \/>\n<meta property=\"og:locale\" content=\"fr_FR\" \/>\n<meta property=\"og:type\" content=\"article\" \/>\n<meta property=\"og:title\" content=\"Pol\u00edtica de Privacidad - Synergy.\" \/>\n<meta property=\"og:description\" content=\"Hutchinson Logistics Synergy S.A., en adelante SYNERGY informa a los usuarios de la p\u00e1gina web de su propiedad, SYNERGY.com.es, acerca de su pol\u00edtica de protecci\u00f3n de datos de car\u00e1cter personal, para que los usuarios determinen libre y voluntariamente, si desean facilitar a SYNERGY los datos personales que se les puedan requerir o que se puedan [&hellip;]\" \/>\n<meta property=\"og:url\" content=\"https:\/\/synergy.com.es\/fr\/politique-confidencialite\/\" \/>\n<meta property=\"og:site_name\" content=\"Synergy.\" \/>\n<meta property=\"article:modified_time\" content=\"2025-07-09T05:40:36+00:00\" \/>\n<meta name=\"twitter:card\" content=\"summary_large_image\" \/>\n<meta name=\"twitter:label1\" content=\"Dur\u00e9e de lecture estim\u00e9e\" \/>\n\t<meta name=\"twitter:data1\" content=\"5 minutes\" \/>\n<script type=\"application\/ld+json\" class=\"yoast-schema-graph\">{\"@context\":\"https:\\\/\\\/schema.org\",\"@graph\":[{\"@type\":\"WebPage\",\"@id\":\"https:\\\/\\\/synergy.com.es\\\/politica-privacidad\\\/\",\"url\":\"https:\\\/\\\/synergy.com.es\\\/politica-privacidad\\\/\",\"name\":\"Pol\u00edtica de Privacidad - Synergy.\",\"isPartOf\":{\"@id\":\"https:\\\/\\\/synergy.com.es\\\/#website\"},\"datePublished\":\"2022-03-04T09:29:22+00:00\",\"dateModified\":\"2025-07-09T05:40:36+00:00\",\"breadcrumb\":{\"@id\":\"https:\\\/\\\/synergy.com.es\\\/politica-privacidad\\\/#breadcrumb\"},\"inLanguage\":\"fr-FR\",\"potentialAction\":[{\"@type\":\"ReadAction\",\"target\":[\"https:\\\/\\\/synergy.com.es\\\/politica-privacidad\\\/\"]}]},{\"@type\":\"BreadcrumbList\",\"@id\":\"https:\\\/\\\/synergy.com.es\\\/politica-privacidad\\\/#breadcrumb\",\"itemListElement\":[{\"@type\":\"ListItem\",\"position\":1,\"name\":\"Portada\",\"item\":\"https:\\\/\\\/synergy.com.es\\\/\"},{\"@type\":\"ListItem\",\"position\":2,\"name\":\"Pol\u00edtica de Privacidad\"}]},{\"@type\":\"WebSite\",\"@id\":\"https:\\\/\\\/synergy.com.es\\\/#website\",\"url\":\"https:\\\/\\\/synergy.com.es\\\/\",\"name\":\"Synergy.\",\"description\":\"\",\"publisher\":{\"@id\":\"https:\\\/\\\/synergy.com.es\\\/#organization\"},\"potentialAction\":[{\"@type\":\"SearchAction\",\"target\":{\"@type\":\"EntryPoint\",\"urlTemplate\":\"https:\\\/\\\/synergy.com.es\\\/?s={search_term_string}\"},\"query-input\":{\"@type\":\"PropertyValueSpecification\",\"valueRequired\":true,\"valueName\":\"search_term_string\"}}],\"inLanguage\":\"fr-FR\"},{\"@type\":\"Organization\",\"@id\":\"https:\\\/\\\/synergy.com.es\\\/#organization\",\"name\":\"Synergy.\",\"url\":\"https:\\\/\\\/synergy.com.es\\\/\",\"logo\":{\"@type\":\"ImageObject\",\"inLanguage\":\"fr-FR\",\"@id\":\"https:\\\/\\\/synergy.com.es\\\/#\\\/schema\\\/logo\\\/image\\\/\",\"url\":\"https:\\\/\\\/synergy.com.es\\\/wp-content\\\/uploads\\\/2023\\\/10\\\/logo.svg\",\"contentUrl\":\"https:\\\/\\\/synergy.com.es\\\/wp-content\\\/uploads\\\/2023\\\/10\\\/logo.svg\",\"width\":468,\"height\":207,\"caption\":\"Synergy.\"},\"image\":{\"@id\":\"https:\\\/\\\/synergy.com.es\\\/#\\\/schema\\\/logo\\\/image\\\/\"}}]}<\/script>\n<!-- \/ Yoast SEO plugin. -->","yoast_head_json":{"title":"Politique de confidentialit\u00e9 - Synergy.","robots":{"index":"index","follow":"follow","max-snippet":"max-snippet:-1","max-image-preview":"max-image-preview:large","max-video-preview":"max-video-preview:-1"},"canonical":"https:\/\/synergy.com.es\/fr\/politique-confidencialite\/","og_locale":"fr_FR","og_type":"article","og_title":"Pol\u00edtica de Privacidad - Synergy.","og_description":"Hutchinson Logistics Synergy S.A., en adelante SYNERGY informa a los usuarios de la p\u00e1gina web de su propiedad, SYNERGY.com.es, acerca de su pol\u00edtica de protecci\u00f3n de datos de car\u00e1cter personal, para que los usuarios determinen libre y voluntariamente, si desean facilitar a SYNERGY los datos personales que se les puedan requerir o que se puedan [&hellip;]","og_url":"https:\/\/synergy.com.es\/fr\/politique-confidencialite\/","og_site_name":"Synergy.","article_modified_time":"2025-07-09T05:40:36+00:00","twitter_card":"summary_large_image","twitter_misc":{"Dur\u00e9e de lecture estim\u00e9e":"5 minutes"},"schema":{"@context":"https:\/\/schema.org","@graph":[{"@type":"WebPage","@id":"https:\/\/synergy.com.es\/politica-privacidad\/","url":"https:\/\/synergy.com.es\/politica-privacidad\/","name":"Politique de confidentialit\u00e9 - Synergy.","isPartOf":{"@id":"https:\/\/synergy.com.es\/#website"},"datePublished":"2022-03-04T09:29:22+00:00","dateModified":"2025-07-09T05:40:36+00:00","breadcrumb":{"@id":"https:\/\/synergy.com.es\/politica-privacidad\/#breadcrumb"},"inLanguage":"fr-FR","potentialAction":[{"@type":"ReadAction","target":["https:\/\/synergy.com.es\/politica-privacidad\/"]}]},{"@type":"BreadcrumbList","@id":"https:\/\/synergy.com.es\/politica-privacidad\/#breadcrumb","itemListElement":[{"@type":"ListItem","position":1,"name":"Portada","item":"https:\/\/synergy.com.es\/"},{"@type":"ListItem","position":2,"name":"Pol\u00edtica de Privacidad"}]},{"@type":"WebSite","@id":"https:\/\/synergy.com.es\/#website","url":"https:\/\/synergy.com.es\/","name":"Synergy.","description":"","publisher":{"@id":"https:\/\/synergy.com.es\/#organization"},"potentialAction":[{"@type":"SearchAction","target":{"@type":"EntryPoint","urlTemplate":"https:\/\/synergy.com.es\/?s={search_term_string}"},"query-input":{"@type":"PropertyValueSpecification","valueRequired":true,"valueName":"search_term_string"}}],"inLanguage":"fr-FR"},{"@type":"Organization","@id":"https:\/\/synergy.com.es\/#organization","name":"Synergy.","url":"https:\/\/synergy.com.es\/","logo":{"@type":"ImageObject","inLanguage":"fr-FR","@id":"https:\/\/synergy.com.es\/#\/schema\/logo\/image\/","url":"https:\/\/synergy.com.es\/wp-content\/uploads\/2023\/10\/logo.svg","contentUrl":"https:\/\/synergy.com.es\/wp-content\/uploads\/2023\/10\/logo.svg","width":468,"height":207,"caption":"Synergy."},"image":{"@id":"https:\/\/synergy.com.es\/#\/schema\/logo\/image\/"}}]}},"_links":{"self":[{"href":"https:\/\/synergy.com.es\/fr\/wp-json\/wp\/v2\/pages\/2720","targetHints":{"allow":["GET"]}}],"collection":[{"href":"https:\/\/synergy.com.es\/fr\/wp-json\/wp\/v2\/pages"}],"about":[{"href":"https:\/\/synergy.com.es\/fr\/wp-json\/wp\/v2\/types\/page"}],"author":[{"embeddable":true,"href":"https:\/\/synergy.com.es\/fr\/wp-json\/wp\/v2\/users\/1"}],"replies":[{"embeddable":true,"href":"https:\/\/synergy.com.es\/fr\/wp-json\/wp\/v2\/comments?post=2720"}],"version-history":[{"count":4,"href":"https:\/\/synergy.com.es\/fr\/wp-json\/wp\/v2\/pages\/2720\/revisions"}],"predecessor-version":[{"id":4693,"href":"https:\/\/synergy.com.es\/fr\/wp-json\/wp\/v2\/pages\/2720\/revisions\/4693"}],"wp:attachment":[{"href":"https:\/\/synergy.com.es\/fr\/wp-json\/wp\/v2\/media?parent=2720"}],"curies":[{"name":"wp","href":"https:\/\/api.w.org\/{rel}","templated":true}]}}