{"id":2725,"date":"2022-03-04T09:31:52","date_gmt":"2022-03-04T09:31:52","guid":{"rendered":"https:\/\/synergy.com.es\/?page_id=2725"},"modified":"2026-02-24T14:42:27","modified_gmt":"2026-02-24T14:42:27","slug":"politique-cookies","status":"publish","type":"page","link":"https:\/\/synergy.com.es\/fr\/politica-de-cookies\/","title":{"rendered":"Politique en mati\u00e8re de cookies"},"content":{"rendered":"<div class=\"wp-block-columns container is-layout-flex wp-container-core-columns-is-layout-28f84493 wp-block-columns-is-layout-flex\">\n<div class=\"wp-block-column container is-layout-flow wp-block-column-is-layout-flow\">\n<div style=\"height:100px\" aria-hidden=\"true\" class=\"wp-block-spacer\"><\/div>\n\n\n\n<p><strong>POLITIQUE EN MATI\u00c8RE DE COOKIES<\/strong><\/p>\n\n\n\n<p><strong><\/strong><strong>UTILISATION DE COOKIES<\/strong><\/p>\n\n\n\n<p>Hutchison Logistics Synergy, S.A sur votre site&nbsp;<a href=\"https:\/\/synergy.com.es\/fr\/\">https:\/\/synergy.com.es<\/a>Le site web, pour son propre compte ou celui de tiers engag\u00e9s pour fournir des services de mesure et d'analyse, utilise des cookies lorsqu'un utilisateur navigue sur le site web.<\/p>\n\n\n\n<p>Les Cookies sont des fichiers envoy\u00e9s \u00e0 un navigateur par un serveur web pour enregistrer les activit\u00e9s de l&#039;utilisateur lors de sa navigation.<\/p>\n\n\n\n<p>L'utilisation de cookies permet au serveur o\u00f9 se trouve le site web de reconna\u00eetre le navigateur web utilis\u00e9 par l'utilisateur afin de faciliter la navigation, en permettant, par exemple, l'acc\u00e8s aux utilisateurs pr\u00e9alablement enregistr\u00e9s, l'acc\u00e8s \u00e0 des zones ou \u00e0 des services qui leur sont exclusivement r\u00e9serv\u00e9s, sans qu'ils aient \u00e0 s'enregistrer \u00e0 chaque visite, la modification des param\u00e8tres linguistiques, etc. Outre cette finalit\u00e9 fonctionnelle, ils sont \u00e9galement utilis\u00e9s pour mesurer les param\u00e8tres d'audience et de trafic, contr\u00f4ler le d\u00e9roulement et le nombre d'entr\u00e9es sur le site web.<\/p>\n\n\n\n<p>Conform\u00e9ment \u00e0 la loi 34\/2002, du 11 juillet, sur les services de la soci\u00e9t\u00e9 de l'information et le commerce \u00e9lectronique (LSSI), en relation avec le r\u00e8glement (UE) 2016\/679 du Parlement europ\u00e9en et du Conseil, du 27 avril 2016, R\u00e8glement g\u00e9n\u00e9ral sur la protection des donn\u00e9es (RGPD) et la loi organique 3\/2018, du 5 d\u00e9cembre, sur la protection des donn\u00e9es et la garantie des droits num\u00e9riques (LOPDGDD), il est obligatoire d'obtenir le consentement expr\u00e8s de l'utilisateur de tous les sites Web qui utilisent des cookies dispensables, avant que l'utilisateur ne navigue sur ces derniers.<\/p>\n\n\n\n<p><strong><em>COOKIES&nbsp;<\/em><\/strong><strong>CONCERN\u00c9S PAR LE R\u00c8GLEMENT ET LES COOKIES EXEMPT\u00c9S<\/strong><\/p>\n\n\n\n<p>Selon la directive de l'UE, les&nbsp;<em>biscuits&nbsp;<\/em>qui requi\u00e8rent le consentement \u00e9clair\u00e9 de l'utilisateur sont les suivantes&nbsp;<em>biscuits&nbsp;<\/em>les cookies analytiques, publicitaires et d'affiliation, \u00e0 l'exception de ceux de nature technique et de ceux qui sont n\u00e9cessaires au fonctionnement du site ou \u00e0 la fourniture de services express\u00e9ment demand\u00e9s par l'utilisateur (raison pour laquelle il n'est pas obligatoire de fournir des informations d\u00e9taill\u00e9es \u00e0 leur sujet).<\/p>\n\n\n\n<p><strong>TYPES DE COOKIES<\/strong><strong>&nbsp;UTILIS\u00c9 SUR CE SITE WEB<\/strong><\/p>\n\n\n\n<p>En fonction de l'objectif :<\/p>\n\n\n\n<p><strong>\u2022&nbsp;<\/strong><strong><em>Cookies&nbsp;<\/em><\/strong><strong>techniques<\/strong>sont ceux qui permettent \u00e0 l'utilisateur de naviguer sur un site web, une plateforme ou une application et d'utiliser les diff\u00e9rentes options ou services qui y sont propos\u00e9s.<em>.<\/em><\/p>\n\n\n\n<p><strong>\u2022&nbsp;<\/strong><strong><em>Cookies&nbsp;<\/em><\/strong><strong>l'analyse<\/strong>Il s'agit de ceux qui, trait\u00e9s par le propri\u00e9taire du site ou par des tiers, nous permettent de quantifier le nombre d'utilisateurs et de proc\u00e9der ainsi \u00e0 la mesure et \u00e0 l'analyse statistique de l'utilisation faite par les utilisateurs du service offert. Pour ce faire, votre navigation sur le site est analys\u00e9e afin d'am\u00e9liorer la gamme de produits ou de services que nous proposons.<\/p>\n\n\n\n<p><strong>\u2022&nbsp;<\/strong><strong><em>Cookies&nbsp;<\/em><\/strong><strong>publicit\u00e9<\/strong><strong>&nbsp;ou la publicit\u00e9 comportementale<\/strong><strong>:&nbsp;<\/strong>sont ceux qui stockent des informations sur le comportement des utilisateurs, obtenues gr\u00e2ce \u00e0 l'observation continue de leurs habitudes de navigation, ce qui permet de d\u00e9velopper un profil sp\u00e9cifique afin d'afficher de la publicit\u00e9 bas\u00e9e sur ce profil.<\/p>\n\n\n\n<p><strong>\u2022&nbsp;<\/strong><strong><em>Cookies<\/em><\/strong><strong>&nbsp;la pr\u00e9f\u00e9rence ou la personnalisation :<\/strong>&nbsp;sont ceux qui permettent de m\u00e9moriser des informations afin que l'utilisateur puisse acc\u00e9der au service avec certaines caract\u00e9ristiques qui peuvent diff\u00e9rencier son exp\u00e9rience de celle des autres utilisateurs.<\/p>\n\n\n\n<p>En fonction de l'entit\u00e9 qui les g\u00e8re :<\/p>\n\n\n\n<p><strong>\u2022&nbsp;<\/strong><strong><em>Cookies de tiers :&nbsp;<\/em><\/strong>les cookies sont ceux qui sont envoy\u00e9s \u00e0 l'\u00e9quipement terminal de l'utilisateur \u00e0 partir d'un ordinateur ou d'un domaine qui n'est pas g\u00e9r\u00e9 par l'\u00e9diteur, mais par une autre entit\u00e9 qui traite les donn\u00e9es obtenues par le biais des cookies.<\/p>\n\n\n\n<p><strong>\u2022&nbsp;<\/strong><strong><em>Ses propres biscuits<\/em><\/strong><strong><em>:&nbsp;<\/em><\/strong><em>le reste de la&nbsp;<\/em><em>biscuits<\/em><\/p>\n\n\n\n<p>En fonction de la dur\u00e9e de conservation :&nbsp;<\/p>\n\n\n\n<p><strong>\u2022&nbsp;<\/strong><strong><em>Cookies<\/em><\/strong><strong>&nbsp;de la session<\/strong>cookies : les cookies sont con\u00e7us pour collecter et stocker des donn\u00e9es pendant que l'utilisateur acc\u00e8de \u00e0 un site web. Ils sont g\u00e9n\u00e9ralement utilis\u00e9s pour stocker des informations qui ne doivent \u00eatre conserv\u00e9es que pour la fourniture du service demand\u00e9 par l'utilisateur \u00e0 une seule occasion (par exemple, une liste de produits achet\u00e9s) et disparaissent \u00e0 la fin de la session.&nbsp;<\/p>\n\n\n\n<p><strong><em>Cookies<\/em>&nbsp;persistant<\/strong>les cookies : il s'agit de donn\u00e9es qui restent stock\u00e9es dans le terminal et qui peuvent \u00eatre consult\u00e9es et trait\u00e9es pendant une p\u00e9riode d\u00e9finie par le responsable du cookie, qui peut aller de quelques minutes \u00e0 plusieurs ann\u00e9es.<\/p>\n\n\n\n<p><strong>TRAITEMENT DES DONN\u00c9ES \u00c0 CARACT\u00c8RE PERSONNEL<\/strong><\/p>\n\n\n\n<p>Hutchison Logistics Synergy, S.A. est la&nbsp;<strong>Responsable du traitement des donn\u00e9es<\/strong>&nbsp;des donn\u00e9es \u00e0 caract\u00e8re personnel de la personne concern\u00e9e et l'informe que ces donn\u00e9es seront trait\u00e9es conform\u00e9ment aux dispositions du r\u00e8glement (UE) 2016\/679 du 27 avril 2016 (GDPR) et que, par cons\u00e9quent, les informations de traitement suivantes lui sont fournies :<\/p>\n\n\n\n<p><strong>Objectifs du traitement<\/strong>comme sp\u00e9cifi\u00e9 dans la section sur les cookies utilis\u00e9s sur ce site web.<\/p>\n\n\n\n<p><strong>L\u00e9gitimation du traitement :<\/strong>&nbsp;sauf dans les cas o\u00f9 cela est n\u00e9cessaire pour naviguer sur le site web, avec le consentement de la personne concern\u00e9e (article 6, paragraphe 1, point a), du RGPD).<\/p>\n\n\n\n<p><strong>Crit\u00e8res de conservation des donn\u00e9es :&nbsp;<\/strong>comme sp\u00e9cifi\u00e9 dans la section sur les cookies utilis\u00e9s sur le site web.<\/p>\n\n\n\n<p><strong>Communication de donn\u00e9es<\/strong>Nous ne divulguerons pas vos donn\u00e9es \u00e0 des tiers, sauf dans le cas de cookies d\u00e9tenus par des tiers ou en vertu de la loi.<\/p>\n\n\n\n<p><strong>Droits de la partie int\u00e9ress\u00e9e :<\/strong><\/p>\n\n\n\n<p>- Droit de retirer son consentement \u00e0 tout moment.<\/p>\n\n\n\n<p>- Le droit d'acc\u00e8s, de rectification, de portabilit\u00e9 et d'effacement de vos donn\u00e9es, ainsi que le droit de limiter leur traitement ou de s'y opposer.<\/p>\n\n\n\n<p>- Le droit d'introduire une r\u00e9clamation aupr\u00e8s de l'autorit\u00e9 de contr\u00f4le (www.aepd.es) si vous estimez que le traitement n'est pas conforme \u00e0 la r\u00e9glementation en vigueur.<\/p>\n\n\n\n<p>Pour plus d'informations sur le traitement de vos donn\u00e9es personnelles qui ne font pas sp\u00e9cifiquement r\u00e9f\u00e9rence aux cookies, vous pouvez consulter notre site web.&nbsp;<a href=\"https:\/\/synergy.com.es\/fr\/politique-confidencialite\/\">Politique de confidentialit\u00e9<\/a>.<\/p>\n\n\n\n<p><strong>Coordonn\u00e9es pour l'exercice de vos droits :<\/strong><\/p>\n\n\n\n<p><strong><br><\/strong>Hutchison Logistics Synergy, S.A Port of Barcelona, Avda Estany del Port no. 91, 08820 El Prat de Llobregat (Barcelona). Courriel : hello@synergy.com.es. T\u00e9l\u00e9phone : (34) 93 508 4443<\/p>\n\n\n\n<p><strong>COOKIES UTILIS\u00c9S PAR CE SITE WEB<\/strong><\/p>\n\n\n\n<figure class=\"wp-block-table\"><table class=\"has-fixed-layout\"><tbody><tr><td><strong>Objectif<\/strong><\/td><td><strong>Il s'agit d'un tiers<\/strong><\/td><td><strong>P\u00e9riode de conservation<\/strong><\/td><\/tr><tr><td>Analyses<\/td><td>Oui (Google)<\/td><td>1 an 1 mois et 4 jours<\/td><\/tr><tr><td>Pr\u00e9f\u00e9rence ou personnalisation<\/td><td>Non<\/td><td>En session<\/td><\/tr><tr><td>Publicit\u00e9 comportementale<\/td><td>Oui (Google)<\/td><td>1 an 1 mois et 4 jours<\/td><\/tr><tr><td>Technique<\/td><td>Non<\/td><td>En session<\/td><\/tr><\/tbody><\/table><\/figure>\n\n\n\n<p><strong>INFORMATIONS COMPL\u00c9MENTAIRES SUR LES COOKIES DE TIERS<\/strong><\/p>\n\n\n\n<figure class=\"wp-block-table\"><table class=\"has-fixed-layout\"><tbody><tr><td><strong>\u00c9diteur<\/strong><\/td><td><strong>Politique de confidentialit\u00e9<\/strong><\/td><\/tr><tr><td>Google Analytics<\/td><td>https:\/\/policies.google.com\/privacy?hl=es<\/td><\/tr><\/tbody><\/table><\/figure>\n\n\n\n<p><strong>COMMENT G\u00c9RER LES COOKIES \u00c0 PARTIR DE VOTRE NAVIGATEUR<\/strong><\/p>\n\n\n\n<p>Vous trouverez ci-dessous des liens vers des informations sur la mani\u00e8re dont vous pouvez d\u00e9finir vos pr\u00e9f\u00e9rences en mati\u00e8re de cookies dans les principaux navigateurs :<\/p>\n\n\n\n<figure class=\"wp-block-table\"><table class=\"has-fixed-layout\"><tbody><tr><td>Google Chrome<\/td><td><a href=\"https:\/\/support.google.com\/chrome\/answer\/95647?hl=es\">https:\/\/support.google.com\/chrome\/answer\/95647?hl=es<\/a><\/td><\/tr><tr><td>Mozilla Firefox<\/td><td><a href=\"http:\/\/support.mozilla.org\/es\/kb\/cookies-informacion-que-los-sitios-web-guardan-en-?redirectlocale=en-US&amp;redirectslug=Cookies\">http:\/\/support.mozilla.org\/es\/kb\/cookies-informacion-que-los-sitios-web-guardan-en-?redirectlocale=en-US&amp;redirectslug=Cookies<\/a><\/td><\/tr><tr><td>Internet Explorer<\/td><td><a href=\"http:\/\/support.microsoft.com\/kb\/196955\/es\">http:\/\/support.microsoft.com\/kb\/196955\/es<\/a><\/td><\/tr><tr><td>Safari<\/td><td><a href=\"http:\/\/support.apple.com\/kb\/ph5042\">http:\/\/support.apple.com\/kb\/ph5042<\/a><\/td><\/tr><tr><td>Safari IOS (iPhone, iPad)<\/td><td><a href=\"http:\/\/support.apple.com\/kb\/HT1677?viewlocale=es_ES&amp;locale=es_ES\">http:\/\/support.apple.com\/kb\/HT1677?viewlocale=es_ES&amp;locale=es_ES<\/a><\/td><\/tr><tr><td>Les Cookies Flash<\/td><td><a href=\"http:\/\/www.macromedia.com\/support\/documentation\/es\/flashplayer\/help\/settings_manager07.html\">http:\/\/www.macromedia.com\/support\/documentation\/es\/flashplayer\/help\/settings_manager07.html<\/a><\/td><\/tr><\/tbody><\/table><\/figure>\n\n\n\n<p>Vous pouvez \u00e9galement consulter les tutoriels vid\u00e9o publi\u00e9s par l'Agence espagnole de protection des donn\u00e9es.&nbsp;<\/p>\n\n\n\n<p>Donn\u00e9es :&nbsp;<a href=\"http:\/\/www.youtube.com\/user\/desdelaAEPD\">http:\/\/www.youtube.com\/user\/desdelaAEPD<\/a><\/p>\n\n\n\n<p>Enfin, si vous souhaitez modifier vos cookies, vous pouvez le faire ci-dessous :<\/p>\n\n\n\n<div id=\"cmplz-manage-consent-container-nojavascript\">Vous avez lu la politique en mati\u00e8re de cookies sans support javascript. Sur AMP, vous pouvez utiliser l'outil de gestion du consentement en bas de page.<\/div><div id=\"cmplz-manage-consent-container\" name=\"cmplz-manage-consent-container\" class=\"cmplz-manage-consent-container\"><\/div>\n<\/div>\n<\/div>","protected":false},"excerpt":{"rendered":"<p>POL\u00cdTICA DE COOKIES USO DE COOKIES Hutchison&nbsp;Logistics&nbsp;Synergy,&nbsp;S.A&nbsp;en&nbsp;su sitio&nbsp;https:\/\/synergy.com.es,&nbsp;por su propia cuenta, o la de terceros contratados para la prestaci\u00f3n de servicios de medici\u00f3n y an\u00e1lisis, utilizan cookies cuando un usuario navega por el sitio web. Las cookies son ficheros enviados al navegador por medio de un servidor web con la finalidad de registrar las actividades [&hellip;]<\/p>\n","protected":false},"author":1,"featured_media":0,"parent":0,"menu_order":0,"comment_status":"closed","ping_status":"closed","template":"page-fullwidth-services.php","meta":{"site-sidebar-layout":"default","site-content-layout":"","ast-site-content-layout":"default","site-content-style":"default","site-sidebar-style":"default","ast-global-header-display":"","ast-banner-title-visibility":"","ast-main-header-display":"","ast-hfb-above-header-display":"","ast-hfb-below-header-display":"","ast-hfb-mobile-header-display":"","site-post-title":"","ast-breadcrumbs-content":"","ast-featured-img":"","footer-sml-layout":"","ast-disable-related-posts":"","theme-transparent-header-meta":"","adv-header-id-meta":"","stick-header-meta":"","header-above-stick-meta":"","header-main-stick-meta":"","header-below-stick-meta":"","astra-migrate-meta-layouts":"default","ast-page-background-enabled":"default","ast-page-background-meta":{"desktop":{"background-color":"var(--ast-global-color-4)","background-image":"","background-repeat":"repeat","background-position":"center center","background-size":"auto","background-attachment":"scroll","background-type":"","background-media":"","overlay-type":"","overlay-color":"","overlay-opacity":"","overlay-gradient":""},"tablet":{"background-color":"","background-image":"","background-repeat":"repeat","background-position":"center center","background-size":"auto","background-attachment":"scroll","background-type":"","background-media":"","overlay-type":"","overlay-color":"","overlay-opacity":"","overlay-gradient":""},"mobile":{"background-color":"","background-image":"","background-repeat":"repeat","background-position":"center center","background-size":"auto","background-attachment":"scroll","background-type":"","background-media":"","overlay-type":"","overlay-color":"","overlay-opacity":"","overlay-gradient":""}},"ast-content-background-meta":{"desktop":{"background-color":"var(--ast-global-color-5)","background-image":"","background-repeat":"repeat","background-position":"center center","background-size":"auto","background-attachment":"scroll","background-type":"","background-media":"","overlay-type":"","overlay-color":"","overlay-opacity":"","overlay-gradient":""},"tablet":{"background-color":"var(--ast-global-color-5)","background-image":"","background-repeat":"repeat","background-position":"center center","background-size":"auto","background-attachment":"scroll","background-type":"","background-media":"","overlay-type":"","overlay-color":"","overlay-opacity":"","overlay-gradient":""},"mobile":{"background-color":"var(--ast-global-color-5)","background-image":"","background-repeat":"repeat","background-position":"center center","background-size":"auto","background-attachment":"scroll","background-type":"","background-media":"","overlay-type":"","overlay-color":"","overlay-opacity":"","overlay-gradient":""}},"_themeisle_gutenberg_block_has_review":false,"footnotes":""},"class_list":["post-2725","page","type-page","status-publish","hentry"],"yoast_head":"<!-- This site is optimized with the Yoast SEO plugin v27.4 - https:\/\/yoast.com\/product\/yoast-seo-wordpress\/ -->\n<title>Pol\u00edtica de Cookies - Synergy.<\/title>\n<meta name=\"robots\" content=\"index, follow, max-snippet:-1, max-image-preview:large, max-video-preview:-1\" \/>\n<link rel=\"canonical\" href=\"https:\/\/synergy.com.es\/fr\/politique-cookies\/\" \/>\n<meta property=\"og:locale\" content=\"fr_FR\" \/>\n<meta property=\"og:type\" content=\"article\" \/>\n<meta property=\"og:title\" content=\"Pol\u00edtica de Cookies - Synergy.\" \/>\n<meta property=\"og:description\" content=\"POL\u00cdTICA DE COOKIES USO DE COOKIES Hutchison&nbsp;Logistics&nbsp;Synergy,&nbsp;S.A&nbsp;en&nbsp;su sitio&nbsp;https:\/\/synergy.com.es,&nbsp;por su propia cuenta, o la de terceros contratados para la prestaci\u00f3n de servicios de medici\u00f3n y an\u00e1lisis, utilizan cookies cuando un usuario navega por el sitio web. Las cookies son ficheros enviados al navegador por medio de un servidor web con la finalidad de registrar las actividades [&hellip;]\" \/>\n<meta property=\"og:url\" content=\"https:\/\/synergy.com.es\/fr\/politique-cookies\/\" \/>\n<meta property=\"og:site_name\" content=\"Synergy.\" \/>\n<meta property=\"article:modified_time\" content=\"2026-02-24T14:42:27+00:00\" \/>\n<meta name=\"twitter:card\" content=\"summary_large_image\" \/>\n<meta name=\"twitter:label1\" content=\"Dur\u00e9e de lecture estim\u00e9e\" \/>\n\t<meta name=\"twitter:data1\" content=\"5 minutes\" \/>\n<script type=\"application\/ld+json\" class=\"yoast-schema-graph\">{\"@context\":\"https:\\\/\\\/schema.org\",\"@graph\":[{\"@type\":\"WebPage\",\"@id\":\"https:\\\/\\\/synergy.com.es\\\/politica-de-cookies\\\/\",\"url\":\"https:\\\/\\\/synergy.com.es\\\/politica-de-cookies\\\/\",\"name\":\"Pol\u00edtica de Cookies - Synergy.\",\"isPartOf\":{\"@id\":\"https:\\\/\\\/synergy.com.es\\\/#website\"},\"datePublished\":\"2022-03-04T09:31:52+00:00\",\"dateModified\":\"2026-02-24T14:42:27+00:00\",\"breadcrumb\":{\"@id\":\"https:\\\/\\\/synergy.com.es\\\/politica-de-cookies\\\/#breadcrumb\"},\"inLanguage\":\"fr-FR\",\"potentialAction\":[{\"@type\":\"ReadAction\",\"target\":[\"https:\\\/\\\/synergy.com.es\\\/politica-de-cookies\\\/\"]}]},{\"@type\":\"BreadcrumbList\",\"@id\":\"https:\\\/\\\/synergy.com.es\\\/politica-de-cookies\\\/#breadcrumb\",\"itemListElement\":[{\"@type\":\"ListItem\",\"position\":1,\"name\":\"Portada\",\"item\":\"https:\\\/\\\/synergy.com.es\\\/\"},{\"@type\":\"ListItem\",\"position\":2,\"name\":\"Pol\u00edtica de Cookies\"}]},{\"@type\":\"WebSite\",\"@id\":\"https:\\\/\\\/synergy.com.es\\\/#website\",\"url\":\"https:\\\/\\\/synergy.com.es\\\/\",\"name\":\"Synergy.\",\"description\":\"\",\"publisher\":{\"@id\":\"https:\\\/\\\/synergy.com.es\\\/#organization\"},\"potentialAction\":[{\"@type\":\"SearchAction\",\"target\":{\"@type\":\"EntryPoint\",\"urlTemplate\":\"https:\\\/\\\/synergy.com.es\\\/?s={search_term_string}\"},\"query-input\":{\"@type\":\"PropertyValueSpecification\",\"valueRequired\":true,\"valueName\":\"search_term_string\"}}],\"inLanguage\":\"fr-FR\"},{\"@type\":\"Organization\",\"@id\":\"https:\\\/\\\/synergy.com.es\\\/#organization\",\"name\":\"Synergy.\",\"url\":\"https:\\\/\\\/synergy.com.es\\\/\",\"logo\":{\"@type\":\"ImageObject\",\"inLanguage\":\"fr-FR\",\"@id\":\"https:\\\/\\\/synergy.com.es\\\/#\\\/schema\\\/logo\\\/image\\\/\",\"url\":\"https:\\\/\\\/synergy.com.es\\\/wp-content\\\/uploads\\\/2023\\\/10\\\/logo.svg\",\"contentUrl\":\"https:\\\/\\\/synergy.com.es\\\/wp-content\\\/uploads\\\/2023\\\/10\\\/logo.svg\",\"width\":468,\"height\":207,\"caption\":\"Synergy.\"},\"image\":{\"@id\":\"https:\\\/\\\/synergy.com.es\\\/#\\\/schema\\\/logo\\\/image\\\/\"}}]}<\/script>\n<!-- \/ Yoast SEO plugin. -->","yoast_head_json":{"title":"Politique en mati\u00e8re de cookies - Synergy.","robots":{"index":"index","follow":"follow","max-snippet":"max-snippet:-1","max-image-preview":"max-image-preview:large","max-video-preview":"max-video-preview:-1"},"canonical":"https:\/\/synergy.com.es\/fr\/politique-cookies\/","og_locale":"fr_FR","og_type":"article","og_title":"Pol\u00edtica de Cookies - Synergy.","og_description":"POL\u00cdTICA DE COOKIES USO DE COOKIES Hutchison&nbsp;Logistics&nbsp;Synergy,&nbsp;S.A&nbsp;en&nbsp;su sitio&nbsp;https:\/\/synergy.com.es,&nbsp;por su propia cuenta, o la de terceros contratados para la prestaci\u00f3n de servicios de medici\u00f3n y an\u00e1lisis, utilizan cookies cuando un usuario navega por el sitio web. Las cookies son ficheros enviados al navegador por medio de un servidor web con la finalidad de registrar las actividades [&hellip;]","og_url":"https:\/\/synergy.com.es\/fr\/politique-cookies\/","og_site_name":"Synergy.","article_modified_time":"2026-02-24T14:42:27+00:00","twitter_card":"summary_large_image","twitter_misc":{"Dur\u00e9e de lecture estim\u00e9e":"5 minutes"},"schema":{"@context":"https:\/\/schema.org","@graph":[{"@type":"WebPage","@id":"https:\/\/synergy.com.es\/politica-de-cookies\/","url":"https:\/\/synergy.com.es\/politica-de-cookies\/","name":"Politique en mati\u00e8re de cookies - Synergy.","isPartOf":{"@id":"https:\/\/synergy.com.es\/#website"},"datePublished":"2022-03-04T09:31:52+00:00","dateModified":"2026-02-24T14:42:27+00:00","breadcrumb":{"@id":"https:\/\/synergy.com.es\/politica-de-cookies\/#breadcrumb"},"inLanguage":"fr-FR","potentialAction":[{"@type":"ReadAction","target":["https:\/\/synergy.com.es\/politica-de-cookies\/"]}]},{"@type":"BreadcrumbList","@id":"https:\/\/synergy.com.es\/politica-de-cookies\/#breadcrumb","itemListElement":[{"@type":"ListItem","position":1,"name":"Portada","item":"https:\/\/synergy.com.es\/"},{"@type":"ListItem","position":2,"name":"Pol\u00edtica de Cookies"}]},{"@type":"WebSite","@id":"https:\/\/synergy.com.es\/#website","url":"https:\/\/synergy.com.es\/","name":"Synergy.","description":"","publisher":{"@id":"https:\/\/synergy.com.es\/#organization"},"potentialAction":[{"@type":"SearchAction","target":{"@type":"EntryPoint","urlTemplate":"https:\/\/synergy.com.es\/?s={search_term_string}"},"query-input":{"@type":"PropertyValueSpecification","valueRequired":true,"valueName":"search_term_string"}}],"inLanguage":"fr-FR"},{"@type":"Organization","@id":"https:\/\/synergy.com.es\/#organization","name":"Synergy.","url":"https:\/\/synergy.com.es\/","logo":{"@type":"ImageObject","inLanguage":"fr-FR","@id":"https:\/\/synergy.com.es\/#\/schema\/logo\/image\/","url":"https:\/\/synergy.com.es\/wp-content\/uploads\/2023\/10\/logo.svg","contentUrl":"https:\/\/synergy.com.es\/wp-content\/uploads\/2023\/10\/logo.svg","width":468,"height":207,"caption":"Synergy."},"image":{"@id":"https:\/\/synergy.com.es\/#\/schema\/logo\/image\/"}}]}},"_links":{"self":[{"href":"https:\/\/synergy.com.es\/fr\/wp-json\/wp\/v2\/pages\/2725","targetHints":{"allow":["GET"]}}],"collection":[{"href":"https:\/\/synergy.com.es\/fr\/wp-json\/wp\/v2\/pages"}],"about":[{"href":"https:\/\/synergy.com.es\/fr\/wp-json\/wp\/v2\/types\/page"}],"author":[{"embeddable":true,"href":"https:\/\/synergy.com.es\/fr\/wp-json\/wp\/v2\/users\/1"}],"replies":[{"embeddable":true,"href":"https:\/\/synergy.com.es\/fr\/wp-json\/wp\/v2\/comments?post=2725"}],"version-history":[{"count":26,"href":"https:\/\/synergy.com.es\/fr\/wp-json\/wp\/v2\/pages\/2725\/revisions"}],"predecessor-version":[{"id":4736,"href":"https:\/\/synergy.com.es\/fr\/wp-json\/wp\/v2\/pages\/2725\/revisions\/4736"}],"wp:attachment":[{"href":"https:\/\/synergy.com.es\/fr\/wp-json\/wp\/v2\/media?parent=2725"}],"curies":[{"name":"wp","href":"https:\/\/api.w.org\/{rel}","templated":true}]}}