{"id":592,"date":"2021-08-03T09:15:15","date_gmt":"2021-08-03T09:15:15","guid":{"rendered":"https:\/\/synergy.com.es\/?page_id=592"},"modified":"2022-01-13T11:09:17","modified_gmt":"2022-01-13T11:09:17","slug":"stockage-de-crossdocking","status":"publish","type":"page","link":"https:\/\/synergy.com.es\/fr\/crossdocking-almacenaje\/","title":{"rendered":"Crossdocking et de l&#039;entreposage"},"content":{"rendered":"<div class=\"container\">\n<div class=\"row\">\n<div class=\"one fade-in-right col-md-6 d-flex flex-column justify-content-center align-items-start p-3\">\n<h1 class=\"title_section heading-border-bottom\">CROSSDOCKING ET ENTREPOSAGE<\/h1>\n<p class=\"card-text\">Nous effectuons le transfert de marchandises de camions conventionnels vers des conteneurs ou vice versa, en \u00e9tant en mesure de recevoir des marchandises depuis n'importe quel point de chargement, m\u00eame s'il n'y a pas de quai.<\/p>\n<div><a class=\"back\" href=\"#\"> <i class=\"ri-add-line\"><\/i><\/a><small>Plus d'informations<\/small><\/div>\n<\/div>\n<div class=\"two fade-in-left col-md-6 d-flex justify-content-center align-items-center p-5\"><img decoding=\"async\" class=\"round\" src=\"https:\/\/synergy.com.es\/wp-content\/uploads\/2021\/06\/almacenaje.jpg\" alt=\"bois\"><\/div>\n<\/div>\n<\/div>\n\n\n\n\n<div id=\"exito\">\n<div class=\"container\">\n<h2 class=\"title_section heading-border-bottom pt-5 text-white\">La r\u00e9ussite cas<\/h2>\n<\/div>\n\n<div class=\"grid container\">\n\t\t\t\t\t<figure class=\"effect-honey\">\n\t\t\t\t\t\t<img decoding=\"async\" src=\"https:\/\/synergy.com.es\/wp-content\/uploads\/2021\/06\/wood.jpg\" alt=\"img04\">\n\t\t\t\t\t\t<figcaption>\n\t\t\t\t\t\t\t<h2>Bois <br><span>synergy.<\/span><\/h2>\n\t\t\t\t\t\t\t<a href=\"\/fr\/bois\/\">Afficher plus<\/a>\n\t\t\t\t\t\t<\/figcaption>\t\t\t\n\t\t\t\t\t<\/figure>\n\t\t\t\t\t<figure class=\"effect-honey\">\n\t\t\t\t\t\t<img decoding=\"async\" src=\"https:\/\/synergy.com.es\/wp-content\/uploads\/2021\/06\/containers.jpg\" alt=\"img05\">\n\t\t\t\t\t\t<figcaption>\n\t\t\t\t\t\t\t<h2>Conteneur de r\u00e9paration <br><span>synergy.<\/span><\/h2>\n\t\t\t\t\t\t\t<a href=\"\/fr\/conteneur-reparation\/\">Afficher plus<\/a>\n\t\t\t\t\t\t<\/figcaption>\t\t\t\n\t\t\t\t\t<\/figure>\n\t\t\t\t\t<figure class=\"effect-honey\">\n\t\t\t\t\t\t<img decoding=\"async\" src=\"https:\/\/synergy.com.es\/wp-content\/uploads\/2021\/06\/wine.jpg\" alt=\"img06\">\n\t\t\t\t\t\t<figcaption>\n\t\t\t\t\t\t\t<h2>Secteur Du Vin <br><span>synergy.<\/span><\/h2>\n\t\t\t\t\t\t\t<a href=\"\/fr\/secteur-du-vin\/\">Afficher plus<\/a>\n\t\t\t\t\t\t<\/figcaption>\t\t\t\n\t\t\t\t\t<\/figure>\n\t\t\t\t\t<figure class=\"effect-honey\">\n\t\t\t\t\t\t<img decoding=\"async\" src=\"https:\/\/synergy.com.es\/wp-content\/uploads\/2021\/06\/almacenaje.jpg\" alt=\"img07\">\n\t\t\t\t\t\t<figcaption>\n\t\t\t\t\t\t\t<h2>Crossdocking et de l&#039;entreposage <br><span>synergy.<\/span><\/h2>\n\t\t\t\t\t\t\t<a href=\"\/fr\/stockage-de-crossdocking\/\">Afficher plus<\/a>\n\t\t\t\t\t\t<\/figcaption>\t\t\t\n\t\t\t\t\t<\/figure>\n\t\t\t\t<\/div>\n\n\n<\/div>","protected":false},"excerpt":{"rendered":"<p>CROSSDOCKING ET WAREHOUSING Nous effectuons le transfert de marchandises de camions conventionnels vers des conteneurs ou vice versa, en \u00e9tant en mesure de recevoir des marchandises de n'importe quel point de chargement, m\u00eame s'il ne dispose pas d'un quai. plus d'info<\/p>","protected":false},"author":1,"featured_media":0,"parent":0,"menu_order":0,"comment_status":"closed","ping_status":"closed","template":"page-fullwidth.php","meta":{"site-sidebar-layout":"default","site-content-layout":"","ast-site-content-layout":"default","site-content-style":"default","site-sidebar-style":"default","ast-global-header-display":"","ast-banner-title-visibility":"","ast-main-header-display":"","ast-hfb-above-header-display":"","ast-hfb-below-header-display":"","ast-hfb-mobile-header-display":"","site-post-title":"","ast-breadcrumbs-content":"","ast-featured-img":"","footer-sml-layout":"","ast-disable-related-posts":"","theme-transparent-header-meta":"","adv-header-id-meta":"","stick-header-meta":"","header-above-stick-meta":"","header-main-stick-meta":"","header-below-stick-meta":"","astra-migrate-meta-layouts":"default","ast-page-background-enabled":"default","ast-page-background-meta":{"desktop":{"background-color":"var(--ast-global-color-4)","background-image":"","background-repeat":"repeat","background-position":"center center","background-size":"auto","background-attachment":"scroll","background-type":"","background-media":"","overlay-type":"","overlay-color":"","overlay-opacity":"","overlay-gradient":""},"tablet":{"background-color":"","background-image":"","background-repeat":"repeat","background-position":"center center","background-size":"auto","background-attachment":"scroll","background-type":"","background-media":"","overlay-type":"","overlay-color":"","overlay-opacity":"","overlay-gradient":""},"mobile":{"background-color":"","background-image":"","background-repeat":"repeat","background-position":"center center","background-size":"auto","background-attachment":"scroll","background-type":"","background-media":"","overlay-type":"","overlay-color":"","overlay-opacity":"","overlay-gradient":""}},"ast-content-background-meta":{"desktop":{"background-color":"var(--ast-global-color-5)","background-image":"","background-repeat":"repeat","background-position":"center center","background-size":"auto","background-attachment":"scroll","background-type":"","background-media":"","overlay-type":"","overlay-color":"","overlay-opacity":"","overlay-gradient":""},"tablet":{"background-color":"var(--ast-global-color-5)","background-image":"","background-repeat":"repeat","background-position":"center center","background-size":"auto","background-attachment":"scroll","background-type":"","background-media":"","overlay-type":"","overlay-color":"","overlay-opacity":"","overlay-gradient":""},"mobile":{"background-color":"var(--ast-global-color-5)","background-image":"","background-repeat":"repeat","background-position":"center center","background-size":"auto","background-attachment":"scroll","background-type":"","background-media":"","overlay-type":"","overlay-color":"","overlay-opacity":"","overlay-gradient":""}},"_themeisle_gutenberg_block_has_review":false,"footnotes":""},"class_list":["post-592","page","type-page","status-publish","hentry"],"yoast_head":"<!-- This site is optimized with the Yoast SEO plugin v27.4 - https:\/\/yoast.com\/product\/yoast-seo-wordpress\/ -->\n<title>Crossdocking y almacenaje - Synergy.<\/title>\n<meta name=\"robots\" content=\"index, follow, max-snippet:-1, max-image-preview:large, max-video-preview:-1\" \/>\n<link rel=\"canonical\" href=\"https:\/\/synergy.com.es\/fr\/stockage-de-crossdocking\/\" \/>\n<meta property=\"og:locale\" content=\"fr_FR\" \/>\n<meta property=\"og:type\" content=\"article\" \/>\n<meta property=\"og:title\" content=\"Crossdocking y almacenaje - Synergy.\" \/>\n<meta property=\"og:description\" content=\"CROSSDOCKING Y ALMACENAJE Realizamos el trasvase de mercanc\u00eda de cami\u00f3n convencional a contenedor o viceversa, pudiendo recibir mercanc\u00eda de cualquier punto de carga, aunque \u00e9ste no disponga de muelle. m\u00e1s info\" \/>\n<meta property=\"og:url\" content=\"https:\/\/synergy.com.es\/fr\/stockage-de-crossdocking\/\" \/>\n<meta property=\"og:site_name\" content=\"Synergy.\" \/>\n<meta property=\"article:modified_time\" content=\"2022-01-13T11:09:17+00:00\" \/>\n<meta property=\"og:image\" content=\"https:\/\/synergy.com.es\/wp-content\/uploads\/2021\/06\/almacenaje.jpg\" \/>\n<meta name=\"twitter:card\" content=\"summary_large_image\" \/>\n<script type=\"application\/ld+json\" class=\"yoast-schema-graph\">{\"@context\":\"https:\\\/\\\/schema.org\",\"@graph\":[{\"@type\":\"WebPage\",\"@id\":\"https:\\\/\\\/synergy.com.es\\\/ca\\\/crossdocking-almacenaje\\\/\",\"url\":\"https:\\\/\\\/synergy.com.es\\\/ca\\\/crossdocking-almacenaje\\\/\",\"name\":\"Crossdocking y almacenaje - Synergy.\",\"isPartOf\":{\"@id\":\"https:\\\/\\\/synergy.com.es\\\/#website\"},\"primaryImageOfPage\":{\"@id\":\"https:\\\/\\\/synergy.com.es\\\/ca\\\/crossdocking-almacenaje\\\/#primaryimage\"},\"image\":{\"@id\":\"https:\\\/\\\/synergy.com.es\\\/ca\\\/crossdocking-almacenaje\\\/#primaryimage\"},\"thumbnailUrl\":\"https:\\\/\\\/synergy.com.es\\\/wp-content\\\/uploads\\\/2021\\\/06\\\/almacenaje.jpg\",\"datePublished\":\"2021-08-03T09:15:15+00:00\",\"dateModified\":\"2022-01-13T11:09:17+00:00\",\"breadcrumb\":{\"@id\":\"https:\\\/\\\/synergy.com.es\\\/ca\\\/crossdocking-almacenaje\\\/#breadcrumb\"},\"inLanguage\":\"fr-FR\",\"potentialAction\":[{\"@type\":\"ReadAction\",\"target\":[\"https:\\\/\\\/synergy.com.es\\\/ca\\\/crossdocking-almacenaje\\\/\"]}]},{\"@type\":\"ImageObject\",\"inLanguage\":\"fr-FR\",\"@id\":\"https:\\\/\\\/synergy.com.es\\\/ca\\\/crossdocking-almacenaje\\\/#primaryimage\",\"url\":\"https:\\\/\\\/synergy.com.es\\\/wp-content\\\/uploads\\\/2021\\\/06\\\/almacenaje.jpg\",\"contentUrl\":\"https:\\\/\\\/synergy.com.es\\\/wp-content\\\/uploads\\\/2021\\\/06\\\/almacenaje.jpg\"},{\"@type\":\"BreadcrumbList\",\"@id\":\"https:\\\/\\\/synergy.com.es\\\/ca\\\/crossdocking-almacenaje\\\/#breadcrumb\",\"itemListElement\":[{\"@type\":\"ListItem\",\"position\":1,\"name\":\"Portada\",\"item\":\"https:\\\/\\\/synergy.com.es\\\/\"},{\"@type\":\"ListItem\",\"position\":2,\"name\":\"Crossdocking y almacenaje\"}]},{\"@type\":\"WebSite\",\"@id\":\"https:\\\/\\\/synergy.com.es\\\/#website\",\"url\":\"https:\\\/\\\/synergy.com.es\\\/\",\"name\":\"Synergy.\",\"description\":\"\",\"publisher\":{\"@id\":\"https:\\\/\\\/synergy.com.es\\\/#organization\"},\"potentialAction\":[{\"@type\":\"SearchAction\",\"target\":{\"@type\":\"EntryPoint\",\"urlTemplate\":\"https:\\\/\\\/synergy.com.es\\\/?s={search_term_string}\"},\"query-input\":{\"@type\":\"PropertyValueSpecification\",\"valueRequired\":true,\"valueName\":\"search_term_string\"}}],\"inLanguage\":\"fr-FR\"},{\"@type\":\"Organization\",\"@id\":\"https:\\\/\\\/synergy.com.es\\\/#organization\",\"name\":\"Synergy.\",\"url\":\"https:\\\/\\\/synergy.com.es\\\/\",\"logo\":{\"@type\":\"ImageObject\",\"inLanguage\":\"fr-FR\",\"@id\":\"https:\\\/\\\/synergy.com.es\\\/#\\\/schema\\\/logo\\\/image\\\/\",\"url\":\"https:\\\/\\\/synergy.com.es\\\/wp-content\\\/uploads\\\/2023\\\/10\\\/logo.svg\",\"contentUrl\":\"https:\\\/\\\/synergy.com.es\\\/wp-content\\\/uploads\\\/2023\\\/10\\\/logo.svg\",\"width\":468,\"height\":207,\"caption\":\"Synergy.\"},\"image\":{\"@id\":\"https:\\\/\\\/synergy.com.es\\\/#\\\/schema\\\/logo\\\/image\\\/\"}}]}<\/script>\n<!-- \/ Yoast SEO plugin. -->","yoast_head_json":{"title":"Crossdocking et stockage - Synergy.","robots":{"index":"index","follow":"follow","max-snippet":"max-snippet:-1","max-image-preview":"max-image-preview:large","max-video-preview":"max-video-preview:-1"},"canonical":"https:\/\/synergy.com.es\/fr\/stockage-de-crossdocking\/","og_locale":"fr_FR","og_type":"article","og_title":"Crossdocking y almacenaje - Synergy.","og_description":"CROSSDOCKING Y ALMACENAJE Realizamos el trasvase de mercanc\u00eda de cami\u00f3n convencional a contenedor o viceversa, pudiendo recibir mercanc\u00eda de cualquier punto de carga, aunque \u00e9ste no disponga de muelle. m\u00e1s info","og_url":"https:\/\/synergy.com.es\/fr\/stockage-de-crossdocking\/","og_site_name":"Synergy.","article_modified_time":"2022-01-13T11:09:17+00:00","og_image":[{"url":"https:\/\/synergy.com.es\/wp-content\/uploads\/2021\/06\/almacenaje.jpg","type":"","width":"","height":""}],"twitter_card":"summary_large_image","schema":{"@context":"https:\/\/schema.org","@graph":[{"@type":"WebPage","@id":"https:\/\/synergy.com.es\/ca\/crossdocking-almacenaje\/","url":"https:\/\/synergy.com.es\/ca\/crossdocking-almacenaje\/","name":"Crossdocking et stockage - Synergy.","isPartOf":{"@id":"https:\/\/synergy.com.es\/#website"},"primaryImageOfPage":{"@id":"https:\/\/synergy.com.es\/ca\/crossdocking-almacenaje\/#primaryimage"},"image":{"@id":"https:\/\/synergy.com.es\/ca\/crossdocking-almacenaje\/#primaryimage"},"thumbnailUrl":"https:\/\/synergy.com.es\/wp-content\/uploads\/2021\/06\/almacenaje.jpg","datePublished":"2021-08-03T09:15:15+00:00","dateModified":"2022-01-13T11:09:17+00:00","breadcrumb":{"@id":"https:\/\/synergy.com.es\/ca\/crossdocking-almacenaje\/#breadcrumb"},"inLanguage":"fr-FR","potentialAction":[{"@type":"ReadAction","target":["https:\/\/synergy.com.es\/ca\/crossdocking-almacenaje\/"]}]},{"@type":"ImageObject","inLanguage":"fr-FR","@id":"https:\/\/synergy.com.es\/ca\/crossdocking-almacenaje\/#primaryimage","url":"https:\/\/synergy.com.es\/wp-content\/uploads\/2021\/06\/almacenaje.jpg","contentUrl":"https:\/\/synergy.com.es\/wp-content\/uploads\/2021\/06\/almacenaje.jpg"},{"@type":"BreadcrumbList","@id":"https:\/\/synergy.com.es\/ca\/crossdocking-almacenaje\/#breadcrumb","itemListElement":[{"@type":"ListItem","position":1,"name":"Portada","item":"https:\/\/synergy.com.es\/"},{"@type":"ListItem","position":2,"name":"Crossdocking y almacenaje"}]},{"@type":"WebSite","@id":"https:\/\/synergy.com.es\/#website","url":"https:\/\/synergy.com.es\/","name":"Synergy.","description":"","publisher":{"@id":"https:\/\/synergy.com.es\/#organization"},"potentialAction":[{"@type":"SearchAction","target":{"@type":"EntryPoint","urlTemplate":"https:\/\/synergy.com.es\/?s={search_term_string}"},"query-input":{"@type":"PropertyValueSpecification","valueRequired":true,"valueName":"search_term_string"}}],"inLanguage":"fr-FR"},{"@type":"Organization","@id":"https:\/\/synergy.com.es\/#organization","name":"Synergy.","url":"https:\/\/synergy.com.es\/","logo":{"@type":"ImageObject","inLanguage":"fr-FR","@id":"https:\/\/synergy.com.es\/#\/schema\/logo\/image\/","url":"https:\/\/synergy.com.es\/wp-content\/uploads\/2023\/10\/logo.svg","contentUrl":"https:\/\/synergy.com.es\/wp-content\/uploads\/2023\/10\/logo.svg","width":468,"height":207,"caption":"Synergy."},"image":{"@id":"https:\/\/synergy.com.es\/#\/schema\/logo\/image\/"}}]}},"_links":{"self":[{"href":"https:\/\/synergy.com.es\/fr\/wp-json\/wp\/v2\/pages\/592","targetHints":{"allow":["GET"]}}],"collection":[{"href":"https:\/\/synergy.com.es\/fr\/wp-json\/wp\/v2\/pages"}],"about":[{"href":"https:\/\/synergy.com.es\/fr\/wp-json\/wp\/v2\/types\/page"}],"author":[{"embeddable":true,"href":"https:\/\/synergy.com.es\/fr\/wp-json\/wp\/v2\/users\/1"}],"replies":[{"embeddable":true,"href":"https:\/\/synergy.com.es\/fr\/wp-json\/wp\/v2\/comments?post=592"}],"version-history":[{"count":0,"href":"https:\/\/synergy.com.es\/fr\/wp-json\/wp\/v2\/pages\/592\/revisions"}],"wp:attachment":[{"href":"https:\/\/synergy.com.es\/fr\/wp-json\/wp\/v2\/media?parent=592"}],"curies":[{"name":"wp","href":"https:\/\/api.w.org\/{rel}","templated":true}]}}